{"id":958,"date":"2017-06-20T15:43:54","date_gmt":"2017-06-20T13:43:54","guid":{"rendered":"https:\/\/www.maiteksrl.com\/assistenza\/"},"modified":"2026-03-30T10:46:05","modified_gmt":"2026-03-30T08:46:05","slug":"assistance","status":"publish","type":"page","link":"https:\/\/www.maiteksrl.com\/fr\/assistance\/","title":{"rendered":"Pi\u00e8ces de rechange et assistance"},"content":{"rendered":"<h2><strong>MAITEK<\/strong> offre assistance technique au d\u00e9pannage.<\/h2>\n<p>Service d\u2019assistance m\u00e9canique et \u00e9lectrique, service d\u2019entretien et r\u00e9vision. Possibilit\u00e9 de souscrire des contrats d\u2019assistance programm\u00e9e en Italie comme \u00e0 l\u2019\u00e9tranger.<\/p>\n<p>&nbsp;<\/p>\n<p><img loading=\"lazy\" decoding=\"async\" class=\"alignnone size-full wp-image-1047\" src=\"https:\/\/www.maiteksrl.com\/wp-content\/uploads\/2017\/07\/maitek-staff2-interni_-15.jpg\" alt=\"\" width=\"1650\" height=\"740\" srcset=\"https:\/\/www.maiteksrl.com\/wp-content\/uploads\/2017\/07\/maitek-staff2-interni_-15.jpg 1650w, https:\/\/www.maiteksrl.com\/wp-content\/uploads\/2017\/07\/maitek-staff2-interni_-15-300x135.jpg 300w, https:\/\/www.maiteksrl.com\/wp-content\/uploads\/2017\/07\/maitek-staff2-interni_-15-768x344.jpg 768w, https:\/\/www.maiteksrl.com\/wp-content\/uploads\/2017\/07\/maitek-staff2-interni_-15-1024x459.jpg 1024w\" sizes=\"auto, (max-width: 1650px) 100vw, 1650px\" \/><\/p>\n<p>&nbsp;<\/p>\n<p>Liste des pays o\u00f9 nous avons export\u00e9: Canada, Etats-Unis, le Mexique, la Russie, la Finlande, l&rsquo;Angleterre, la France, la Pologne, le Portugal, l&rsquo;Angola, le Mali, l&rsquo;Alg\u00e9rie, le Maroc, la Libye, la Tunisie, l&rsquo;Arabie saoudite, Emirats arabes unis, Oman, la Gr\u00e8ce, le Liban, Chypre, Malte, l&rsquo;Albanie, la Croatie, Chine, Suisse, R\u00e9publique tch\u00e8que, Ukraine, Mauritanie, Gabon, Isra\u00ebl, l&rsquo;Autriche, la Belgique , Allemagne, Espagne,Fran\u00e7ais Guyane, Repubblica Sudafricana e Congo.<\/p>\n<p>&nbsp;<\/p>\n<p>&nbsp;<\/p>\n<p><strong>Pour \u00a0toutes n\u00e9cessit\u00e9es, envoyez une mail \u00e0 <span style=\"color: #2bb8cb;\">\u00a0info@maiteksrl.com<\/span><\/strong><\/p>\n<p>&nbsp;<\/p>\n<p>&nbsp;<\/p>\n\n\t\t<style type=\"text\/css\">\n\t\t\t#gallery-1 {\n\t\t\t\tmargin: auto;\n\t\t\t}\n\t\t\t#gallery-1 .gallery-item {\n\t\t\t\tfloat: left;\n\t\t\t\tmargin-top: 10px;\n\t\t\t\ttext-align: center;\n\t\t\t\twidth: 33%;\n\t\t\t}\n\t\t\t#gallery-1 img {\n\t\t\t\tborder: 2px solid #cfcfcf;\n\t\t\t}\n\t\t\t#gallery-1 .gallery-caption {\n\t\t\t\tmargin-left: 0;\n\t\t\t}\n\t\t\t\/* see gallery_shortcode() in wp-includes\/media.php *\/\n\t\t<\/style>\n\t\t<div id='gallery-1' class='gallery galleryid-958 gallery-columns-3 gallery-size-medium'><dl class='gallery-item'>\n\t\t\t<dt class='gallery-icon landscape'>\n\t\t\t\t<a href='https:\/\/www.maiteksrl.com\/wp-content\/uploads\/2017\/06\/service.jpg' title=\"\" data-rl_title=\"\" class=\"rl-gallery-link\" data-rl_caption=\"\" data-rel=\"lightbox-gallery-1\"><img loading=\"lazy\" decoding=\"async\" width=\"300\" height=\"118\" src=\"https:\/\/www.maiteksrl.com\/wp-content\/uploads\/2017\/06\/service-300x118.jpg\" class=\"attachment-medium size-medium\" alt=\"\" srcset=\"https:\/\/www.maiteksrl.com\/wp-content\/uploads\/2017\/06\/service-300x118.jpg 300w, https:\/\/www.maiteksrl.com\/wp-content\/uploads\/2017\/06\/service-768x301.jpg 768w, https:\/\/www.maiteksrl.com\/wp-content\/uploads\/2017\/06\/service.jpg 981w\" sizes=\"auto, (max-width: 300px) 100vw, 300px\" \/><\/a>\n\t\t\t<\/dt><\/dl><dl class='gallery-item'>\n\t\t\t<dt class='gallery-icon landscape'>\n\t\t\t\t<a href='https:\/\/www.maiteksrl.com\/wp-content\/uploads\/2013\/10\/IMG_20180130_152200.jpg' title=\"\" data-rl_title=\"\" class=\"rl-gallery-link\" data-rl_caption=\"\" data-rel=\"lightbox-gallery-1\"><img loading=\"lazy\" decoding=\"async\" width=\"300\" height=\"225\" src=\"https:\/\/www.maiteksrl.com\/wp-content\/uploads\/2013\/10\/IMG_20180130_152200-300x225.jpg\" class=\"attachment-medium size-medium\" alt=\"\" srcset=\"https:\/\/www.maiteksrl.com\/wp-content\/uploads\/2013\/10\/IMG_20180130_152200-300x225.jpg 300w, https:\/\/www.maiteksrl.com\/wp-content\/uploads\/2013\/10\/IMG_20180130_152200-768x576.jpg 768w, https:\/\/www.maiteksrl.com\/wp-content\/uploads\/2013\/10\/IMG_20180130_152200-1024x768.jpg 1024w, https:\/\/www.maiteksrl.com\/wp-content\/uploads\/2013\/10\/IMG_20180130_152200.jpg 1600w\" sizes=\"auto, (max-width: 300px) 100vw, 300px\" \/><\/a>\n\t\t\t<\/dt><\/dl><dl class='gallery-item'>\n\t\t\t<dt class='gallery-icon landscape'>\n\t\t\t\t<a href='https:\/\/www.maiteksrl.com\/wp-content\/uploads\/2017\/06\/azienda_service_02.jpg' title=\"\" data-rl_title=\"\" class=\"rl-gallery-link\" data-rl_caption=\"\" data-rel=\"lightbox-gallery-1\"><img loading=\"lazy\" decoding=\"async\" width=\"300\" height=\"169\" src=\"https:\/\/www.maiteksrl.com\/wp-content\/uploads\/2017\/06\/azienda_service_02-300x169.jpg\" class=\"attachment-medium size-medium\" alt=\"\" srcset=\"https:\/\/www.maiteksrl.com\/wp-content\/uploads\/2017\/06\/azienda_service_02-300x169.jpg 300w, https:\/\/www.maiteksrl.com\/wp-content\/uploads\/2017\/06\/azienda_service_02-768x432.jpg 768w, https:\/\/www.maiteksrl.com\/wp-content\/uploads\/2017\/06\/azienda_service_02.jpg 800w\" sizes=\"auto, (max-width: 300px) 100vw, 300px\" \/><\/a>\n\t\t\t<\/dt><\/dl><br style=\"clear: both\" \/><dl class='gallery-item'>\n\t\t\t<dt class='gallery-icon landscape'>\n\t\t\t\t<a href='https:\/\/www.maiteksrl.com\/wp-content\/uploads\/2017\/06\/azienda_service_04.jpg' title=\"\" data-rl_title=\"\" class=\"rl-gallery-link\" data-rl_caption=\"\" data-rel=\"lightbox-gallery-1\"><img loading=\"lazy\" decoding=\"async\" width=\"300\" height=\"169\" src=\"https:\/\/www.maiteksrl.com\/wp-content\/uploads\/2017\/06\/azienda_service_04-300x169.jpg\" class=\"attachment-medium size-medium\" alt=\"\" srcset=\"https:\/\/www.maiteksrl.com\/wp-content\/uploads\/2017\/06\/azienda_service_04-300x169.jpg 300w, https:\/\/www.maiteksrl.com\/wp-content\/uploads\/2017\/06\/azienda_service_04-768x432.jpg 768w, https:\/\/www.maiteksrl.com\/wp-content\/uploads\/2017\/06\/azienda_service_04.jpg 800w\" sizes=\"auto, (max-width: 300px) 100vw, 300px\" \/><\/a>\n\t\t\t<\/dt><\/dl><dl class='gallery-item'>\n\t\t\t<dt class='gallery-icon landscape'>\n\t\t\t\t<a href='https:\/\/www.maiteksrl.com\/wp-content\/uploads\/2017\/06\/azienda_service_03.jpg' title=\"\" data-rl_title=\"\" class=\"rl-gallery-link\" data-rl_caption=\"\" data-rel=\"lightbox-gallery-1\"><img loading=\"lazy\" decoding=\"async\" width=\"300\" height=\"169\" src=\"https:\/\/www.maiteksrl.com\/wp-content\/uploads\/2017\/06\/azienda_service_03-300x169.jpg\" class=\"attachment-medium size-medium\" alt=\"\" srcset=\"https:\/\/www.maiteksrl.com\/wp-content\/uploads\/2017\/06\/azienda_service_03-300x169.jpg 300w, https:\/\/www.maiteksrl.com\/wp-content\/uploads\/2017\/06\/azienda_service_03-768x432.jpg 768w, https:\/\/www.maiteksrl.com\/wp-content\/uploads\/2017\/06\/azienda_service_03.jpg 800w\" sizes=\"auto, (max-width: 300px) 100vw, 300px\" \/><\/a>\n\t\t\t<\/dt><\/dl><dl class='gallery-item'>\n\t\t\t<dt class='gallery-icon landscape'>\n\t\t\t\t<a href='https:\/\/www.maiteksrl.com\/wp-content\/uploads\/2017\/06\/20131119_091233-custom.jpg' title=\"\" data-rl_title=\"\" class=\"rl-gallery-link\" data-rl_caption=\"\" data-rel=\"lightbox-gallery-1\"><img loading=\"lazy\" decoding=\"async\" width=\"300\" height=\"169\" src=\"https:\/\/www.maiteksrl.com\/wp-content\/uploads\/2017\/06\/20131119_091233-custom-300x169.jpg\" class=\"attachment-medium size-medium\" alt=\"\" srcset=\"https:\/\/www.maiteksrl.com\/wp-content\/uploads\/2017\/06\/20131119_091233-custom-300x169.jpg 300w, https:\/\/www.maiteksrl.com\/wp-content\/uploads\/2017\/06\/20131119_091233-custom.jpg 684w\" sizes=\"auto, (max-width: 300px) 100vw, 300px\" \/><\/a>\n\t\t\t<\/dt><\/dl><br style=\"clear: both\" \/>\n\t\t<\/div>\n\n","protected":false},"excerpt":{"rendered":"<p>MAITEK offre assistance technique au d\u00e9pannage. Service d\u2019assistance m\u00e9canique et \u00e9lectrique, service d\u2019entretien et r\u00e9vision. Possibilit\u00e9 de souscrire des contrats d\u2019assistance programm\u00e9e en Italie comme \u00e0 l\u2019\u00e9tranger. &nbsp; &nbsp; Liste [&hellip;]<\/p>\n","protected":false},"author":3,"featured_media":0,"parent":0,"menu_order":0,"comment_status":"closed","ping_status":"closed","template":"","meta":{"_acf_changed":false,"footnotes":""},"class_list":["post-958","page","type-page","status-publish","hentry"],"acf":[],"yoast_head":"<!-- This site is optimized with the Yoast SEO plugin v27.0 - https:\/\/yoast.com\/product\/yoast-seo-wordpress\/ -->\n<title>Maitek srl | Pi\u00e8ces de rechange et assistance - Secteur...<\/title>\n<meta name=\"description\" content=\"Maitek srl | MAITEK offre assistance technique au d\u00e9pannage. Service d\u2019assistance m\u00e9canique et \u00e9lectrique, service d\u2019entretien et r\u00e9vision....\" \/>\n<meta name=\"robots\" content=\"index, follow, max-snippet:-1, max-image-preview:large, max-video-preview:-1\" \/>\n<link rel=\"canonical\" href=\"https:\/\/www.maiteksrl.com\/fr\/assistance\/\" \/>\n<meta property=\"og:locale\" content=\"fr_FR\" \/>\n<meta property=\"og:type\" content=\"article\" \/>\n<meta property=\"og:title\" content=\"MAITEK Pi\u00e8ces de rechange et assistance\" \/>\n<meta property=\"og:description\" content=\"MAITEK offre assistance technique au d\u00e9pannage.Service d\u2019assistance m\u00e9canique et \u00e9lectrique, service d\u2019entretien et r\u00e9vision. Possibilit\u00e9 de souscrire des contrats d\u2019assistance programm\u00e9e en Italie comme \u00e0 l\u2019\u00e9tranger.\" \/>\n<meta property=\"og:url\" content=\"https:\/\/www.maiteksrl.com\/fr\/assistance\/\" \/>\n<meta property=\"og:site_name\" content=\"Maitek srl\" \/>\n<meta property=\"article:modified_time\" content=\"2026-03-30T08:46:05+00:00\" \/>\n<meta property=\"og:image\" content=\"https:\/\/www.maiteksrl.com\/wp-content\/uploads\/2017\/07\/maitek-staff2-interni_-15.jpg\" \/>\n\t<meta property=\"og:image:width\" content=\"1650\" \/>\n\t<meta property=\"og:image:height\" content=\"740\" \/>\n\t<meta property=\"og:image:type\" content=\"image\/jpeg\" \/>\n<meta name=\"twitter:card\" content=\"summary_large_image\" \/>\n<meta name=\"twitter:title\" content=\"MAITEK Pi\u00e8ces de rechange et assistance\" \/>\n<meta name=\"twitter:description\" content=\"MAITEK offre assistance technique au d\u00e9pannage.Service d\u2019assistance m\u00e9canique et \u00e9lectrique, service d\u2019entretien et r\u00e9vision. Possibilit\u00e9 de souscrire des contrats d\u2019assistance programm\u00e9e en Italie comme \u00e0 l\u2019\u00e9tranger.offre assistance technique au d\u00e9pannage.Service d\u2019assistance m\u00e9canique et \u00e9lectrique, service d\u2019entretien et r\u00e9vision. Possibilit\u00e9 de souscrire des contrats d\u2019assistance programm\u00e9e en Italie comme \u00e0 l\u2019\u00e9tranger.\" \/>\n<meta name=\"twitter:image\" content=\"https:\/\/www.maiteksrl.com\/wp-content\/uploads\/2017\/07\/maitek-staff2-interni_-15.jpg\" \/>\n<meta name=\"twitter:label1\" content=\"Dur\u00e9e de lecture estim\u00e9e\" \/>\n\t<meta name=\"twitter:data1\" content=\"1 minute\" \/>\n<script type=\"application\/ld+json\" class=\"yoast-schema-graph\">{\"@context\":\"https:\/\/schema.org\",\"@graph\":[{\"@type\":\"WebPage\",\"@id\":\"https:\/\/www.maiteksrl.com\/fr\/assistance\/\",\"url\":\"https:\/\/www.maiteksrl.com\/fr\/assistance\/\",\"name\":\"Maitek srl | Pi\u00e8ces de rechange et assistance - Secteur minier\",\"isPartOf\":{\"@id\":\"https:\/\/www.maiteksrl.com\/fr\/#website\"},\"primaryImageOfPage\":{\"@id\":\"https:\/\/www.maiteksrl.com\/fr\/assistance\/#primaryimage\"},\"image\":{\"@id\":\"https:\/\/www.maiteksrl.com\/fr\/assistance\/#primaryimage\"},\"thumbnailUrl\":\"https:\/\/www.maiteksrl.com\/wp-content\/uploads\/2017\/07\/maitek-staff2-interni_-15.jpg\",\"datePublished\":\"2017-06-20T13:43:54+00:00\",\"dateModified\":\"2026-03-30T08:46:05+00:00\",\"description\":\"Maitek srl | MAITEK offre assistance technique au d\u00e9pannage. Service d\u2019assistance m\u00e9canique et \u00e9lectrique, service d\u2019entretien et r\u00e9vision. Possibilit\u00e9 de souscrire\",\"breadcrumb\":{\"@id\":\"https:\/\/www.maiteksrl.com\/fr\/assistance\/#breadcrumb\"},\"inLanguage\":\"fr-FR\",\"potentialAction\":[{\"@type\":\"ReadAction\",\"target\":[\"https:\/\/www.maiteksrl.com\/fr\/assistance\/\"]}]},{\"@type\":\"ImageObject\",\"inLanguage\":\"fr-FR\",\"@id\":\"https:\/\/www.maiteksrl.com\/fr\/assistance\/#primaryimage\",\"url\":\"https:\/\/www.maiteksrl.com\/wp-content\/uploads\/2017\/07\/maitek-staff2-interni_-15.jpg\",\"contentUrl\":\"https:\/\/www.maiteksrl.com\/wp-content\/uploads\/2017\/07\/maitek-staff2-interni_-15.jpg\"},{\"@type\":\"BreadcrumbList\",\"@id\":\"https:\/\/www.maiteksrl.com\/fr\/assistance\/#breadcrumb\",\"itemListElement\":[{\"@type\":\"ListItem\",\"position\":1,\"name\":\"Home\",\"item\":\"https:\/\/www.maiteksrl.com\/fr\/\"},{\"@type\":\"ListItem\",\"position\":2,\"name\":\"Pi\u00e8ces de rechange et assistance\"}]},{\"@type\":\"WebSite\",\"@id\":\"https:\/\/www.maiteksrl.com\/fr\/#website\",\"url\":\"https:\/\/www.maiteksrl.com\/fr\/\",\"name\":\"Maitek srl\",\"description\":\"Impianti per il settore estrattivo: disidratazione fanghi, lavaggio e frantumazione inerti, abbattimento polveri.\",\"potentialAction\":[{\"@type\":\"SearchAction\",\"target\":{\"@type\":\"EntryPoint\",\"urlTemplate\":\"https:\/\/www.maiteksrl.com\/fr\/?s={search_term_string}\"},\"query-input\":{\"@type\":\"PropertyValueSpecification\",\"valueRequired\":true,\"valueName\":\"search_term_string\"}}],\"inLanguage\":\"fr-FR\"}]}<\/script>\n<!-- \/ Yoast SEO plugin. -->","yoast_head_json":{"title":"Maitek srl | Pi\u00e8ces de rechange et assistance - Secteur...","description":"Maitek srl | MAITEK offre assistance technique au d\u00e9pannage. Service d\u2019assistance m\u00e9canique et \u00e9lectrique, service d\u2019entretien et r\u00e9vision....","robots":{"index":"index","follow":"follow","max-snippet":"max-snippet:-1","max-image-preview":"max-image-preview:large","max-video-preview":"max-video-preview:-1"},"canonical":"https:\/\/www.maiteksrl.com\/fr\/assistance\/","og_locale":"fr_FR","og_type":"article","og_title":"MAITEK Pi\u00e8ces de rechange et assistance","og_description":"MAITEK offre assistance technique au d\u00e9pannage.Service d\u2019assistance m\u00e9canique et \u00e9lectrique, service d\u2019entretien et r\u00e9vision. Possibilit\u00e9 de souscrire des contrats d\u2019assistance programm\u00e9e en Italie comme \u00e0 l\u2019\u00e9tranger.","og_url":"https:\/\/www.maiteksrl.com\/fr\/assistance\/","og_site_name":"Maitek srl","article_modified_time":"2026-03-30T08:46:05+00:00","og_image":[{"width":1650,"height":740,"url":"https:\/\/www.maiteksrl.com\/wp-content\/uploads\/2017\/07\/maitek-staff2-interni_-15.jpg","type":"image\/jpeg"}],"twitter_card":"summary_large_image","twitter_title":"MAITEK Pi\u00e8ces de rechange et assistance","twitter_description":"MAITEK offre assistance technique au d\u00e9pannage.Service d\u2019assistance m\u00e9canique et \u00e9lectrique, service d\u2019entretien et r\u00e9vision. Possibilit\u00e9 de souscrire des contrats d\u2019assistance programm\u00e9e en Italie comme \u00e0 l\u2019\u00e9tranger.offre assistance technique au d\u00e9pannage.Service d\u2019assistance m\u00e9canique et \u00e9lectrique, service d\u2019entretien et r\u00e9vision. Possibilit\u00e9 de souscrire des contrats d\u2019assistance programm\u00e9e en Italie comme \u00e0 l\u2019\u00e9tranger.","twitter_image":"https:\/\/www.maiteksrl.com\/wp-content\/uploads\/2017\/07\/maitek-staff2-interni_-15.jpg","twitter_misc":{"Dur\u00e9e de lecture estim\u00e9e":"1 minute"},"schema":{"@context":"https:\/\/schema.org","@graph":[{"@type":"WebPage","@id":"https:\/\/www.maiteksrl.com\/fr\/assistance\/","url":"https:\/\/www.maiteksrl.com\/fr\/assistance\/","name":"Maitek srl | Pi\u00e8ces de rechange et assistance - Secteur minier","isPartOf":{"@id":"https:\/\/www.maiteksrl.com\/fr\/#website"},"primaryImageOfPage":{"@id":"https:\/\/www.maiteksrl.com\/fr\/assistance\/#primaryimage"},"image":{"@id":"https:\/\/www.maiteksrl.com\/fr\/assistance\/#primaryimage"},"thumbnailUrl":"https:\/\/www.maiteksrl.com\/wp-content\/uploads\/2017\/07\/maitek-staff2-interni_-15.jpg","datePublished":"2017-06-20T13:43:54+00:00","dateModified":"2026-03-30T08:46:05+00:00","description":"Maitek srl | MAITEK offre assistance technique au d\u00e9pannage. Service d\u2019assistance m\u00e9canique et \u00e9lectrique, service d\u2019entretien et r\u00e9vision. Possibilit\u00e9 de souscrire","breadcrumb":{"@id":"https:\/\/www.maiteksrl.com\/fr\/assistance\/#breadcrumb"},"inLanguage":"fr-FR","potentialAction":[{"@type":"ReadAction","target":["https:\/\/www.maiteksrl.com\/fr\/assistance\/"]}]},{"@type":"ImageObject","inLanguage":"fr-FR","@id":"https:\/\/www.maiteksrl.com\/fr\/assistance\/#primaryimage","url":"https:\/\/www.maiteksrl.com\/wp-content\/uploads\/2017\/07\/maitek-staff2-interni_-15.jpg","contentUrl":"https:\/\/www.maiteksrl.com\/wp-content\/uploads\/2017\/07\/maitek-staff2-interni_-15.jpg"},{"@type":"BreadcrumbList","@id":"https:\/\/www.maiteksrl.com\/fr\/assistance\/#breadcrumb","itemListElement":[{"@type":"ListItem","position":1,"name":"Home","item":"https:\/\/www.maiteksrl.com\/fr\/"},{"@type":"ListItem","position":2,"name":"Pi\u00e8ces de rechange et assistance"}]},{"@type":"WebSite","@id":"https:\/\/www.maiteksrl.com\/fr\/#website","url":"https:\/\/www.maiteksrl.com\/fr\/","name":"Maitek srl","description":"Impianti per il settore estrattivo: disidratazione fanghi, lavaggio e frantumazione inerti, abbattimento polveri.","potentialAction":[{"@type":"SearchAction","target":{"@type":"EntryPoint","urlTemplate":"https:\/\/www.maiteksrl.com\/fr\/?s={search_term_string}"},"query-input":{"@type":"PropertyValueSpecification","valueRequired":true,"valueName":"search_term_string"}}],"inLanguage":"fr-FR"}]}},"_links":{"self":[{"href":"https:\/\/www.maiteksrl.com\/fr\/wp-json\/wp\/v2\/pages\/958","targetHints":{"allow":["GET"]}}],"collection":[{"href":"https:\/\/www.maiteksrl.com\/fr\/wp-json\/wp\/v2\/pages"}],"about":[{"href":"https:\/\/www.maiteksrl.com\/fr\/wp-json\/wp\/v2\/types\/page"}],"author":[{"embeddable":true,"href":"https:\/\/www.maiteksrl.com\/fr\/wp-json\/wp\/v2\/users\/3"}],"replies":[{"embeddable":true,"href":"https:\/\/www.maiteksrl.com\/fr\/wp-json\/wp\/v2\/comments?post=958"}],"version-history":[{"count":11,"href":"https:\/\/www.maiteksrl.com\/fr\/wp-json\/wp\/v2\/pages\/958\/revisions"}],"predecessor-version":[{"id":8206,"href":"https:\/\/www.maiteksrl.com\/fr\/wp-json\/wp\/v2\/pages\/958\/revisions\/8206"}],"wp:attachment":[{"href":"https:\/\/www.maiteksrl.com\/fr\/wp-json\/wp\/v2\/media?parent=958"}],"curies":[{"name":"wp","href":"https:\/\/api.w.org\/{rel}","templated":true}]}}