{"id":935,"date":"2013-10-24T16:08:58","date_gmt":"2013-10-24T14:08:58","guid":{"rendered":"https:\/\/www.maiteksrl.com\/dove-siamo\/"},"modified":"2026-03-30T12:50:16","modified_gmt":"2026-03-30T10:50:16","slug":"notre-siege","status":"publish","type":"page","link":"https:\/\/www.maiteksrl.com\/fr\/notre-siege\/","title":{"rendered":"Notre siege"},"content":{"rendered":"<p>Notre si\u00e8ge op\u00e9rationnel est constitu\u00e9 d&rsquo;un d\u00e9partement de d\u00e9veloppement des produits, d&rsquo;un service commercial, de bureaux administratifs, d&rsquo;un magasin et d&rsquo;une unit\u00e9 de production.<\/p>\n<p>&nbsp;<\/p>\n<p><strong>A\u00e9roports principales :<\/strong><\/p>\n<p><em>Aeroport de Ancona-Falconara<\/em> (\u201cRaffaello Sanzio\u201d) km 41<br \/>\n<em>Aeroport de Bologna<\/em> (\u201cGuglielmo Marconi\u201d) km 180<br \/>\n<em>Aeroport de Roma Fiumicino<\/em> (\u201cLeonardo Da Vinci\u201d) km 319<br \/>\n<em>Aeroport de Roma Ciampino<\/em> (\u201cGiovan Battista Pastine\u201d) km 352<\/p>\n<p>&nbsp;<\/p>\n<p><strong>Maitek s.r.l.<br \/>\n<\/strong>Via Vittorio Alfieri, 8<br \/>\n61039 Ponte Rio di San Costanzo (PU) \u2013 Italy<\/p>\n<p>&nbsp;<\/p>\n","protected":false},"excerpt":{"rendered":"<p>Notre si\u00e8ge op\u00e9rationnel est constitu\u00e9 d&rsquo;un d\u00e9partement de d\u00e9veloppement des produits, d&rsquo;un service commercial, de bureaux administratifs, d&rsquo;un magasin et d&rsquo;une unit\u00e9 de production. &nbsp; A\u00e9roports principales : Aeroport de [&hellip;]<\/p>\n","protected":false},"author":3,"featured_media":0,"parent":0,"menu_order":0,"comment_status":"closed","ping_status":"closed","template":"page-dove-siamo.php","meta":{"_acf_changed":false,"footnotes":""},"class_list":["post-935","page","type-page","status-publish","hentry"],"acf":[],"yoast_head":"<!-- This site is optimized with the Yoast SEO plugin v27.0 - https:\/\/yoast.com\/product\/yoast-seo-wordpress\/ -->\n<title>Maitek srl | Notre siege - Secteur minier<\/title>\n<meta name=\"description\" content=\"Maitek srl | Notre si\u00e8ge op\u00e9rationnel est constitu\u00e9 d&#039;un d\u00e9partement de d\u00e9veloppement des produits, d&#039;un service commercial, de bureaux administratifs,...\" \/>\n<meta name=\"robots\" content=\"index, follow, max-snippet:-1, max-image-preview:large, max-video-preview:-1\" \/>\n<link rel=\"canonical\" href=\"https:\/\/www.maiteksrl.com\/fr\/notre-siege\/\" \/>\n<meta property=\"og:locale\" content=\"fr_FR\" \/>\n<meta property=\"og:type\" content=\"article\" \/>\n<meta property=\"og:title\" content=\"Maitek srl | Notre siege - Secteur minier\" \/>\n<meta property=\"og:description\" content=\"Notre si\u00e8ge op\u00e9rationnel est constitu\u00e9 d&#039;un d\u00e9partement de d\u00e9veloppement des produits, d&#039;un service commercial, de bureaux administratifs, d&#039;un magasin et d&#039;une unit\u00e9 de production.\" \/>\n<meta property=\"og:url\" content=\"https:\/\/www.maiteksrl.com\/fr\/notre-siege\/\" \/>\n<meta property=\"og:site_name\" content=\"Maitek srl\" \/>\n<meta property=\"article:modified_time\" content=\"2026-03-30T10:50:16+00:00\" \/>\n<meta property=\"og:image\" content=\"https:\/\/www.maiteksrl.com\/wp-content\/uploads\/2017\/06\/azienda_ok.jpg\" \/>\n\t<meta property=\"og:image:width\" content=\"981\" \/>\n\t<meta property=\"og:image:height\" content=\"385\" \/>\n\t<meta property=\"og:image:type\" content=\"image\/jpeg\" \/>\n<meta name=\"twitter:card\" content=\"summary_large_image\" \/>\n<meta name=\"twitter:title\" content=\"Maitek srl | Notre siege - Secteur minier\" \/>\n<meta name=\"twitter:description\" content=\"Notre si\u00e8ge op\u00e9rationnel est constitu\u00e9 d&#039;un d\u00e9partement de d\u00e9veloppement des produits, d&#039;un service commercial, de bureaux administratifs, d&#039;un magasin et d&#039;une unit\u00e9 de production.\" \/>\n<meta name=\"twitter:image\" content=\"https:\/\/www.maiteksrl.com\/wp-content\/uploads\/2017\/06\/azienda_ok.jpg\" \/>\n<meta name=\"twitter:label1\" content=\"Dur\u00e9e de lecture estim\u00e9e\" \/>\n\t<meta name=\"twitter:data1\" content=\"1 minute\" \/>\n<script type=\"application\/ld+json\" class=\"yoast-schema-graph\">{\"@context\":\"https:\/\/schema.org\",\"@graph\":[{\"@type\":\"WebPage\",\"@id\":\"https:\/\/www.maiteksrl.com\/fr\/notre-siege\/\",\"url\":\"https:\/\/www.maiteksrl.com\/fr\/notre-siege\/\",\"name\":\"Maitek srl | Notre siege - Secteur minier\",\"isPartOf\":{\"@id\":\"https:\/\/www.maiteksrl.com\/fr\/#website\"},\"datePublished\":\"2013-10-24T14:08:58+00:00\",\"dateModified\":\"2026-03-30T10:50:16+00:00\",\"description\":\"Maitek srl | Notre si\u00e8ge op\u00e9rationnel est constitu\u00e9 d'un d\u00e9partement de d\u00e9veloppement des produits, d'un service commercial, de bureaux administratifs, d'un magasin et\",\"breadcrumb\":{\"@id\":\"https:\/\/www.maiteksrl.com\/fr\/notre-siege\/#breadcrumb\"},\"inLanguage\":\"fr-FR\",\"potentialAction\":[{\"@type\":\"ReadAction\",\"target\":[\"https:\/\/www.maiteksrl.com\/fr\/notre-siege\/\"]}]},{\"@type\":\"BreadcrumbList\",\"@id\":\"https:\/\/www.maiteksrl.com\/fr\/notre-siege\/#breadcrumb\",\"itemListElement\":[{\"@type\":\"ListItem\",\"position\":1,\"name\":\"Home\",\"item\":\"https:\/\/www.maiteksrl.com\/fr\/\"},{\"@type\":\"ListItem\",\"position\":2,\"name\":\"Notre siege\"}]},{\"@type\":\"WebSite\",\"@id\":\"https:\/\/www.maiteksrl.com\/fr\/#website\",\"url\":\"https:\/\/www.maiteksrl.com\/fr\/\",\"name\":\"Maitek srl\",\"description\":\"Impianti per il settore estrattivo: disidratazione fanghi, lavaggio e frantumazione inerti, abbattimento polveri.\",\"potentialAction\":[{\"@type\":\"SearchAction\",\"target\":{\"@type\":\"EntryPoint\",\"urlTemplate\":\"https:\/\/www.maiteksrl.com\/fr\/?s={search_term_string}\"},\"query-input\":{\"@type\":\"PropertyValueSpecification\",\"valueRequired\":true,\"valueName\":\"search_term_string\"}}],\"inLanguage\":\"fr-FR\"}]}<\/script>\n<!-- \/ Yoast SEO plugin. -->","yoast_head_json":{"title":"Maitek srl | Notre siege - Secteur minier","description":"Maitek srl | Notre si\u00e8ge op\u00e9rationnel est constitu\u00e9 d'un d\u00e9partement de d\u00e9veloppement des produits, d'un service commercial, de bureaux administratifs,...","robots":{"index":"index","follow":"follow","max-snippet":"max-snippet:-1","max-image-preview":"max-image-preview:large","max-video-preview":"max-video-preview:-1"},"canonical":"https:\/\/www.maiteksrl.com\/fr\/notre-siege\/","og_locale":"fr_FR","og_type":"article","og_title":"Maitek srl | Notre siege - Secteur minier","og_description":"Notre si\u00e8ge op\u00e9rationnel est constitu\u00e9 d'un d\u00e9partement de d\u00e9veloppement des produits, d'un service commercial, de bureaux administratifs, d'un magasin et d'une unit\u00e9 de production.","og_url":"https:\/\/www.maiteksrl.com\/fr\/notre-siege\/","og_site_name":"Maitek srl","article_modified_time":"2026-03-30T10:50:16+00:00","og_image":[{"width":981,"height":385,"url":"https:\/\/www.maiteksrl.com\/wp-content\/uploads\/2017\/06\/azienda_ok.jpg","type":"image\/jpeg"}],"twitter_card":"summary_large_image","twitter_title":"Maitek srl | Notre siege - Secteur minier","twitter_description":"Notre si\u00e8ge op\u00e9rationnel est constitu\u00e9 d'un d\u00e9partement de d\u00e9veloppement des produits, d'un service commercial, de bureaux administratifs, d'un magasin et d'une unit\u00e9 de production.","twitter_image":"https:\/\/www.maiteksrl.com\/wp-content\/uploads\/2017\/06\/azienda_ok.jpg","twitter_misc":{"Dur\u00e9e de lecture estim\u00e9e":"1 minute"},"schema":{"@context":"https:\/\/schema.org","@graph":[{"@type":"WebPage","@id":"https:\/\/www.maiteksrl.com\/fr\/notre-siege\/","url":"https:\/\/www.maiteksrl.com\/fr\/notre-siege\/","name":"Maitek srl | Notre siege - Secteur minier","isPartOf":{"@id":"https:\/\/www.maiteksrl.com\/fr\/#website"},"datePublished":"2013-10-24T14:08:58+00:00","dateModified":"2026-03-30T10:50:16+00:00","description":"Maitek srl | Notre si\u00e8ge op\u00e9rationnel est constitu\u00e9 d'un d\u00e9partement de d\u00e9veloppement des produits, d'un service commercial, de bureaux administratifs, d'un magasin et","breadcrumb":{"@id":"https:\/\/www.maiteksrl.com\/fr\/notre-siege\/#breadcrumb"},"inLanguage":"fr-FR","potentialAction":[{"@type":"ReadAction","target":["https:\/\/www.maiteksrl.com\/fr\/notre-siege\/"]}]},{"@type":"BreadcrumbList","@id":"https:\/\/www.maiteksrl.com\/fr\/notre-siege\/#breadcrumb","itemListElement":[{"@type":"ListItem","position":1,"name":"Home","item":"https:\/\/www.maiteksrl.com\/fr\/"},{"@type":"ListItem","position":2,"name":"Notre siege"}]},{"@type":"WebSite","@id":"https:\/\/www.maiteksrl.com\/fr\/#website","url":"https:\/\/www.maiteksrl.com\/fr\/","name":"Maitek srl","description":"Impianti per il settore estrattivo: disidratazione fanghi, lavaggio e frantumazione inerti, abbattimento polveri.","potentialAction":[{"@type":"SearchAction","target":{"@type":"EntryPoint","urlTemplate":"https:\/\/www.maiteksrl.com\/fr\/?s={search_term_string}"},"query-input":{"@type":"PropertyValueSpecification","valueRequired":true,"valueName":"search_term_string"}}],"inLanguage":"fr-FR"}]}},"_links":{"self":[{"href":"https:\/\/www.maiteksrl.com\/fr\/wp-json\/wp\/v2\/pages\/935","targetHints":{"allow":["GET"]}}],"collection":[{"href":"https:\/\/www.maiteksrl.com\/fr\/wp-json\/wp\/v2\/pages"}],"about":[{"href":"https:\/\/www.maiteksrl.com\/fr\/wp-json\/wp\/v2\/types\/page"}],"author":[{"embeddable":true,"href":"https:\/\/www.maiteksrl.com\/fr\/wp-json\/wp\/v2\/users\/3"}],"replies":[{"embeddable":true,"href":"https:\/\/www.maiteksrl.com\/fr\/wp-json\/wp\/v2\/comments?post=935"}],"version-history":[{"count":5,"href":"https:\/\/www.maiteksrl.com\/fr\/wp-json\/wp\/v2\/pages\/935\/revisions"}],"predecessor-version":[{"id":4536,"href":"https:\/\/www.maiteksrl.com\/fr\/wp-json\/wp\/v2\/pages\/935\/revisions\/4536"}],"wp:attachment":[{"href":"https:\/\/www.maiteksrl.com\/fr\/wp-json\/wp\/v2\/media?parent=935"}],"curies":[{"name":"wp","href":"https:\/\/api.w.org\/{rel}","templated":true}]}}