{"id":926,"date":"2013-10-24T15:43:41","date_gmt":"2013-10-24T13:43:41","guid":{"rendered":"https:\/\/www.maiteksrl.com\/engineering\/"},"modified":"2026-03-30T10:42:05","modified_gmt":"2026-03-30T08:42:05","slug":"engineering","status":"publish","type":"page","link":"https:\/\/www.maiteksrl.com\/fr\/engineering\/","title":{"rendered":"Ing\u00e9nierie et Assistance technique"},"content":{"rendered":"<h2><strong>MAITEK<\/strong> offres \u00e0 nos clients les services suivants: <strong>Consultation<\/strong>, <strong>Engineering<\/strong>, <strong>Etude<\/strong>, <strong>Assistance technique apr\u00e8s-vente<\/strong>, <strong>Import-Export<\/strong>.<\/h2>\n<p>&nbsp;<\/p>\n<p><img loading=\"lazy\" decoding=\"async\" class=\"alignnone size-full wp-image-998\" src=\"https:\/\/www.maiteksrl.com\/wp-content\/uploads\/2013\/10\/1.jpg\" alt=\"\" width=\"1650\" height=\"740\" srcset=\"https:\/\/www.maiteksrl.com\/wp-content\/uploads\/2013\/10\/1.jpg 1650w, https:\/\/www.maiteksrl.com\/wp-content\/uploads\/2013\/10\/1-300x135.jpg 300w, https:\/\/www.maiteksrl.com\/wp-content\/uploads\/2013\/10\/1-768x344.jpg 768w, https:\/\/www.maiteksrl.com\/wp-content\/uploads\/2013\/10\/1-1024x459.jpg 1024w\" sizes=\"auto, (max-width: 1650px) 100vw, 1650px\" \/><\/p>\n<p>&nbsp;<\/p>\n<p>Nous concevons, usinons et fournissons, pour compte de tiers, toutes sortes de charpente m\u00e9tallique, ch\u00e2ssis, tr\u00e9mies, goulottes, peints ou galvanis\u00e9s y compris le service d\u2019\u00e9tude, d\u00e9veloppement, mise en production et pr\u00e9-montage et montage.<\/p>\n<p>Nos <strong>techniciens sp\u00e9cialis\u00e9s<\/strong> sont en mesure d&rsquo;\u00e9tudier des<strong> solutions \u00ab ad hoc \u00bb<\/strong> pour le client, cr\u00e9er avec des programmes 3D:<\/p>\n<ul>\n<li>\u00c9tudes de faisabilit\u00e9 &#8211; Rendering<\/li>\n<li>Plans des d&rsquo;installations &#8211; Rendering<\/li>\n<li>Conception de machines<\/li>\n<li>Conception d&rsquo;installations<\/li>\n<li>Analyse structurelle<\/li>\n<li>Recherche et d\u00e9veloppement<\/li>\n<li>R\u00e9alisation de prototypes<\/li>\n<li>Supervision des chantiers et des essais<\/li>\n<li>Fourniture d\u2019installations \u00ab cl\u00e9 en main \u00bb de l\u2019\u00e9tude, \u00e0 la fourniture jusqu\u2019\u00e0 la mise en marche et l\u2019essai<\/li>\n<li>R\u00e9alisation de machines et installations selon les exigences du client<\/li>\n<\/ul>\n<p>&nbsp;<\/p>\n<p>&nbsp;<\/p>\n\n\t\t<style type=\"text\/css\">\n\t\t\t#gallery-1 {\n\t\t\t\tmargin: auto;\n\t\t\t}\n\t\t\t#gallery-1 .gallery-item {\n\t\t\t\tfloat: left;\n\t\t\t\tmargin-top: 10px;\n\t\t\t\ttext-align: center;\n\t\t\t\twidth: 33%;\n\t\t\t}\n\t\t\t#gallery-1 img {\n\t\t\t\tborder: 2px solid #cfcfcf;\n\t\t\t}\n\t\t\t#gallery-1 .gallery-caption {\n\t\t\t\tmargin-left: 0;\n\t\t\t}\n\t\t\t\/* see gallery_shortcode() in wp-includes\/media.php *\/\n\t\t<\/style>\n\t\t<div id='gallery-1' class='gallery galleryid-926 gallery-columns-3 gallery-size-medium'><dl class='gallery-item'>\n\t\t\t<dt class='gallery-icon landscape'>\n\t\t\t\t<a href='https:\/\/www.maiteksrl.com\/wp-content\/uploads\/2022\/04\/0_308_97_00_0-colore1.bmp' title=\"\" data-rl_title=\"\" class=\"rl-gallery-link\" data-rl_caption=\"\" data-rel=\"lightbox-gallery-1\"><img loading=\"lazy\" decoding=\"async\" width=\"300\" height=\"155\" src=\"https:\/\/www.maiteksrl.com\/wp-content\/uploads\/2022\/04\/0_308_97_00_0-colore1-300x155.jpg\" class=\"attachment-medium size-medium\" alt=\"Engineering ed assistenza7\" srcset=\"https:\/\/www.maiteksrl.com\/wp-content\/uploads\/2022\/04\/0_308_97_00_0-colore1-300x155.jpg 300w, https:\/\/www.maiteksrl.com\/wp-content\/uploads\/2022\/04\/0_308_97_00_0-colore1-1024x529.jpg 1024w, https:\/\/www.maiteksrl.com\/wp-content\/uploads\/2022\/04\/0_308_97_00_0-colore1-768x397.jpg 768w, https:\/\/www.maiteksrl.com\/wp-content\/uploads\/2022\/04\/0_308_97_00_0-colore1-1536x794.jpg 1536w, https:\/\/www.maiteksrl.com\/wp-content\/uploads\/2022\/04\/0_308_97_00_0-colore1.bmp 1640w\" sizes=\"auto, (max-width: 300px) 100vw, 300px\" \/><\/a>\n\t\t\t<\/dt><\/dl><dl class='gallery-item'>\n\t\t\t<dt class='gallery-icon landscape'>\n\t\t\t\t<a href='https:\/\/www.maiteksrl.com\/wp-content\/uploads\/2022\/04\/rblu2.jpg' title=\"\" data-rl_title=\"\" class=\"rl-gallery-link\" data-rl_caption=\"\" data-rel=\"lightbox-gallery-1\"><img loading=\"lazy\" decoding=\"async\" width=\"300\" height=\"135\" src=\"https:\/\/www.maiteksrl.com\/wp-content\/uploads\/2022\/04\/rblu2-300x135.jpg\" class=\"attachment-medium size-medium\" alt=\"Engineering ed assistenza5\" srcset=\"https:\/\/www.maiteksrl.com\/wp-content\/uploads\/2022\/04\/rblu2-300x135.jpg 300w, https:\/\/www.maiteksrl.com\/wp-content\/uploads\/2022\/04\/rblu2-1024x462.jpg 1024w, https:\/\/www.maiteksrl.com\/wp-content\/uploads\/2022\/04\/rblu2-768x346.jpg 768w, https:\/\/www.maiteksrl.com\/wp-content\/uploads\/2022\/04\/rblu2-1536x693.jpg 1536w, https:\/\/www.maiteksrl.com\/wp-content\/uploads\/2022\/04\/rblu2-2048x924.jpg 2048w, https:\/\/www.maiteksrl.com\/wp-content\/uploads\/2022\/04\/rblu2-scaled.jpg 1920w\" sizes=\"auto, (max-width: 300px) 100vw, 300px\" \/><\/a>\n\t\t\t<\/dt><\/dl><dl class='gallery-item'>\n\t\t\t<dt class='gallery-icon landscape'>\n\t\t\t\t<a href='https:\/\/www.maiteksrl.com\/wp-content\/uploads\/2022\/04\/1_885_01_00_0.bmp' title=\"\" data-rl_title=\"\" class=\"rl-gallery-link\" data-rl_caption=\"\" data-rel=\"lightbox-gallery-1\"><img loading=\"lazy\" decoding=\"async\" width=\"300\" height=\"211\" src=\"https:\/\/www.maiteksrl.com\/wp-content\/uploads\/2022\/04\/1_885_01_00_0-300x211.jpg\" class=\"attachment-medium size-medium\" alt=\"Engineering ed assistenza4\" srcset=\"https:\/\/www.maiteksrl.com\/wp-content\/uploads\/2022\/04\/1_885_01_00_0-300x211.jpg 300w, https:\/\/www.maiteksrl.com\/wp-content\/uploads\/2022\/04\/1_885_01_00_0-1024x719.jpg 1024w, https:\/\/www.maiteksrl.com\/wp-content\/uploads\/2022\/04\/1_885_01_00_0-768x539.jpg 768w, https:\/\/www.maiteksrl.com\/wp-content\/uploads\/2022\/04\/1_885_01_00_0.bmp 1102w\" sizes=\"auto, (max-width: 300px) 100vw, 300px\" \/><\/a>\n\t\t\t<\/dt><\/dl><br style=\"clear: both\" \/><dl class='gallery-item'>\n\t\t\t<dt class='gallery-icon landscape'>\n\t\t\t\t<a href='https:\/\/www.maiteksrl.com\/wp-content\/uploads\/2022\/04\/20201204_134927.jpg' title=\"\" data-rl_title=\"\" class=\"rl-gallery-link\" data-rl_caption=\"\" data-rel=\"lightbox-gallery-1\"><img loading=\"lazy\" decoding=\"async\" width=\"300\" height=\"115\" src=\"https:\/\/www.maiteksrl.com\/wp-content\/uploads\/2022\/04\/20201204_134927-300x115.jpg\" class=\"attachment-medium size-medium\" alt=\"Engineering ed assistenza\" srcset=\"https:\/\/www.maiteksrl.com\/wp-content\/uploads\/2022\/04\/20201204_134927-300x115.jpg 300w, https:\/\/www.maiteksrl.com\/wp-content\/uploads\/2022\/04\/20201204_134927-1024x394.jpg 1024w, https:\/\/www.maiteksrl.com\/wp-content\/uploads\/2022\/04\/20201204_134927-768x295.jpg 768w, https:\/\/www.maiteksrl.com\/wp-content\/uploads\/2022\/04\/20201204_134927-1536x590.jpg 1536w, https:\/\/www.maiteksrl.com\/wp-content\/uploads\/2022\/04\/20201204_134927.jpg 1920w\" sizes=\"auto, (max-width: 300px) 100vw, 300px\" \/><\/a>\n\t\t\t<\/dt><\/dl><dl class='gallery-item'>\n\t\t\t<dt class='gallery-icon landscape'>\n\t\t\t\t<a href='https:\/\/www.maiteksrl.com\/wp-content\/uploads\/2022\/04\/KS4232119151.3.jpg' title=\"\" data-rl_title=\"\" class=\"rl-gallery-link\" data-rl_caption=\"\" data-rel=\"lightbox-gallery-1\"><img loading=\"lazy\" decoding=\"async\" width=\"300\" height=\"188\" src=\"https:\/\/www.maiteksrl.com\/wp-content\/uploads\/2022\/04\/KS4232119151.3-300x188.jpg\" class=\"attachment-medium size-medium\" alt=\"Engineering ed assistenza6\" srcset=\"https:\/\/www.maiteksrl.com\/wp-content\/uploads\/2022\/04\/KS4232119151.3-300x188.jpg 300w, https:\/\/www.maiteksrl.com\/wp-content\/uploads\/2022\/04\/KS4232119151.3-1024x640.jpg 1024w, https:\/\/www.maiteksrl.com\/wp-content\/uploads\/2022\/04\/KS4232119151.3-768x480.jpg 768w, https:\/\/www.maiteksrl.com\/wp-content\/uploads\/2022\/04\/KS4232119151.3-1536x960.jpg 1536w, https:\/\/www.maiteksrl.com\/wp-content\/uploads\/2022\/04\/KS4232119151.3.jpg 1920w\" sizes=\"auto, (max-width: 300px) 100vw, 300px\" \/><\/a>\n\t\t\t<\/dt><\/dl><dl class='gallery-item'>\n\t\t\t<dt class='gallery-icon portrait'>\n\t\t\t\t<a href='https:\/\/www.maiteksrl.com\/wp-content\/uploads\/2017\/06\/azienda_engineering_direzione_cantieri.jpg' title=\"\" data-rl_title=\"\" class=\"rl-gallery-link\" data-rl_caption=\"\" data-rel=\"lightbox-gallery-1\"><img loading=\"lazy\" decoding=\"async\" width=\"225\" height=\"300\" src=\"https:\/\/www.maiteksrl.com\/wp-content\/uploads\/2017\/06\/azienda_engineering_direzione_cantieri-225x300.jpg\" class=\"attachment-medium size-medium\" alt=\"\" srcset=\"https:\/\/www.maiteksrl.com\/wp-content\/uploads\/2017\/06\/azienda_engineering_direzione_cantieri-225x300.jpg 225w, https:\/\/www.maiteksrl.com\/wp-content\/uploads\/2017\/06\/azienda_engineering_direzione_cantieri.jpg 450w\" sizes=\"auto, (max-width: 225px) 100vw, 225px\" \/><\/a>\n\t\t\t<\/dt><\/dl><br style=\"clear: both\" \/><dl class='gallery-item'>\n\t\t\t<dt class='gallery-icon landscape'>\n\t\t\t\t<a href='https:\/\/www.maiteksrl.com\/wp-content\/uploads\/2017\/06\/azienda_engineering_progettazione.jpg' title=\"\" data-rl_title=\"\" class=\"rl-gallery-link\" data-rl_caption=\"\" data-rel=\"lightbox-gallery-1\"><img loading=\"lazy\" decoding=\"async\" width=\"300\" height=\"175\" src=\"https:\/\/www.maiteksrl.com\/wp-content\/uploads\/2017\/06\/azienda_engineering_progettazione-300x175.jpg\" class=\"attachment-medium size-medium\" alt=\"\" srcset=\"https:\/\/www.maiteksrl.com\/wp-content\/uploads\/2017\/06\/azienda_engineering_progettazione-300x175.jpg 300w, https:\/\/www.maiteksrl.com\/wp-content\/uploads\/2017\/06\/azienda_engineering_progettazione-768x448.jpg 768w, https:\/\/www.maiteksrl.com\/wp-content\/uploads\/2017\/06\/azienda_engineering_progettazione.jpg 800w\" sizes=\"auto, (max-width: 300px) 100vw, 300px\" \/><\/a>\n\t\t\t<\/dt><\/dl><dl class='gallery-item'>\n\t\t\t<dt class='gallery-icon landscape'>\n\t\t\t\t<a href='https:\/\/www.maiteksrl.com\/wp-content\/uploads\/2017\/06\/render_1.jpg' title=\"\" data-rl_title=\"\" class=\"rl-gallery-link\" data-rl_caption=\"\" data-rel=\"lightbox-gallery-1\"><img loading=\"lazy\" decoding=\"async\" width=\"300\" height=\"149\" src=\"https:\/\/www.maiteksrl.com\/wp-content\/uploads\/2017\/06\/render_1-300x149.jpg\" class=\"attachment-medium size-medium\" alt=\"\" srcset=\"https:\/\/www.maiteksrl.com\/wp-content\/uploads\/2017\/06\/render_1-300x149.jpg 300w, https:\/\/www.maiteksrl.com\/wp-content\/uploads\/2017\/06\/render_1-768x380.jpg 768w, https:\/\/www.maiteksrl.com\/wp-content\/uploads\/2017\/06\/render_1.jpg 800w\" sizes=\"auto, (max-width: 300px) 100vw, 300px\" \/><\/a>\n\t\t\t<\/dt><\/dl><dl class='gallery-item'>\n\t\t\t<dt class='gallery-icon landscape'>\n\t\t\t\t<a href='https:\/\/www.maiteksrl.com\/wp-content\/uploads\/2017\/06\/azienda_engineering_analisi.jpg' title=\"\" data-rl_title=\"\" class=\"rl-gallery-link\" data-rl_caption=\"\" data-rel=\"lightbox-gallery-1\"><img loading=\"lazy\" decoding=\"async\" width=\"300\" height=\"148\" src=\"https:\/\/www.maiteksrl.com\/wp-content\/uploads\/2017\/06\/azienda_engineering_analisi-300x148.jpg\" class=\"attachment-medium size-medium\" alt=\"\" srcset=\"https:\/\/www.maiteksrl.com\/wp-content\/uploads\/2017\/06\/azienda_engineering_analisi-300x148.jpg 300w, https:\/\/www.maiteksrl.com\/wp-content\/uploads\/2017\/06\/azienda_engineering_analisi-768x379.jpg 768w, https:\/\/www.maiteksrl.com\/wp-content\/uploads\/2017\/06\/azienda_engineering_analisi-1024x505.jpg 1024w, https:\/\/www.maiteksrl.com\/wp-content\/uploads\/2017\/06\/azienda_engineering_analisi.jpg 1154w\" sizes=\"auto, (max-width: 300px) 100vw, 300px\" \/><\/a>\n\t\t\t<\/dt><\/dl><br style=\"clear: both\" \/><dl class='gallery-item'>\n\t\t\t<dt class='gallery-icon landscape'>\n\t\t\t\t<a href='https:\/\/www.maiteksrl.com\/wp-content\/uploads\/2017\/06\/stress-4b.jpg' title=\"\" data-rl_title=\"\" class=\"rl-gallery-link\" data-rl_caption=\"\" data-rel=\"lightbox-gallery-1\"><img loading=\"lazy\" decoding=\"async\" width=\"300\" height=\"148\" src=\"https:\/\/www.maiteksrl.com\/wp-content\/uploads\/2017\/06\/stress-4b-300x148.jpg\" class=\"attachment-medium size-medium\" alt=\"\" srcset=\"https:\/\/www.maiteksrl.com\/wp-content\/uploads\/2017\/06\/stress-4b-300x148.jpg 300w, https:\/\/www.maiteksrl.com\/wp-content\/uploads\/2017\/06\/stress-4b-768x380.jpg 768w, https:\/\/www.maiteksrl.com\/wp-content\/uploads\/2017\/06\/stress-4b-1024x507.jpg 1024w, https:\/\/www.maiteksrl.com\/wp-content\/uploads\/2017\/06\/stress-4b.jpg 1150w\" sizes=\"auto, (max-width: 300px) 100vw, 300px\" \/><\/a>\n\t\t\t<\/dt><\/dl><dl class='gallery-item'>\n\t\t\t<dt class='gallery-icon landscape'>\n\t\t\t\t<a href='https:\/\/www.maiteksrl.com\/wp-content\/uploads\/2017\/06\/maitek_crushing_equipment_-100.jpg' title=\"\" data-rl_title=\"\" class=\"rl-gallery-link\" data-rl_caption=\"\" data-rel=\"lightbox-gallery-1\"><img loading=\"lazy\" decoding=\"async\" width=\"300\" height=\"225\" src=\"https:\/\/www.maiteksrl.com\/wp-content\/uploads\/2017\/06\/maitek_crushing_equipment_-100-300x225.jpg\" class=\"attachment-medium size-medium\" alt=\"\" srcset=\"https:\/\/www.maiteksrl.com\/wp-content\/uploads\/2017\/06\/maitek_crushing_equipment_-100-300x225.jpg 300w, https:\/\/www.maiteksrl.com\/wp-content\/uploads\/2017\/06\/maitek_crushing_equipment_-100-768x576.jpg 768w, https:\/\/www.maiteksrl.com\/wp-content\/uploads\/2017\/06\/maitek_crushing_equipment_-100.jpg 800w\" sizes=\"auto, (max-width: 300px) 100vw, 300px\" \/><\/a>\n\t\t\t<\/dt><\/dl><dl class='gallery-item'>\n\t\t\t<dt class='gallery-icon portrait'>\n\t\t\t\t<a href='https:\/\/www.maiteksrl.com\/wp-content\/uploads\/2017\/06\/maitek_crushing_equipment_75_-5.jpg' title=\"\" data-rl_title=\"\" class=\"rl-gallery-link\" data-rl_caption=\"\" data-rel=\"lightbox-gallery-1\"><img loading=\"lazy\" decoding=\"async\" width=\"215\" height=\"300\" src=\"https:\/\/www.maiteksrl.com\/wp-content\/uploads\/2017\/06\/maitek_crushing_equipment_75_-5-215x300.jpg\" class=\"attachment-medium size-medium\" alt=\"\" srcset=\"https:\/\/www.maiteksrl.com\/wp-content\/uploads\/2017\/06\/maitek_crushing_equipment_75_-5-215x300.jpg 215w, https:\/\/www.maiteksrl.com\/wp-content\/uploads\/2017\/06\/maitek_crushing_equipment_75_-5-768x1071.jpg 768w, https:\/\/www.maiteksrl.com\/wp-content\/uploads\/2017\/06\/maitek_crushing_equipment_75_-5-734x1024.jpg 734w, https:\/\/www.maiteksrl.com\/wp-content\/uploads\/2017\/06\/maitek_crushing_equipment_75_-5.jpg 981w\" sizes=\"auto, (max-width: 215px) 100vw, 215px\" \/><\/a>\n\t\t\t<\/dt><\/dl><br style=\"clear: both\" \/>\n\t\t<\/div>\n\n","protected":false},"excerpt":{"rendered":"<p>MAITEK offres \u00e0 nos clients les services suivants: Consultation, Engineering, Etude, Assistance technique apr\u00e8s-vente, Import-Export. &nbsp; &nbsp; Nous concevons, usinons et fournissons, pour compte de tiers, toutes sortes de charpente [&hellip;]<\/p>\n","protected":false},"author":3,"featured_media":0,"parent":0,"menu_order":0,"comment_status":"closed","ping_status":"closed","template":"","meta":{"_acf_changed":false,"footnotes":""},"class_list":["post-926","page","type-page","status-publish","hentry"],"acf":[],"yoast_head":"<!-- This site is optimized with the Yoast SEO plugin v27.0 - https:\/\/yoast.com\/product\/yoast-seo-wordpress\/ -->\n<title>Maitek srl | Ing\u00e9nierie et Assistance technique - Secteur...<\/title>\n<meta name=\"description\" content=\"Maitek srl | MAITEK offres \u00e0 nos clients les services suivants: Consultation, Engineering, Etude, Assistance technique apr\u00e8s-vente, Import-Export. &nbsp;...\" \/>\n<meta name=\"robots\" content=\"index, follow, max-snippet:-1, max-image-preview:large, max-video-preview:-1\" \/>\n<link rel=\"canonical\" href=\"https:\/\/www.maiteksrl.com\/fr\/engineering\/\" \/>\n<meta property=\"og:locale\" content=\"fr_FR\" \/>\n<meta property=\"og:type\" content=\"article\" \/>\n<meta property=\"og:title\" content=\"MAITEK Ing\u00e9nierie et Assistance technique\" \/>\n<meta property=\"og:description\" content=\"MAITEK offres \u00e0 nos clients les services suivants: Consultation, Engineering, Etude, Assistance technique apr\u00e8s-vente, Import-Export.\" \/>\n<meta property=\"og:url\" content=\"https:\/\/www.maiteksrl.com\/fr\/engineering\/\" \/>\n<meta property=\"og:site_name\" content=\"Maitek srl\" \/>\n<meta property=\"article:modified_time\" content=\"2026-03-30T08:42:05+00:00\" \/>\n<meta property=\"og:image\" content=\"https:\/\/www.maiteksrl.com\/wp-content\/uploads\/2019\/05\/maitek_crushing_equipment_40_01_-3.jpg\" \/>\n\t<meta property=\"og:image:width\" content=\"981\" \/>\n\t<meta property=\"og:image:height\" content=\"736\" \/>\n\t<meta property=\"og:image:type\" content=\"image\/jpeg\" \/>\n<meta name=\"twitter:card\" content=\"summary_large_image\" \/>\n<meta name=\"twitter:title\" content=\"MAITEK Ing\u00e9nierie et Assistance technique\" \/>\n<meta name=\"twitter:description\" content=\"MAITEK offres \u00e0 nos clients les services suivants: Consultation, Engineering, Etude, Assistance technique apr\u00e8s-vente, Import-Export.\" \/>\n<meta name=\"twitter:image\" content=\"https:\/\/www.maiteksrl.com\/wp-content\/uploads\/2019\/05\/maitek_crushing_equipment_40_01_-3.jpg\" \/>\n<meta name=\"twitter:label1\" content=\"Dur\u00e9e de lecture estim\u00e9e\" \/>\n\t<meta name=\"twitter:data1\" content=\"1 minute\" \/>\n<script type=\"application\/ld+json\" class=\"yoast-schema-graph\">{\"@context\":\"https:\/\/schema.org\",\"@graph\":[{\"@type\":\"WebPage\",\"@id\":\"https:\/\/www.maiteksrl.com\/fr\/engineering\/\",\"url\":\"https:\/\/www.maiteksrl.com\/fr\/engineering\/\",\"name\":\"Maitek srl | Ing\u00e9nierie et Assistance technique - Secteur minier\",\"isPartOf\":{\"@id\":\"https:\/\/www.maiteksrl.com\/fr\/#website\"},\"primaryImageOfPage\":{\"@id\":\"https:\/\/www.maiteksrl.com\/fr\/engineering\/#primaryimage\"},\"image\":{\"@id\":\"https:\/\/www.maiteksrl.com\/fr\/engineering\/#primaryimage\"},\"thumbnailUrl\":\"https:\/\/www.maiteksrl.com\/wp-content\/uploads\/2013\/10\/1.jpg\",\"datePublished\":\"2013-10-24T13:43:41+00:00\",\"dateModified\":\"2026-03-30T08:42:05+00:00\",\"description\":\"Maitek srl | MAITEK offres \u00e0 nos clients les services suivants: Consultation, Engineering, Etude, Assistance technique apr\u00e8s-vente, Import-Export. &nbsp; &nbsp; Nous\",\"breadcrumb\":{\"@id\":\"https:\/\/www.maiteksrl.com\/fr\/engineering\/#breadcrumb\"},\"inLanguage\":\"fr-FR\",\"potentialAction\":[{\"@type\":\"ReadAction\",\"target\":[\"https:\/\/www.maiteksrl.com\/fr\/engineering\/\"]}]},{\"@type\":\"ImageObject\",\"inLanguage\":\"fr-FR\",\"@id\":\"https:\/\/www.maiteksrl.com\/fr\/engineering\/#primaryimage\",\"url\":\"https:\/\/www.maiteksrl.com\/wp-content\/uploads\/2013\/10\/1.jpg\",\"contentUrl\":\"https:\/\/www.maiteksrl.com\/wp-content\/uploads\/2013\/10\/1.jpg\"},{\"@type\":\"BreadcrumbList\",\"@id\":\"https:\/\/www.maiteksrl.com\/fr\/engineering\/#breadcrumb\",\"itemListElement\":[{\"@type\":\"ListItem\",\"position\":1,\"name\":\"Home\",\"item\":\"https:\/\/www.maiteksrl.com\/fr\/\"},{\"@type\":\"ListItem\",\"position\":2,\"name\":\"Ing\u00e9nierie et Assistance technique\"}]},{\"@type\":\"WebSite\",\"@id\":\"https:\/\/www.maiteksrl.com\/fr\/#website\",\"url\":\"https:\/\/www.maiteksrl.com\/fr\/\",\"name\":\"Maitek srl\",\"description\":\"Impianti per il settore estrattivo: disidratazione fanghi, lavaggio e frantumazione inerti, abbattimento polveri.\",\"potentialAction\":[{\"@type\":\"SearchAction\",\"target\":{\"@type\":\"EntryPoint\",\"urlTemplate\":\"https:\/\/www.maiteksrl.com\/fr\/?s={search_term_string}\"},\"query-input\":{\"@type\":\"PropertyValueSpecification\",\"valueRequired\":true,\"valueName\":\"search_term_string\"}}],\"inLanguage\":\"fr-FR\"}]}<\/script>\n<!-- \/ Yoast SEO plugin. -->","yoast_head_json":{"title":"Maitek srl | Ing\u00e9nierie et Assistance technique - Secteur...","description":"Maitek srl | MAITEK offres \u00e0 nos clients les services suivants: Consultation, Engineering, Etude, Assistance technique apr\u00e8s-vente, Import-Export. &nbsp;...","robots":{"index":"index","follow":"follow","max-snippet":"max-snippet:-1","max-image-preview":"max-image-preview:large","max-video-preview":"max-video-preview:-1"},"canonical":"https:\/\/www.maiteksrl.com\/fr\/engineering\/","og_locale":"fr_FR","og_type":"article","og_title":"MAITEK Ing\u00e9nierie et Assistance technique","og_description":"MAITEK offres \u00e0 nos clients les services suivants: Consultation, Engineering, Etude, Assistance technique apr\u00e8s-vente, Import-Export.","og_url":"https:\/\/www.maiteksrl.com\/fr\/engineering\/","og_site_name":"Maitek srl","article_modified_time":"2026-03-30T08:42:05+00:00","og_image":[{"width":981,"height":736,"url":"https:\/\/www.maiteksrl.com\/wp-content\/uploads\/2019\/05\/maitek_crushing_equipment_40_01_-3.jpg","type":"image\/jpeg"}],"twitter_card":"summary_large_image","twitter_title":"MAITEK Ing\u00e9nierie et Assistance technique","twitter_description":"MAITEK offres \u00e0 nos clients les services suivants: Consultation, Engineering, Etude, Assistance technique apr\u00e8s-vente, Import-Export.","twitter_image":"https:\/\/www.maiteksrl.com\/wp-content\/uploads\/2019\/05\/maitek_crushing_equipment_40_01_-3.jpg","twitter_misc":{"Dur\u00e9e de lecture estim\u00e9e":"1 minute"},"schema":{"@context":"https:\/\/schema.org","@graph":[{"@type":"WebPage","@id":"https:\/\/www.maiteksrl.com\/fr\/engineering\/","url":"https:\/\/www.maiteksrl.com\/fr\/engineering\/","name":"Maitek srl | Ing\u00e9nierie et Assistance technique - Secteur minier","isPartOf":{"@id":"https:\/\/www.maiteksrl.com\/fr\/#website"},"primaryImageOfPage":{"@id":"https:\/\/www.maiteksrl.com\/fr\/engineering\/#primaryimage"},"image":{"@id":"https:\/\/www.maiteksrl.com\/fr\/engineering\/#primaryimage"},"thumbnailUrl":"https:\/\/www.maiteksrl.com\/wp-content\/uploads\/2013\/10\/1.jpg","datePublished":"2013-10-24T13:43:41+00:00","dateModified":"2026-03-30T08:42:05+00:00","description":"Maitek srl | MAITEK offres \u00e0 nos clients les services suivants: Consultation, Engineering, Etude, Assistance technique apr\u00e8s-vente, Import-Export. &nbsp; &nbsp; Nous","breadcrumb":{"@id":"https:\/\/www.maiteksrl.com\/fr\/engineering\/#breadcrumb"},"inLanguage":"fr-FR","potentialAction":[{"@type":"ReadAction","target":["https:\/\/www.maiteksrl.com\/fr\/engineering\/"]}]},{"@type":"ImageObject","inLanguage":"fr-FR","@id":"https:\/\/www.maiteksrl.com\/fr\/engineering\/#primaryimage","url":"https:\/\/www.maiteksrl.com\/wp-content\/uploads\/2013\/10\/1.jpg","contentUrl":"https:\/\/www.maiteksrl.com\/wp-content\/uploads\/2013\/10\/1.jpg"},{"@type":"BreadcrumbList","@id":"https:\/\/www.maiteksrl.com\/fr\/engineering\/#breadcrumb","itemListElement":[{"@type":"ListItem","position":1,"name":"Home","item":"https:\/\/www.maiteksrl.com\/fr\/"},{"@type":"ListItem","position":2,"name":"Ing\u00e9nierie et Assistance technique"}]},{"@type":"WebSite","@id":"https:\/\/www.maiteksrl.com\/fr\/#website","url":"https:\/\/www.maiteksrl.com\/fr\/","name":"Maitek srl","description":"Impianti per il settore estrattivo: disidratazione fanghi, lavaggio e frantumazione inerti, abbattimento polveri.","potentialAction":[{"@type":"SearchAction","target":{"@type":"EntryPoint","urlTemplate":"https:\/\/www.maiteksrl.com\/fr\/?s={search_term_string}"},"query-input":{"@type":"PropertyValueSpecification","valueRequired":true,"valueName":"search_term_string"}}],"inLanguage":"fr-FR"}]}},"_links":{"self":[{"href":"https:\/\/www.maiteksrl.com\/fr\/wp-json\/wp\/v2\/pages\/926","targetHints":{"allow":["GET"]}}],"collection":[{"href":"https:\/\/www.maiteksrl.com\/fr\/wp-json\/wp\/v2\/pages"}],"about":[{"href":"https:\/\/www.maiteksrl.com\/fr\/wp-json\/wp\/v2\/types\/page"}],"author":[{"embeddable":true,"href":"https:\/\/www.maiteksrl.com\/fr\/wp-json\/wp\/v2\/users\/3"}],"replies":[{"embeddable":true,"href":"https:\/\/www.maiteksrl.com\/fr\/wp-json\/wp\/v2\/comments?post=926"}],"version-history":[{"count":15,"href":"https:\/\/www.maiteksrl.com\/fr\/wp-json\/wp\/v2\/pages\/926\/revisions"}],"predecessor-version":[{"id":8297,"href":"https:\/\/www.maiteksrl.com\/fr\/wp-json\/wp\/v2\/pages\/926\/revisions\/8297"}],"wp:attachment":[{"href":"https:\/\/www.maiteksrl.com\/fr\/wp-json\/wp\/v2\/media?parent=926"}],"curies":[{"name":"wp","href":"https:\/\/api.w.org\/{rel}","templated":true}]}}