{"id":916,"date":"2013-10-31T16:08:47","date_gmt":"2013-10-31T15:08:47","guid":{"rendered":"https:\/\/www.maiteksrl.com\/lavora-con-noi\/"},"modified":"2026-03-30T12:28:40","modified_gmt":"2026-03-30T10:28:40","slug":"recrutement","status":"publish","type":"page","link":"https:\/\/www.maiteksrl.com\/fr\/recrutement\/","title":{"rendered":"Recrutement"},"content":{"rendered":"<h3>MAITEK recherche des dealers\/agents pour les march\u00e9s \u00e9trangers (Afrique, Europe, Moyen-Orient).<\/h3>\n<p>Notre soci\u00e9t\u00e9 recherche du personnel commercial.<\/p>\n<p>Si vous \u00eates int\u00e9ress\u00e9, s&rsquo;il vous pla\u00eet faire parvenir votre curriculum vitae \u00e0\u00a0<strong><span style=\"color: #2bb8cb;\">info@maiteksrl.com<\/span><\/strong><\/p>\n","protected":false},"excerpt":{"rendered":"<p>MAITEK recherche des dealers\/agents pour les march\u00e9s \u00e9trangers (Afrique, Europe, Moyen-Orient). Notre soci\u00e9t\u00e9 recherche du personnel commercial. Si vous \u00eates int\u00e9ress\u00e9, s&rsquo;il vous pla\u00eet faire parvenir votre curriculum vitae \u00e0\u00a0info@maiteksrl.com<\/p>\n","protected":false},"author":3,"featured_media":0,"parent":0,"menu_order":0,"comment_status":"closed","ping_status":"closed","template":"","meta":{"_acf_changed":false,"footnotes":""},"class_list":["post-916","page","type-page","status-publish","hentry"],"acf":[],"yoast_head":"<!-- This site is optimized with the Yoast SEO plugin v27.0 - https:\/\/yoast.com\/product\/yoast-seo-wordpress\/ -->\n<title>Maitek srl | Recrutement - Secteur minier<\/title>\n<meta name=\"description\" content=\"Maitek srl | MAITEK recherche des dealers\/agents pour les march\u00e9s \u00e9trangers (Afrique, Europe, Moyen-Orient). Notre soci\u00e9t\u00e9 recherche du personnel...\" \/>\n<meta name=\"robots\" content=\"index, follow, max-snippet:-1, max-image-preview:large, max-video-preview:-1\" \/>\n<link rel=\"canonical\" href=\"https:\/\/www.maiteksrl.com\/fr\/recrutement\/\" \/>\n<meta property=\"og:locale\" content=\"fr_FR\" \/>\n<meta property=\"og:type\" content=\"article\" \/>\n<meta property=\"og:title\" content=\"Maitek srl | Recrutement - Secteur minier\" \/>\n<meta property=\"og:description\" content=\"MAITEK recherche des dealers\/agents pour les march\u00e9s \u00e9trangers (Afrique, Europe, Moyen-Orient).Notre soci\u00e9t\u00e9 recherche du personnel commercial.\" \/>\n<meta property=\"og:url\" content=\"https:\/\/www.maiteksrl.com\/fr\/recrutement\/\" \/>\n<meta property=\"og:site_name\" content=\"Maitek srl\" \/>\n<meta property=\"article:modified_time\" content=\"2026-03-30T10:28:40+00:00\" \/>\n<meta property=\"og:image\" content=\"https:\/\/www.maiteksrl.com\/wp-content\/uploads\/2017\/07\/impianti-per-la-frantumazione-di-inerti-1.jpg\" \/>\n\t<meta property=\"og:image:width\" content=\"1200\" \/>\n\t<meta property=\"og:image:height\" content=\"682\" \/>\n\t<meta property=\"og:image:type\" content=\"image\/jpeg\" \/>\n<meta name=\"twitter:card\" content=\"summary_large_image\" \/>\n<meta name=\"twitter:title\" content=\"Maitek srl | Recrutement - Secteur minier\" \/>\n<meta name=\"twitter:description\" content=\"MAITEK recherche des dealers\/agents pour les march\u00e9s \u00e9trangers (Afrique, Europe, Moyen-Orient).Notre soci\u00e9t\u00e9 recherche du personnel commercial.\" \/>\n<meta name=\"twitter:image\" content=\"https:\/\/www.maiteksrl.com\/wp-content\/uploads\/2017\/07\/impianti-per-la-frantumazione-di-inerti-1.jpg\" \/>\n<meta name=\"twitter:label1\" content=\"Dur\u00e9e de lecture estim\u00e9e\" \/>\n\t<meta name=\"twitter:data1\" content=\"1 minute\" \/>\n<script type=\"application\/ld+json\" class=\"yoast-schema-graph\">{\"@context\":\"https:\/\/schema.org\",\"@graph\":[{\"@type\":\"WebPage\",\"@id\":\"https:\/\/www.maiteksrl.com\/fr\/recrutement\/\",\"url\":\"https:\/\/www.maiteksrl.com\/fr\/recrutement\/\",\"name\":\"Maitek srl | Recrutement - Secteur minier\",\"isPartOf\":{\"@id\":\"https:\/\/www.maiteksrl.com\/fr\/#website\"},\"datePublished\":\"2013-10-31T15:08:47+00:00\",\"dateModified\":\"2026-03-30T10:28:40+00:00\",\"description\":\"Maitek srl | MAITEK recherche des dealers\/agents pour les march\u00e9s \u00e9trangers (Afrique, Europe, Moyen-Orient). Notre soci\u00e9t\u00e9 recherche du personnel commercial. Si vous\",\"breadcrumb\":{\"@id\":\"https:\/\/www.maiteksrl.com\/fr\/recrutement\/#breadcrumb\"},\"inLanguage\":\"fr-FR\",\"potentialAction\":[{\"@type\":\"ReadAction\",\"target\":[\"https:\/\/www.maiteksrl.com\/fr\/recrutement\/\"]}]},{\"@type\":\"BreadcrumbList\",\"@id\":\"https:\/\/www.maiteksrl.com\/fr\/recrutement\/#breadcrumb\",\"itemListElement\":[{\"@type\":\"ListItem\",\"position\":1,\"name\":\"Home\",\"item\":\"https:\/\/www.maiteksrl.com\/fr\/\"},{\"@type\":\"ListItem\",\"position\":2,\"name\":\"Recrutement\"}]},{\"@type\":\"WebSite\",\"@id\":\"https:\/\/www.maiteksrl.com\/fr\/#website\",\"url\":\"https:\/\/www.maiteksrl.com\/fr\/\",\"name\":\"Maitek srl\",\"description\":\"Impianti per il settore estrattivo: disidratazione fanghi, lavaggio e frantumazione inerti, abbattimento polveri.\",\"potentialAction\":[{\"@type\":\"SearchAction\",\"target\":{\"@type\":\"EntryPoint\",\"urlTemplate\":\"https:\/\/www.maiteksrl.com\/fr\/?s={search_term_string}\"},\"query-input\":{\"@type\":\"PropertyValueSpecification\",\"valueRequired\":true,\"valueName\":\"search_term_string\"}}],\"inLanguage\":\"fr-FR\"}]}<\/script>\n<!-- \/ Yoast SEO plugin. -->","yoast_head_json":{"title":"Maitek srl | Recrutement - Secteur minier","description":"Maitek srl | MAITEK recherche des dealers\/agents pour les march\u00e9s \u00e9trangers (Afrique, Europe, Moyen-Orient). Notre soci\u00e9t\u00e9 recherche du personnel...","robots":{"index":"index","follow":"follow","max-snippet":"max-snippet:-1","max-image-preview":"max-image-preview:large","max-video-preview":"max-video-preview:-1"},"canonical":"https:\/\/www.maiteksrl.com\/fr\/recrutement\/","og_locale":"fr_FR","og_type":"article","og_title":"Maitek srl | Recrutement - Secteur minier","og_description":"MAITEK recherche des dealers\/agents pour les march\u00e9s \u00e9trangers (Afrique, Europe, Moyen-Orient).Notre soci\u00e9t\u00e9 recherche du personnel commercial.","og_url":"https:\/\/www.maiteksrl.com\/fr\/recrutement\/","og_site_name":"Maitek srl","article_modified_time":"2026-03-30T10:28:40+00:00","og_image":[{"width":1200,"height":682,"url":"https:\/\/www.maiteksrl.com\/wp-content\/uploads\/2017\/07\/impianti-per-la-frantumazione-di-inerti-1.jpg","type":"image\/jpeg"}],"twitter_card":"summary_large_image","twitter_title":"Maitek srl | Recrutement - Secteur minier","twitter_description":"MAITEK recherche des dealers\/agents pour les march\u00e9s \u00e9trangers (Afrique, Europe, Moyen-Orient).Notre soci\u00e9t\u00e9 recherche du personnel commercial.","twitter_image":"https:\/\/www.maiteksrl.com\/wp-content\/uploads\/2017\/07\/impianti-per-la-frantumazione-di-inerti-1.jpg","twitter_misc":{"Dur\u00e9e de lecture estim\u00e9e":"1 minute"},"schema":{"@context":"https:\/\/schema.org","@graph":[{"@type":"WebPage","@id":"https:\/\/www.maiteksrl.com\/fr\/recrutement\/","url":"https:\/\/www.maiteksrl.com\/fr\/recrutement\/","name":"Maitek srl | Recrutement - Secteur minier","isPartOf":{"@id":"https:\/\/www.maiteksrl.com\/fr\/#website"},"datePublished":"2013-10-31T15:08:47+00:00","dateModified":"2026-03-30T10:28:40+00:00","description":"Maitek srl | MAITEK recherche des dealers\/agents pour les march\u00e9s \u00e9trangers (Afrique, Europe, Moyen-Orient). Notre soci\u00e9t\u00e9 recherche du personnel commercial. Si vous","breadcrumb":{"@id":"https:\/\/www.maiteksrl.com\/fr\/recrutement\/#breadcrumb"},"inLanguage":"fr-FR","potentialAction":[{"@type":"ReadAction","target":["https:\/\/www.maiteksrl.com\/fr\/recrutement\/"]}]},{"@type":"BreadcrumbList","@id":"https:\/\/www.maiteksrl.com\/fr\/recrutement\/#breadcrumb","itemListElement":[{"@type":"ListItem","position":1,"name":"Home","item":"https:\/\/www.maiteksrl.com\/fr\/"},{"@type":"ListItem","position":2,"name":"Recrutement"}]},{"@type":"WebSite","@id":"https:\/\/www.maiteksrl.com\/fr\/#website","url":"https:\/\/www.maiteksrl.com\/fr\/","name":"Maitek srl","description":"Impianti per il settore estrattivo: disidratazione fanghi, lavaggio e frantumazione inerti, abbattimento polveri.","potentialAction":[{"@type":"SearchAction","target":{"@type":"EntryPoint","urlTemplate":"https:\/\/www.maiteksrl.com\/fr\/?s={search_term_string}"},"query-input":{"@type":"PropertyValueSpecification","valueRequired":true,"valueName":"search_term_string"}}],"inLanguage":"fr-FR"}]}},"_links":{"self":[{"href":"https:\/\/www.maiteksrl.com\/fr\/wp-json\/wp\/v2\/pages\/916","targetHints":{"allow":["GET"]}}],"collection":[{"href":"https:\/\/www.maiteksrl.com\/fr\/wp-json\/wp\/v2\/pages"}],"about":[{"href":"https:\/\/www.maiteksrl.com\/fr\/wp-json\/wp\/v2\/types\/page"}],"author":[{"embeddable":true,"href":"https:\/\/www.maiteksrl.com\/fr\/wp-json\/wp\/v2\/users\/3"}],"replies":[{"embeddable":true,"href":"https:\/\/www.maiteksrl.com\/fr\/wp-json\/wp\/v2\/comments?post=916"}],"version-history":[{"count":2,"href":"https:\/\/www.maiteksrl.com\/fr\/wp-json\/wp\/v2\/pages\/916\/revisions"}],"predecessor-version":[{"id":4525,"href":"https:\/\/www.maiteksrl.com\/fr\/wp-json\/wp\/v2\/pages\/916\/revisions\/4525"}],"wp:attachment":[{"href":"https:\/\/www.maiteksrl.com\/fr\/wp-json\/wp\/v2\/media?parent=916"}],"curies":[{"name":"wp","href":"https:\/\/api.w.org\/{rel}","templated":true}]}}