{"id":907,"date":"2013-11-07T16:08:33","date_gmt":"2013-11-07T15:08:33","guid":{"rendered":"https:\/\/www.maiteksrl.com\/richiesta-info\/"},"modified":"2026-03-30T12:22:32","modified_gmt":"2026-03-30T10:22:32","slug":"demande-dinformations","status":"publish","type":"page","link":"https:\/\/www.maiteksrl.com\/fr\/demande-dinformations\/","title":{"rendered":"Demande d&rsquo;informations"},"content":{"rendered":"<p><img loading=\"lazy\" decoding=\"async\" class=\"alignnone size-full wp-image-4019\" src=\"https:\/\/www.maiteksrl.com\/wp-content\/uploads\/2017\/08\/contatti-Recuperato6.jpg\" alt=\"\" width=\"1160\" height=\"500\" srcset=\"https:\/\/www.maiteksrl.com\/wp-content\/uploads\/2017\/08\/contatti-Recuperato6.jpg 1160w, https:\/\/www.maiteksrl.com\/wp-content\/uploads\/2017\/08\/contatti-Recuperato6-300x129.jpg 300w, https:\/\/www.maiteksrl.com\/wp-content\/uploads\/2017\/08\/contatti-Recuperato6-768x331.jpg 768w, https:\/\/www.maiteksrl.com\/wp-content\/uploads\/2017\/08\/contatti-Recuperato6-1024x441.jpg 1024w\" sizes=\"auto, (max-width: 1160px) 100vw, 1160px\" \/><\/p>\n<p>&nbsp;<\/p>\n<p><strong>DIRECTEURS COMMERCIAUX POUR L\u2019ETRANGER:<\/strong>\u00a0Marcello SPURI &#8211; Stefano GALLI &#8211; Franco SAVELLI<\/p>\n<p><strong>DIRECTEUR COMMERCIAL POUR L&rsquo;ITALIE:<\/strong> Giancarlo GALLI<\/p>\n<p><strong>ASSISTANTES COMMERCIALES ITALIE\/ETRANGER:<\/strong>\u00a0Michela PERINI<\/p>\n<p><strong>SERVICE TECHNIQUE ET ATELIER DE PRODUCTION:<\/strong> Ing. Giacomo BIZZARRI<\/p>\n<p><strong>SERVICE ADMINISTRATIF:<\/strong>\u00a0Carla BERTINI<\/p>\n<p><strong>BUREAU D&rsquo;ACHAT<\/strong><strong>:<\/strong>\u00a0Giacomo BATTISTELLI<\/p>\n<p><strong>ASSISTANCE TECHNIQUE :<\/strong> Marcello SPURI &#8211;\u00a0Giacomo BIZZARRI<\/p>\n<p>&nbsp;<\/p>\n<h2>Pour tout renseignement et\/ou question contactez-nous:<\/h2>\n<p>&nbsp;<\/p>\n<h5><\/h5>\n<h5><strong>e-mail: \u00a0 <span style=\"color: #2bb8cb;\">\u00a0<em>info@maiteksrl.com<\/em><\/span><\/strong><br \/>\n<strong> Tel: \u00a0 \u00a0 \u00a0 \u00a0 <span style=\"color: #2bb8cb;\"><em>+39 0721 959340<\/em><\/span><\/strong><br \/>\n<strong> FAX: \u00a0 \u00a0 \u00a0 <span style=\"color: #2bb8cb;\"><em>+39 0721 936623<\/em><\/span><\/strong><\/h5>\n<p>&nbsp;<\/p>\n<p>&nbsp;<\/p>\n\n<div class=\"wpcf7 no-js\" id=\"wpcf7-f4253-o1\" lang=\"it-IT\" dir=\"ltr\" data-wpcf7-id=\"4253\">\n<div class=\"screen-reader-response\"><p role=\"status\" aria-live=\"polite\" aria-atomic=\"true\"><\/p> <ul><\/ul><\/div>\n<form action=\"\/fr\/wp-json\/wp\/v2\/pages\/907#wpcf7-f4253-o1\" method=\"post\" class=\"wpcf7-form init\" aria-label=\"Modulo di contatto\" novalidate=\"novalidate\" data-status=\"init\">\n<div style=\"display: none;\">\n<input type=\"hidden\" name=\"_wpcf7\" value=\"4253\" \/>\n<input type=\"hidden\" name=\"_wpcf7_version\" value=\"6.0.6\" \/>\n<input type=\"hidden\" name=\"_wpcf7_locale\" value=\"it_IT\" \/>\n<input type=\"hidden\" name=\"_wpcf7_unit_tag\" value=\"wpcf7-f4253-o1\" \/>\n<input type=\"hidden\" name=\"_wpcf7_container_post\" value=\"0\" \/>\n<input type=\"hidden\" name=\"_wpcf7_posted_data_hash\" value=\"\" \/>\n<input type=\"hidden\" name=\"_wpcf7_recaptcha_response\" value=\"\" \/>\n<\/div>\n<div class=\"row\">\n\t<div class=\"large-12 columns\">\n\t\t<p><label><strong>Nom*<\/strong><br \/>\n<span class=\"wpcf7-form-control-wrap\" data-name=\"nome\"><input size=\"40\" maxlength=\"400\" class=\"wpcf7-form-control wpcf7-text wpcf7-validates-as-required\" aria-required=\"true\" aria-invalid=\"false\" value=\"\" type=\"text\" name=\"nome\" \/><\/span> <\/label>\n\t\t<\/p>\n\t<\/div>\n\t<div class=\"large-12 columns\">\n\t\t<p><label><strong>Nom de famille*<\/strong><br \/>\n<span class=\"wpcf7-form-control-wrap\" data-name=\"cognome\"><input size=\"40\" maxlength=\"400\" class=\"wpcf7-form-control wpcf7-text wpcf7-validates-as-required\" aria-required=\"true\" aria-invalid=\"false\" value=\"\" type=\"text\" name=\"cognome\" \/><\/span> <\/label>\n\t\t<\/p>\n\t<\/div>\n<\/div>\n<div class=\"row\">\n\t<div class=\"large-12 columns\">\n\t\t<p><label><strong>Soci\u00e9t\u00e9*<\/strong><br \/>\n<span class=\"wpcf7-form-control-wrap\" data-name=\"azienda\"><input size=\"40\" maxlength=\"400\" class=\"wpcf7-form-control wpcf7-text wpcf7-validates-as-required\" aria-required=\"true\" aria-invalid=\"false\" value=\"\" type=\"text\" name=\"azienda\" \/><\/span> <\/label>\n\t\t<\/p>\n\t<\/div>\n\t<div class=\"large-12 columns\">\n\t\t<p><label><strong> Secteur dans lequel il op\u00e8re<\/strong><br \/>\n<span class=\"wpcf7-form-control-wrap\" data-name=\"settore\"><input size=\"40\" maxlength=\"400\" class=\"wpcf7-form-control wpcf7-text\" aria-invalid=\"false\" value=\"\" type=\"text\" name=\"settore\" \/><\/span> <\/label>\n\t\t<\/p>\n\t<\/div>\n<\/div>\n<div class=\"row\">\n\t<div class=\"large-12 columns\">\n\t\t<p><label><strong> Email*<\/strong><br \/>\n<span class=\"wpcf7-form-control-wrap\" data-name=\"email\"><input size=\"40\" maxlength=\"400\" class=\"wpcf7-form-control wpcf7-email wpcf7-validates-as-required wpcf7-text wpcf7-validates-as-email\" aria-required=\"true\" aria-invalid=\"false\" value=\"\" type=\"email\" name=\"email\" \/><\/span> <\/label>\n\t\t<\/p>\n\t<\/div>\n\t<div class=\"large-12 columns\">\n\t\t<p><label><strong> T\u00e9l\u00e9phone*<\/strong><br \/>\n<span class=\"wpcf7-form-control-wrap\" data-name=\"telefono\"><input size=\"40\" maxlength=\"400\" class=\"wpcf7-form-control wpcf7-text wpcf7-validates-as-required\" aria-required=\"true\" aria-invalid=\"false\" value=\"\" type=\"text\" name=\"telefono\" \/><\/span> <\/label>\n\t\t<\/p>\n\t<\/div>\n<\/div>\n<div class=\"row\">\n\t<div class=\"large-12 columns\">\n\t\t<p><label><strong>Pays*<\/strong><br \/>\n<span class=\"wpcf7-form-control-wrap\" data-name=\"paese\"><input size=\"40\" maxlength=\"400\" class=\"wpcf7-form-control wpcf7-text wpcf7-validates-as-required\" aria-required=\"true\" aria-invalid=\"false\" value=\"\" type=\"text\" name=\"paese\" \/><\/span> <\/label>\n\t\t<\/p>\n\t<\/div>\n\t<div class=\"large-12 columns\">\n\t\t<p><label><strong>Produit d'int\u00e9r\u00eat*<\/strong><br \/>\n<span class=\"wpcf7-form-control-wrap\" data-name=\"prodotto\"><select class=\"wpcf7-form-control wpcf7-select wpcf7-validates-as-required\" aria-required=\"true\" aria-invalid=\"false\" name=\"prodotto\"><option value=\"Machines et installations pour la d\u00e9shydratation des boues\">Machines et installations pour la d\u00e9shydratation des boues<\/option><option value=\"Equipement pour le lavage des agr\u00e9gats et la r\u00e9cup\u00e9ration de sable\">Equipement pour le lavage des agr\u00e9gats et la r\u00e9cup\u00e9ration de sable<\/option><option value=\"Syst\u00e8mes pour l\u2019abattage des poussi\u00e8res\">Syst\u00e8mes pour l\u2019abattage des poussi\u00e8res<\/option><option value=\"Machines et installations fixes, semi-fixes et mobiles pour le traitement et recyclage des agr\u00e9gats\">Machines et installations fixes, semi-fixes et mobiles pour le traitement et recyclage des agr\u00e9gats<\/option><option value=\"Installations pour la clarification des eaux\">Installations pour la clarification des eaux<\/option><option value=\"plus\">plus<\/option><\/select><\/span> <\/label>\n\t\t<\/p>\n\t<\/div>\n<\/div>\n<div class=\"row\">\n\t<div class=\"large-12 columns\">\n\t\t<p><label><strong> Message*<\/strong><br \/>\n<span class=\"wpcf7-form-control-wrap\" data-name=\"Messaggio\"><textarea cols=\"40\" rows=\"10\" maxlength=\"2000\" class=\"wpcf7-form-control wpcf7-textarea\" aria-invalid=\"false\" name=\"Messaggio\"><\/textarea><\/span> <\/label>\n\t\t<\/p>\n\t<\/div>\n<\/div>\n<div class=\"row\">\n\t<div class=\"large-12 columns\">\n\t\t<p><label> <span class=\"wpcf7-form-control-wrap\" data-name=\"policy\"><span class=\"wpcf7-form-control wpcf7-acceptance\"><span class=\"wpcf7-list-item\"><input type=\"checkbox\" name=\"policy\" value=\"1\" aria-invalid=\"false\" \/><\/span><\/span><\/span> J\u2019ai lu et j\u2019accepte le traitement des donn\u00e9es personnelles conform\u00e9ment \u00e0 la <a href=\"\"\/fr\/privacy-policy\"\" target=\"\"_blank\"\">politique de confidentialit\u00e9<\/a><\/label>\n\t\t<\/p>\n\t<\/div>\n\t<div class=\"large-12 columns\">\n\t\t<p><label>Consentement \u00e0 l\u2019envoi de mat\u00e9riel informatif, d\u2019offres et de promotions: <span class=\"wpcf7-form-control-wrap\" data-name=\"marketing\"><span class=\"wpcf7-form-control wpcf7-radio\"><span class=\"wpcf7-list-item first\"><input type=\"radio\" name=\"marketing\" value=\"J&#039;accepte\" \/><span class=\"wpcf7-list-item-label\">J&#039;accepte<\/span><\/span><span class=\"wpcf7-list-item last\"><input type=\"radio\" name=\"marketing\" value=\"Je n\u2019accepte pas\" \/><span class=\"wpcf7-list-item-label\">Je n\u2019accepte pas<\/span><\/span><\/span><\/span> <\/label><br \/>\n\t\t\n\t\t<\/p>\n\t\t<p><input class=\"wpcf7-form-control wpcf7-submit has-spinner\" type=\"submit\" value=\"Envoyer\" \/>\n\t\t<\/p>\n\t<\/div>\n<\/div><div class=\"wpcf7-response-output\" aria-hidden=\"true\"><\/div>\n<\/form>\n<\/div>\n\n","protected":false},"excerpt":{"rendered":"<p>&nbsp; DIRECTEURS COMMERCIAUX POUR L\u2019ETRANGER:\u00a0Marcello SPURI &#8211; Stefano GALLI &#8211; Franco SAVELLI DIRECTEUR COMMERCIAL POUR L&rsquo;ITALIE: Giancarlo GALLI ASSISTANTES COMMERCIALES ITALIE\/ETRANGER:\u00a0Michela PERINI SERVICE TECHNIQUE ET ATELIER DE PRODUCTION: Ing. Giacomo [&hellip;]<\/p>\n","protected":false},"author":3,"featured_media":0,"parent":0,"menu_order":0,"comment_status":"closed","ping_status":"closed","template":"","meta":{"_acf_changed":false,"footnotes":""},"class_list":["post-907","page","type-page","status-publish","hentry"],"acf":[],"yoast_head":"<!-- This site is optimized with the Yoast SEO plugin v27.0 - https:\/\/yoast.com\/product\/yoast-seo-wordpress\/ -->\n<title>Maitek srl | Demande d&#039;informations - Secteur minier<\/title>\n<meta name=\"description\" content=\"Maitek srl | &nbsp; DIRECTEURS COMMERCIAUX POUR L\u2019ETRANGER:\u00a0Marcello SPURI - Stefano GALLI - Franco SAVELLI DIRECTEUR COMMERCIAL POUR L&#039;ITALIE: Giancarlo...\" \/>\n<meta name=\"robots\" content=\"index, follow, max-snippet:-1, max-image-preview:large, max-video-preview:-1\" \/>\n<link rel=\"canonical\" href=\"https:\/\/www.maiteksrl.com\/fr\/demande-dinformations\/\" \/>\n<meta property=\"og:locale\" content=\"fr_FR\" \/>\n<meta property=\"og:type\" content=\"article\" \/>\n<meta property=\"og:title\" content=\"Demande d&#039;informations Maitek\" \/>\n<meta property=\"og:description\" content=\"Contacts Maitek. Pour tout renseignement et\/ou question contactez-nous.\" \/>\n<meta property=\"og:url\" content=\"https:\/\/www.maiteksrl.com\/fr\/demande-dinformations\/\" \/>\n<meta property=\"og:site_name\" content=\"Maitek srl\" \/>\n<meta property=\"article:modified_time\" content=\"2026-03-30T10:22:32+00:00\" \/>\n<meta property=\"og:image\" content=\"https:\/\/www.maiteksrl.com\/wp-content\/uploads\/2017\/08\/contatti-Recuperato6.jpg\" \/>\n\t<meta property=\"og:image:width\" content=\"1160\" \/>\n\t<meta property=\"og:image:height\" content=\"500\" \/>\n\t<meta property=\"og:image:type\" content=\"image\/jpeg\" \/>\n<meta name=\"twitter:card\" content=\"summary_large_image\" \/>\n<meta name=\"twitter:title\" content=\"Demande d&#039;informations\" \/>\n<meta name=\"twitter:description\" content=\"Contacts Maitek. Pour tout renseignement et\/ou question contactez-nous.\" \/>\n<meta name=\"twitter:image\" content=\"https:\/\/www.maiteksrl.com\/wp-content\/uploads\/2017\/08\/contatti-Recuperato6.jpg\" \/>\n<meta name=\"twitter:label1\" content=\"Dur\u00e9e de lecture estim\u00e9e\" \/>\n\t<meta name=\"twitter:data1\" content=\"1 minute\" \/>\n<script type=\"application\/ld+json\" class=\"yoast-schema-graph\">{\"@context\":\"https:\/\/schema.org\",\"@graph\":[{\"@type\":\"WebPage\",\"@id\":\"https:\/\/www.maiteksrl.com\/fr\/demande-dinformations\/\",\"url\":\"https:\/\/www.maiteksrl.com\/fr\/demande-dinformations\/\",\"name\":\"Maitek srl | Demande d'informations - Secteur minier\",\"isPartOf\":{\"@id\":\"https:\/\/www.maiteksrl.com\/fr\/#website\"},\"primaryImageOfPage\":{\"@id\":\"https:\/\/www.maiteksrl.com\/fr\/demande-dinformations\/#primaryimage\"},\"image\":{\"@id\":\"https:\/\/www.maiteksrl.com\/fr\/demande-dinformations\/#primaryimage\"},\"thumbnailUrl\":\"https:\/\/www.maiteksrl.com\/wp-content\/uploads\/2017\/08\/contatti-Recuperato6.jpg\",\"datePublished\":\"2013-11-07T15:08:33+00:00\",\"dateModified\":\"2026-03-30T10:22:32+00:00\",\"description\":\"Maitek srl | &nbsp; DIRECTEURS COMMERCIAUX POUR L\u2019ETRANGER:\u00a0Marcello SPURI - Stefano GALLI - Franco SAVELLI DIRECTEUR COMMERCIAL POUR L'ITALIE: Giancarlo GALLI\",\"breadcrumb\":{\"@id\":\"https:\/\/www.maiteksrl.com\/fr\/demande-dinformations\/#breadcrumb\"},\"inLanguage\":\"fr-FR\",\"potentialAction\":[{\"@type\":\"ReadAction\",\"target\":[\"https:\/\/www.maiteksrl.com\/fr\/demande-dinformations\/\"]}]},{\"@type\":\"ImageObject\",\"inLanguage\":\"fr-FR\",\"@id\":\"https:\/\/www.maiteksrl.com\/fr\/demande-dinformations\/#primaryimage\",\"url\":\"https:\/\/www.maiteksrl.com\/wp-content\/uploads\/2017\/08\/contatti-Recuperato6.jpg\",\"contentUrl\":\"https:\/\/www.maiteksrl.com\/wp-content\/uploads\/2017\/08\/contatti-Recuperato6.jpg\"},{\"@type\":\"BreadcrumbList\",\"@id\":\"https:\/\/www.maiteksrl.com\/fr\/demande-dinformations\/#breadcrumb\",\"itemListElement\":[{\"@type\":\"ListItem\",\"position\":1,\"name\":\"Home\",\"item\":\"https:\/\/www.maiteksrl.com\/fr\/\"},{\"@type\":\"ListItem\",\"position\":2,\"name\":\"Demande d&rsquo;informations\"}]},{\"@type\":\"WebSite\",\"@id\":\"https:\/\/www.maiteksrl.com\/fr\/#website\",\"url\":\"https:\/\/www.maiteksrl.com\/fr\/\",\"name\":\"Maitek srl\",\"description\":\"Impianti per il settore estrattivo: disidratazione fanghi, lavaggio e frantumazione inerti, abbattimento polveri.\",\"potentialAction\":[{\"@type\":\"SearchAction\",\"target\":{\"@type\":\"EntryPoint\",\"urlTemplate\":\"https:\/\/www.maiteksrl.com\/fr\/?s={search_term_string}\"},\"query-input\":{\"@type\":\"PropertyValueSpecification\",\"valueRequired\":true,\"valueName\":\"search_term_string\"}}],\"inLanguage\":\"fr-FR\"}]}<\/script>\n<!-- \/ Yoast SEO plugin. -->","yoast_head_json":{"title":"Maitek srl | Demande d'informations - Secteur minier","description":"Maitek srl | &nbsp; DIRECTEURS COMMERCIAUX POUR L\u2019ETRANGER:\u00a0Marcello SPURI - Stefano GALLI - Franco SAVELLI DIRECTEUR COMMERCIAL POUR L'ITALIE: Giancarlo...","robots":{"index":"index","follow":"follow","max-snippet":"max-snippet:-1","max-image-preview":"max-image-preview:large","max-video-preview":"max-video-preview:-1"},"canonical":"https:\/\/www.maiteksrl.com\/fr\/demande-dinformations\/","og_locale":"fr_FR","og_type":"article","og_title":"Demande d'informations Maitek","og_description":"Contacts Maitek. Pour tout renseignement et\/ou question contactez-nous.","og_url":"https:\/\/www.maiteksrl.com\/fr\/demande-dinformations\/","og_site_name":"Maitek srl","article_modified_time":"2026-03-30T10:22:32+00:00","og_image":[{"width":1160,"height":500,"url":"https:\/\/www.maiteksrl.com\/wp-content\/uploads\/2017\/08\/contatti-Recuperato6.jpg","type":"image\/jpeg"}],"twitter_card":"summary_large_image","twitter_title":"Demande d'informations","twitter_description":"Contacts Maitek. Pour tout renseignement et\/ou question contactez-nous.","twitter_image":"https:\/\/www.maiteksrl.com\/wp-content\/uploads\/2017\/08\/contatti-Recuperato6.jpg","twitter_misc":{"Dur\u00e9e de lecture estim\u00e9e":"1 minute"},"schema":{"@context":"https:\/\/schema.org","@graph":[{"@type":"WebPage","@id":"https:\/\/www.maiteksrl.com\/fr\/demande-dinformations\/","url":"https:\/\/www.maiteksrl.com\/fr\/demande-dinformations\/","name":"Maitek srl | Demande d'informations - Secteur minier","isPartOf":{"@id":"https:\/\/www.maiteksrl.com\/fr\/#website"},"primaryImageOfPage":{"@id":"https:\/\/www.maiteksrl.com\/fr\/demande-dinformations\/#primaryimage"},"image":{"@id":"https:\/\/www.maiteksrl.com\/fr\/demande-dinformations\/#primaryimage"},"thumbnailUrl":"https:\/\/www.maiteksrl.com\/wp-content\/uploads\/2017\/08\/contatti-Recuperato6.jpg","datePublished":"2013-11-07T15:08:33+00:00","dateModified":"2026-03-30T10:22:32+00:00","description":"Maitek srl | &nbsp; DIRECTEURS COMMERCIAUX POUR L\u2019ETRANGER:\u00a0Marcello SPURI - Stefano GALLI - Franco SAVELLI DIRECTEUR COMMERCIAL POUR L'ITALIE: Giancarlo GALLI","breadcrumb":{"@id":"https:\/\/www.maiteksrl.com\/fr\/demande-dinformations\/#breadcrumb"},"inLanguage":"fr-FR","potentialAction":[{"@type":"ReadAction","target":["https:\/\/www.maiteksrl.com\/fr\/demande-dinformations\/"]}]},{"@type":"ImageObject","inLanguage":"fr-FR","@id":"https:\/\/www.maiteksrl.com\/fr\/demande-dinformations\/#primaryimage","url":"https:\/\/www.maiteksrl.com\/wp-content\/uploads\/2017\/08\/contatti-Recuperato6.jpg","contentUrl":"https:\/\/www.maiteksrl.com\/wp-content\/uploads\/2017\/08\/contatti-Recuperato6.jpg"},{"@type":"BreadcrumbList","@id":"https:\/\/www.maiteksrl.com\/fr\/demande-dinformations\/#breadcrumb","itemListElement":[{"@type":"ListItem","position":1,"name":"Home","item":"https:\/\/www.maiteksrl.com\/fr\/"},{"@type":"ListItem","position":2,"name":"Demande d&rsquo;informations"}]},{"@type":"WebSite","@id":"https:\/\/www.maiteksrl.com\/fr\/#website","url":"https:\/\/www.maiteksrl.com\/fr\/","name":"Maitek srl","description":"Impianti per il settore estrattivo: disidratazione fanghi, lavaggio e frantumazione inerti, abbattimento polveri.","potentialAction":[{"@type":"SearchAction","target":{"@type":"EntryPoint","urlTemplate":"https:\/\/www.maiteksrl.com\/fr\/?s={search_term_string}"},"query-input":{"@type":"PropertyValueSpecification","valueRequired":true,"valueName":"search_term_string"}}],"inLanguage":"fr-FR"}]}},"_links":{"self":[{"href":"https:\/\/www.maiteksrl.com\/fr\/wp-json\/wp\/v2\/pages\/907","targetHints":{"allow":["GET"]}}],"collection":[{"href":"https:\/\/www.maiteksrl.com\/fr\/wp-json\/wp\/v2\/pages"}],"about":[{"href":"https:\/\/www.maiteksrl.com\/fr\/wp-json\/wp\/v2\/types\/page"}],"author":[{"embeddable":true,"href":"https:\/\/www.maiteksrl.com\/fr\/wp-json\/wp\/v2\/users\/3"}],"replies":[{"embeddable":true,"href":"https:\/\/www.maiteksrl.com\/fr\/wp-json\/wp\/v2\/comments?post=907"}],"version-history":[{"count":34,"href":"https:\/\/www.maiteksrl.com\/fr\/wp-json\/wp\/v2\/pages\/907\/revisions"}],"predecessor-version":[{"id":7777,"href":"https:\/\/www.maiteksrl.com\/fr\/wp-json\/wp\/v2\/pages\/907\/revisions\/7777"}],"wp:attachment":[{"href":"https:\/\/www.maiteksrl.com\/fr\/wp-json\/wp\/v2\/media?parent=907"}],"curies":[{"name":"wp","href":"https:\/\/api.w.org\/{rel}","templated":true}]}}