{"id":895,"date":"2013-10-11T17:09:44","date_gmt":"2013-10-11T15:09:44","guid":{"rendered":"https:\/\/www.maiteksrl.com\/storia\/"},"modified":"2026-03-30T12:57:29","modified_gmt":"2026-03-30T10:57:29","slug":"historique","status":"publish","type":"page","link":"https:\/\/www.maiteksrl.com\/fr\/historique\/","title":{"rendered":"Historique"},"content":{"rendered":"<h2><strong>MAITEK<\/strong>\u00a0d\u00e9marre ses activit\u00e9s en 1999 avec l&rsquo;objectif de d\u00e9velopper des technologies pour le secteur des mines et carri\u00e8res.<\/h2>\n<p>&nbsp;<\/p>\n<p><img loading=\"lazy\" decoding=\"async\" class=\"alignnone size-full wp-image-1039\" src=\"https:\/\/www.maiteksrl.com\/wp-content\/uploads\/2017\/07\/maitek-staff2-interni_-32.jpg\" alt=\"\" width=\"1650\" height=\"740\" srcset=\"https:\/\/www.maiteksrl.com\/wp-content\/uploads\/2017\/07\/maitek-staff2-interni_-32.jpg 1650w, https:\/\/www.maiteksrl.com\/wp-content\/uploads\/2017\/07\/maitek-staff2-interni_-32-300x135.jpg 300w, https:\/\/www.maiteksrl.com\/wp-content\/uploads\/2017\/07\/maitek-staff2-interni_-32-768x344.jpg 768w, https:\/\/www.maiteksrl.com\/wp-content\/uploads\/2017\/07\/maitek-staff2-interni_-32-1024x459.jpg 1024w\" sizes=\"auto, (max-width: 1650px) 100vw, 1650px\" \/><\/p>\n<p>&nbsp;<\/p>\n<p>Son \u00e9quipe se compose d&rsquo;ing\u00e9nieurs et experts ayants 30 ans d&rsquo;exp\u00e9rience sur le champ.<br \/>\nD\u00e8s le commencement l\u2019entreprise s\u2019est occup\u00e9e des <strong>probl\u00e8mes \u00e9cologiques<\/strong> et environnementaux li\u00e9s aux processus employ\u00e9s dans les mines et carri\u00e8res.<br \/>\nSuccessivement MAITEK\u00a0d\u00e9veloppe un syst\u00e8me exclusif pour l\u2019<strong>abattage des poussi\u00e8res issues<\/strong> durant le processus de traitement des agr\u00e9gats.<br \/>\nEnsuite il y a le d\u00e9veloppement de <strong>syst\u00e8mes de clarification pour la r\u00e9cup\u00e9ration des eaux<\/strong> utilis\u00e9es dans les processus industriels et les syst\u00e8mes pour la d\u00e9shydratation des boues.<\/p>\n<p>En 2002 MAITEK\u00a0commence la fabrication de s\u00e9parateurs centrifuges \u00e0 axe horizontal (d\u00e9canteurs) dans la version &lsquo;<strong>heavy duty<\/strong>&lsquo; qui sont appropri\u00e9s sp\u00e9cialement pour l\u2019application dans le domaine des mines et carri\u00e8res.<\/p>\n<p>Toutes les installations MAITEK\u00a0sont \u00e9quip\u00e9es avec des syst\u00e8mes de gestion caract\u00e9ris\u00e9 par un niveau d&rsquo;automatisation tr\u00e8s \u00e9lev\u00e9 avec la possibilit\u00e9 de t\u00e9l\u00e9-contr\u00f4le et t\u00e9l\u00e9assistance.<\/p>\n<p>Au cours des ann\u00e9es la croissante sensibilit\u00e9 envers l&rsquo;environnement, entraine l\u2019application de nouvelles lois en Italie, en Europe et dans le monde entier sur le sujet de l&rsquo;exploitation des carri\u00e8res. Parmi les probl\u00e8mes environnementaux, le manque d&rsquo;eau, les \u00e9missions de poussi\u00e8re dans les installations de concassage et le traitement des boues sont devenus les plus urgents \u00e0 r\u00e9soudre, \u00e0 ce propos MAITEK propose \u00e0 ses clients une gamme de produits appropri\u00e9s \u00e0 r\u00e9soudre ces probl\u00e8mes et \u00e0 r\u00e9pondre aux nouvelles exigences du march\u00e9.<\/p>\n<p>&nbsp;<\/p>\n<p>Nos \u00e9quipements incluent\u00a0les installations compl\u00e8tes pour le traitement des boues, les s\u00e9parateurs centrifuges (d\u00e9canteurs), les filtres-presses \u00e0 plaques, les syst\u00e8mes de pr\u00e9paration du poly\u00e9lectrolyte, les cuves \u00e0 boues, les installations de clarification des eaux, les syst\u00e8mes pour l\u2019abattage des poussi\u00e8res, modules de cyclonage pour le traitement du sable, machines et installations fixes, semi-fixes et mobiles pour le concassage, criblage, lavage, transport et mise en tas des agr\u00e9gats, installations fixes, semi-fixes et mobiles pour le traitement et recyclage des mat\u00e9riaux issus des constructions\/d\u00e9molitions, de relevage des chauss\u00e9es, des travaux routiers, et stations pour la trituration et le tri des d\u00e9chets.<\/p>\n<p>Pour la gestion des stations susmentionn\u00e9es MAITEK fourni \u00e9galement des installations \u00e9lectriques compl\u00e8tes enti\u00e8rement automatis\u00e9es. \u00a0 Nos march\u00e9s de r\u00e9f\u00e9rence sont: l&rsquo;Italie, l&rsquo;Europe, la r\u00e9gion M\u00e9diterran\u00e9enne et le Moyen-Orient.<\/p>\n<p>&nbsp;<\/p>\n\n\t\t<style type=\"text\/css\">\n\t\t\t#gallery-1 {\n\t\t\t\tmargin: auto;\n\t\t\t}\n\t\t\t#gallery-1 .gallery-item {\n\t\t\t\tfloat: left;\n\t\t\t\tmargin-top: 10px;\n\t\t\t\ttext-align: center;\n\t\t\t\twidth: 33%;\n\t\t\t}\n\t\t\t#gallery-1 img {\n\t\t\t\tborder: 2px solid #cfcfcf;\n\t\t\t}\n\t\t\t#gallery-1 .gallery-caption {\n\t\t\t\tmargin-left: 0;\n\t\t\t}\n\t\t\t\/* see gallery_shortcode() in wp-includes\/media.php *\/\n\t\t<\/style>\n\t\t<div id='gallery-1' class='gallery galleryid-895 gallery-columns-3 gallery-size-medium'><dl class='gallery-item'>\n\t\t\t<dt class='gallery-icon landscape'>\n\t\t\t\t<a href='https:\/\/www.maiteksrl.com\/wp-content\/uploads\/2017\/06\/azienda_ok.jpg' title=\"\" data-rl_title=\"\" class=\"rl-gallery-link\" data-rl_caption=\"\" data-rel=\"lightbox-gallery-1\"><img loading=\"lazy\" decoding=\"async\" width=\"300\" height=\"118\" src=\"https:\/\/www.maiteksrl.com\/wp-content\/uploads\/2017\/06\/azienda_ok-300x118.jpg\" class=\"attachment-medium size-medium\" alt=\"\" srcset=\"https:\/\/www.maiteksrl.com\/wp-content\/uploads\/2017\/06\/azienda_ok-300x118.jpg 300w, https:\/\/www.maiteksrl.com\/wp-content\/uploads\/2017\/06\/azienda_ok-768x301.jpg 768w, https:\/\/www.maiteksrl.com\/wp-content\/uploads\/2017\/06\/azienda_ok.jpg 981w\" sizes=\"auto, (max-width: 300px) 100vw, 300px\" \/><\/a>\n\t\t\t<\/dt><\/dl><dl class='gallery-item'>\n\t\t\t<dt class='gallery-icon landscape'>\n\t\t\t\t<a href='https:\/\/www.maiteksrl.com\/wp-content\/uploads\/2017\/06\/azienda_02.jpg' title=\"\" data-rl_title=\"\" class=\"rl-gallery-link\" data-rl_caption=\"\" data-rel=\"lightbox-gallery-1\"><img loading=\"lazy\" decoding=\"async\" width=\"300\" height=\"225\" src=\"https:\/\/www.maiteksrl.com\/wp-content\/uploads\/2017\/06\/azienda_02-300x225.jpg\" class=\"attachment-medium size-medium\" alt=\"\" srcset=\"https:\/\/www.maiteksrl.com\/wp-content\/uploads\/2017\/06\/azienda_02-300x225.jpg 300w, https:\/\/www.maiteksrl.com\/wp-content\/uploads\/2017\/06\/azienda_02-768x576.jpg 768w, https:\/\/www.maiteksrl.com\/wp-content\/uploads\/2017\/06\/azienda_02.jpg 800w\" sizes=\"auto, (max-width: 300px) 100vw, 300px\" \/><\/a>\n\t\t\t<\/dt><\/dl><dl class='gallery-item'>\n\t\t\t<dt class='gallery-icon landscape'>\n\t\t\t\t<a href='https:\/\/www.maiteksrl.com\/wp-content\/uploads\/2017\/06\/azienda_03.jpg' title=\"\" data-rl_title=\"\" class=\"rl-gallery-link\" data-rl_caption=\"\" data-rel=\"lightbox-gallery-1\"><img loading=\"lazy\" decoding=\"async\" width=\"300\" height=\"225\" src=\"https:\/\/www.maiteksrl.com\/wp-content\/uploads\/2017\/06\/azienda_03-300x225.jpg\" class=\"attachment-medium size-medium\" alt=\"\" srcset=\"https:\/\/www.maiteksrl.com\/wp-content\/uploads\/2017\/06\/azienda_03-300x225.jpg 300w, https:\/\/www.maiteksrl.com\/wp-content\/uploads\/2017\/06\/azienda_03-768x576.jpg 768w, https:\/\/www.maiteksrl.com\/wp-content\/uploads\/2017\/06\/azienda_03.jpg 800w\" sizes=\"auto, (max-width: 300px) 100vw, 300px\" \/><\/a>\n\t\t\t<\/dt><\/dl><br style=\"clear: both\" \/><dl class='gallery-item'>\n\t\t\t<dt class='gallery-icon landscape'>\n\t\t\t\t<a href='https:\/\/www.maiteksrl.com\/wp-content\/uploads\/2017\/06\/azienda_04.jpg' title=\"\" data-rl_title=\"\" class=\"rl-gallery-link\" data-rl_caption=\"\" data-rel=\"lightbox-gallery-1\"><img loading=\"lazy\" decoding=\"async\" width=\"300\" height=\"169\" src=\"https:\/\/www.maiteksrl.com\/wp-content\/uploads\/2017\/06\/azienda_04-300x169.jpg\" class=\"attachment-medium size-medium\" alt=\"\" srcset=\"https:\/\/www.maiteksrl.com\/wp-content\/uploads\/2017\/06\/azienda_04-300x169.jpg 300w, https:\/\/www.maiteksrl.com\/wp-content\/uploads\/2017\/06\/azienda_04-768x432.jpg 768w, https:\/\/www.maiteksrl.com\/wp-content\/uploads\/2017\/06\/azienda_04.jpg 800w\" sizes=\"auto, (max-width: 300px) 100vw, 300px\" \/><\/a>\n\t\t\t<\/dt><\/dl><dl class='gallery-item'>\n\t\t\t<dt class='gallery-icon landscape'>\n\t\t\t\t<a href='https:\/\/www.maiteksrl.com\/wp-content\/uploads\/2017\/06\/azienda_05-custom.jpg' title=\"\" data-rl_title=\"\" class=\"rl-gallery-link\" data-rl_caption=\"\" data-rel=\"lightbox-gallery-1\"><img loading=\"lazy\" decoding=\"async\" width=\"300\" height=\"225\" src=\"https:\/\/www.maiteksrl.com\/wp-content\/uploads\/2017\/06\/azienda_05-custom-300x225.jpg\" class=\"attachment-medium size-medium\" alt=\"\" srcset=\"https:\/\/www.maiteksrl.com\/wp-content\/uploads\/2017\/06\/azienda_05-custom-300x225.jpg 300w, https:\/\/www.maiteksrl.com\/wp-content\/uploads\/2017\/06\/azienda_05-custom.jpg 513w\" sizes=\"auto, (max-width: 300px) 100vw, 300px\" \/><\/a>\n\t\t\t<\/dt><\/dl><dl class='gallery-item'>\n\t\t\t<dt class='gallery-icon landscape'>\n\t\t\t\t<a href='https:\/\/www.maiteksrl.com\/wp-content\/uploads\/2017\/06\/azienda_06-custom.jpg' title=\"\" data-rl_title=\"\" class=\"rl-gallery-link\" data-rl_caption=\"\" data-rel=\"lightbox-gallery-1\"><img loading=\"lazy\" decoding=\"async\" width=\"300\" height=\"169\" src=\"https:\/\/www.maiteksrl.com\/wp-content\/uploads\/2017\/06\/azienda_06-custom-300x169.jpg\" class=\"attachment-medium size-medium\" alt=\"\" srcset=\"https:\/\/www.maiteksrl.com\/wp-content\/uploads\/2017\/06\/azienda_06-custom-300x169.jpg 300w, https:\/\/www.maiteksrl.com\/wp-content\/uploads\/2017\/06\/azienda_06-custom-768x432.jpg 768w, https:\/\/www.maiteksrl.com\/wp-content\/uploads\/2017\/06\/azienda_06-custom.jpg 981w\" sizes=\"auto, (max-width: 300px) 100vw, 300px\" \/><\/a>\n\t\t\t<\/dt><\/dl><br style=\"clear: both\" \/><dl class='gallery-item'>\n\t\t\t<dt class='gallery-icon landscape'>\n\t\t\t\t<a href='https:\/\/www.maiteksrl.com\/wp-content\/uploads\/2017\/06\/azienda_07-custom.jpg' title=\"\" data-rl_title=\"\" class=\"rl-gallery-link\" data-rl_caption=\"\" data-rel=\"lightbox-gallery-1\"><img loading=\"lazy\" decoding=\"async\" width=\"300\" height=\"169\" src=\"https:\/\/www.maiteksrl.com\/wp-content\/uploads\/2017\/06\/azienda_07-custom-300x169.jpg\" class=\"attachment-medium size-medium\" alt=\"\" srcset=\"https:\/\/www.maiteksrl.com\/wp-content\/uploads\/2017\/06\/azienda_07-custom-300x169.jpg 300w, https:\/\/www.maiteksrl.com\/wp-content\/uploads\/2017\/06\/azienda_07-custom-768x432.jpg 768w, https:\/\/www.maiteksrl.com\/wp-content\/uploads\/2017\/06\/azienda_07-custom.jpg 981w\" sizes=\"auto, (max-width: 300px) 100vw, 300px\" \/><\/a>\n\t\t\t<\/dt><\/dl><dl class='gallery-item'>\n\t\t\t<dt class='gallery-icon landscape'>\n\t\t\t\t<a href='https:\/\/www.maiteksrl.com\/wp-content\/uploads\/2017\/06\/azienda_08-custom.jpg' title=\"\" data-rl_title=\"\" class=\"rl-gallery-link\" data-rl_caption=\"\" data-rel=\"lightbox-gallery-1\"><img loading=\"lazy\" decoding=\"async\" width=\"300\" height=\"169\" src=\"https:\/\/www.maiteksrl.com\/wp-content\/uploads\/2017\/06\/azienda_08-custom-300x169.jpg\" class=\"attachment-medium size-medium\" alt=\"\" srcset=\"https:\/\/www.maiteksrl.com\/wp-content\/uploads\/2017\/06\/azienda_08-custom-300x169.jpg 300w, https:\/\/www.maiteksrl.com\/wp-content\/uploads\/2017\/06\/azienda_08-custom-768x432.jpg 768w, https:\/\/www.maiteksrl.com\/wp-content\/uploads\/2017\/06\/azienda_08-custom.jpg 981w\" sizes=\"auto, (max-width: 300px) 100vw, 300px\" \/><\/a>\n\t\t\t<\/dt><\/dl><dl class='gallery-item'>\n\t\t\t<dt class='gallery-icon landscape'>\n\t\t\t\t<a href='https:\/\/www.maiteksrl.com\/wp-content\/uploads\/2017\/06\/azienda_09-Custom.jpg' title=\"\" data-rl_title=\"\" class=\"rl-gallery-link\" data-rl_caption=\"\" data-rel=\"lightbox-gallery-1\"><img loading=\"lazy\" decoding=\"async\" width=\"300\" height=\"169\" src=\"https:\/\/www.maiteksrl.com\/wp-content\/uploads\/2017\/06\/azienda_09-Custom-300x169.jpg\" class=\"attachment-medium size-medium\" alt=\"\" srcset=\"https:\/\/www.maiteksrl.com\/wp-content\/uploads\/2017\/06\/azienda_09-Custom-300x169.jpg 300w, https:\/\/www.maiteksrl.com\/wp-content\/uploads\/2017\/06\/azienda_09-Custom-768x432.jpg 768w, https:\/\/www.maiteksrl.com\/wp-content\/uploads\/2017\/06\/azienda_09-Custom-1024x576.jpg 1024w, https:\/\/www.maiteksrl.com\/wp-content\/uploads\/2017\/06\/azienda_09-Custom.jpg 1280w\" sizes=\"auto, (max-width: 300px) 100vw, 300px\" \/><\/a>\n\t\t\t<\/dt><\/dl><br style=\"clear: both\" \/>\n\t\t<\/div>\n\n","protected":false},"excerpt":{"rendered":"<p>MAITEK\u00a0d\u00e9marre ses activit\u00e9s en 1999 avec l&rsquo;objectif de d\u00e9velopper des technologies pour le secteur des mines et carri\u00e8res. &nbsp; &nbsp; Son \u00e9quipe se compose d&rsquo;ing\u00e9nieurs et experts ayants 30 ans [&hellip;]<\/p>\n","protected":false},"author":3,"featured_media":0,"parent":0,"menu_order":0,"comment_status":"closed","ping_status":"closed","template":"","meta":{"_acf_changed":false,"footnotes":""},"class_list":["post-895","page","type-page","status-publish","hentry"],"acf":[],"yoast_head":"<!-- This site is optimized with the Yoast SEO plugin v27.0 - https:\/\/yoast.com\/product\/yoast-seo-wordpress\/ -->\n<title>Maitek srl | Historique - Secteur minier<\/title>\n<meta name=\"description\" content=\"Maitek srl | MAITEK\u00a0d\u00e9marre ses activit\u00e9s en 1999 avec l&#039;objectif de d\u00e9velopper des technologies pour le secteur des mines et carri\u00e8res. &nbsp; &nbsp;...\" \/>\n<meta name=\"robots\" content=\"index, follow, max-snippet:-1, max-image-preview:large, max-video-preview:-1\" \/>\n<link rel=\"canonical\" href=\"https:\/\/www.maiteksrl.com\/fr\/historique\/\" \/>\n<meta property=\"og:locale\" content=\"fr_FR\" \/>\n<meta property=\"og:type\" content=\"article\" \/>\n<meta property=\"og:title\" content=\"Maitek srl | Historique - Secteur minier\" \/>\n<meta property=\"og:description\" content=\"MAITEK\u00a0d\u00e9marre ses activit\u00e9s en 1999 avec l&#039;objectif de d\u00e9velopper des technologies pour le secteur des mines et carri\u00e8res.\" \/>\n<meta property=\"og:url\" content=\"https:\/\/www.maiteksrl.com\/fr\/historique\/\" \/>\n<meta property=\"og:site_name\" content=\"Maitek srl\" \/>\n<meta property=\"article:modified_time\" content=\"2026-03-30T10:57:29+00:00\" \/>\n<meta property=\"og:image\" content=\"https:\/\/www.maiteksrl.com\/wp-content\/uploads\/2017\/06\/azienda_ok.jpg\" \/>\n\t<meta property=\"og:image:width\" content=\"981\" \/>\n\t<meta property=\"og:image:height\" content=\"385\" \/>\n\t<meta property=\"og:image:type\" content=\"image\/jpeg\" \/>\n<meta name=\"twitter:card\" content=\"summary_large_image\" \/>\n<meta name=\"twitter:title\" content=\"Maitek srl | Historique - Secteur minier\" \/>\n<meta name=\"twitter:description\" content=\"MAITEK\u00a0d\u00e9marre ses activit\u00e9s en 1999 avec l&#039;objectif de d\u00e9velopper des technologies pour le secteur des mines et carri\u00e8res.\" \/>\n<meta name=\"twitter:image\" content=\"https:\/\/www.maiteksrl.com\/wp-content\/uploads\/2017\/06\/azienda_ok.jpg\" \/>\n<meta name=\"twitter:label1\" content=\"Dur\u00e9e de lecture estim\u00e9e\" \/>\n\t<meta name=\"twitter:data1\" content=\"3 minutes\" \/>\n<script type=\"application\/ld+json\" class=\"yoast-schema-graph\">{\"@context\":\"https:\/\/schema.org\",\"@graph\":[{\"@type\":\"WebPage\",\"@id\":\"https:\/\/www.maiteksrl.com\/fr\/historique\/\",\"url\":\"https:\/\/www.maiteksrl.com\/fr\/historique\/\",\"name\":\"Maitek srl | Historique - Secteur minier\",\"isPartOf\":{\"@id\":\"https:\/\/www.maiteksrl.com\/fr\/#website\"},\"primaryImageOfPage\":{\"@id\":\"https:\/\/www.maiteksrl.com\/fr\/historique\/#primaryimage\"},\"image\":{\"@id\":\"https:\/\/www.maiteksrl.com\/fr\/historique\/#primaryimage\"},\"thumbnailUrl\":\"https:\/\/www.maiteksrl.com\/wp-content\/uploads\/2017\/07\/maitek-staff2-interni_-32.jpg\",\"datePublished\":\"2013-10-11T15:09:44+00:00\",\"dateModified\":\"2026-03-30T10:57:29+00:00\",\"description\":\"Maitek srl | MAITEK\u00a0d\u00e9marre ses activit\u00e9s en 1999 avec l'objectif de d\u00e9velopper des technologies pour le secteur des mines et carri\u00e8res. &nbsp; &nbsp; Son \u00e9quipe se\",\"breadcrumb\":{\"@id\":\"https:\/\/www.maiteksrl.com\/fr\/historique\/#breadcrumb\"},\"inLanguage\":\"fr-FR\",\"potentialAction\":[{\"@type\":\"ReadAction\",\"target\":[\"https:\/\/www.maiteksrl.com\/fr\/historique\/\"]}]},{\"@type\":\"ImageObject\",\"inLanguage\":\"fr-FR\",\"@id\":\"https:\/\/www.maiteksrl.com\/fr\/historique\/#primaryimage\",\"url\":\"https:\/\/www.maiteksrl.com\/wp-content\/uploads\/2017\/07\/maitek-staff2-interni_-32.jpg\",\"contentUrl\":\"https:\/\/www.maiteksrl.com\/wp-content\/uploads\/2017\/07\/maitek-staff2-interni_-32.jpg\"},{\"@type\":\"BreadcrumbList\",\"@id\":\"https:\/\/www.maiteksrl.com\/fr\/historique\/#breadcrumb\",\"itemListElement\":[{\"@type\":\"ListItem\",\"position\":1,\"name\":\"Home\",\"item\":\"https:\/\/www.maiteksrl.com\/fr\/\"},{\"@type\":\"ListItem\",\"position\":2,\"name\":\"Historique\"}]},{\"@type\":\"WebSite\",\"@id\":\"https:\/\/www.maiteksrl.com\/fr\/#website\",\"url\":\"https:\/\/www.maiteksrl.com\/fr\/\",\"name\":\"Maitek srl\",\"description\":\"Impianti per il settore estrattivo: disidratazione fanghi, lavaggio e frantumazione inerti, abbattimento polveri.\",\"potentialAction\":[{\"@type\":\"SearchAction\",\"target\":{\"@type\":\"EntryPoint\",\"urlTemplate\":\"https:\/\/www.maiteksrl.com\/fr\/?s={search_term_string}\"},\"query-input\":{\"@type\":\"PropertyValueSpecification\",\"valueRequired\":true,\"valueName\":\"search_term_string\"}}],\"inLanguage\":\"fr-FR\"}]}<\/script>\n<!-- \/ Yoast SEO plugin. -->","yoast_head_json":{"title":"Maitek srl | Historique - Secteur minier","description":"Maitek srl | MAITEK\u00a0d\u00e9marre ses activit\u00e9s en 1999 avec l'objectif de d\u00e9velopper des technologies pour le secteur des mines et carri\u00e8res. &nbsp; &nbsp;...","robots":{"index":"index","follow":"follow","max-snippet":"max-snippet:-1","max-image-preview":"max-image-preview:large","max-video-preview":"max-video-preview:-1"},"canonical":"https:\/\/www.maiteksrl.com\/fr\/historique\/","og_locale":"fr_FR","og_type":"article","og_title":"Maitek srl | Historique - Secteur minier","og_description":"MAITEK\u00a0d\u00e9marre ses activit\u00e9s en 1999 avec l'objectif de d\u00e9velopper des technologies pour le secteur des mines et carri\u00e8res.","og_url":"https:\/\/www.maiteksrl.com\/fr\/historique\/","og_site_name":"Maitek srl","article_modified_time":"2026-03-30T10:57:29+00:00","og_image":[{"width":981,"height":385,"url":"https:\/\/www.maiteksrl.com\/wp-content\/uploads\/2017\/06\/azienda_ok.jpg","type":"image\/jpeg"}],"twitter_card":"summary_large_image","twitter_title":"Maitek srl | Historique - Secteur minier","twitter_description":"MAITEK\u00a0d\u00e9marre ses activit\u00e9s en 1999 avec l'objectif de d\u00e9velopper des technologies pour le secteur des mines et carri\u00e8res.","twitter_image":"https:\/\/www.maiteksrl.com\/wp-content\/uploads\/2017\/06\/azienda_ok.jpg","twitter_misc":{"Dur\u00e9e de lecture estim\u00e9e":"3 minutes"},"schema":{"@context":"https:\/\/schema.org","@graph":[{"@type":"WebPage","@id":"https:\/\/www.maiteksrl.com\/fr\/historique\/","url":"https:\/\/www.maiteksrl.com\/fr\/historique\/","name":"Maitek srl | Historique - Secteur minier","isPartOf":{"@id":"https:\/\/www.maiteksrl.com\/fr\/#website"},"primaryImageOfPage":{"@id":"https:\/\/www.maiteksrl.com\/fr\/historique\/#primaryimage"},"image":{"@id":"https:\/\/www.maiteksrl.com\/fr\/historique\/#primaryimage"},"thumbnailUrl":"https:\/\/www.maiteksrl.com\/wp-content\/uploads\/2017\/07\/maitek-staff2-interni_-32.jpg","datePublished":"2013-10-11T15:09:44+00:00","dateModified":"2026-03-30T10:57:29+00:00","description":"Maitek srl | MAITEK\u00a0d\u00e9marre ses activit\u00e9s en 1999 avec l'objectif de d\u00e9velopper des technologies pour le secteur des mines et carri\u00e8res. &nbsp; &nbsp; Son \u00e9quipe se","breadcrumb":{"@id":"https:\/\/www.maiteksrl.com\/fr\/historique\/#breadcrumb"},"inLanguage":"fr-FR","potentialAction":[{"@type":"ReadAction","target":["https:\/\/www.maiteksrl.com\/fr\/historique\/"]}]},{"@type":"ImageObject","inLanguage":"fr-FR","@id":"https:\/\/www.maiteksrl.com\/fr\/historique\/#primaryimage","url":"https:\/\/www.maiteksrl.com\/wp-content\/uploads\/2017\/07\/maitek-staff2-interni_-32.jpg","contentUrl":"https:\/\/www.maiteksrl.com\/wp-content\/uploads\/2017\/07\/maitek-staff2-interni_-32.jpg"},{"@type":"BreadcrumbList","@id":"https:\/\/www.maiteksrl.com\/fr\/historique\/#breadcrumb","itemListElement":[{"@type":"ListItem","position":1,"name":"Home","item":"https:\/\/www.maiteksrl.com\/fr\/"},{"@type":"ListItem","position":2,"name":"Historique"}]},{"@type":"WebSite","@id":"https:\/\/www.maiteksrl.com\/fr\/#website","url":"https:\/\/www.maiteksrl.com\/fr\/","name":"Maitek srl","description":"Impianti per il settore estrattivo: disidratazione fanghi, lavaggio e frantumazione inerti, abbattimento polveri.","potentialAction":[{"@type":"SearchAction","target":{"@type":"EntryPoint","urlTemplate":"https:\/\/www.maiteksrl.com\/fr\/?s={search_term_string}"},"query-input":{"@type":"PropertyValueSpecification","valueRequired":true,"valueName":"search_term_string"}}],"inLanguage":"fr-FR"}]}},"_links":{"self":[{"href":"https:\/\/www.maiteksrl.com\/fr\/wp-json\/wp\/v2\/pages\/895","targetHints":{"allow":["GET"]}}],"collection":[{"href":"https:\/\/www.maiteksrl.com\/fr\/wp-json\/wp\/v2\/pages"}],"about":[{"href":"https:\/\/www.maiteksrl.com\/fr\/wp-json\/wp\/v2\/types\/page"}],"author":[{"embeddable":true,"href":"https:\/\/www.maiteksrl.com\/fr\/wp-json\/wp\/v2\/users\/3"}],"replies":[{"embeddable":true,"href":"https:\/\/www.maiteksrl.com\/fr\/wp-json\/wp\/v2\/comments?post=895"}],"version-history":[{"count":10,"href":"https:\/\/www.maiteksrl.com\/fr\/wp-json\/wp\/v2\/pages\/895\/revisions"}],"predecessor-version":[{"id":8203,"href":"https:\/\/www.maiteksrl.com\/fr\/wp-json\/wp\/v2\/pages\/895\/revisions\/8203"}],"wp:attachment":[{"href":"https:\/\/www.maiteksrl.com\/fr\/wp-json\/wp\/v2\/media?parent=895"}],"curies":[{"name":"wp","href":"https:\/\/api.w.org\/{rel}","templated":true}]}}