{"id":5741,"date":"2019-05-15T09:20:04","date_gmt":"2019-05-15T07:20:04","guid":{"rendered":"https:\/\/www.maiteksrl.com\/?page_id=5741\/"},"modified":"2019-05-15T09:20:04","modified_gmt":"2019-05-15T07:20:04","slug":"cookie-policy","status":"publish","type":"page","link":"https:\/\/www.maiteksrl.com\/fr\/cookie-policy\/","title":{"rendered":"Cookie Policy"},"content":{"rendered":"<p><span style=\"font-weight: 400;\">Les cookies consistent en des portions de code install\u00e9es dans le navigateur qui assistent le d\u00e9tenteur dans la livraison du service selon les finalit\u00e9s d\u00e9crites. Certains des objectifs de l\u2019installation des cookies peuvent \u00e9galement n\u00e9cessiter le consentement de l\u2019utilisateur. Lorsque l\u2019installation de cookies a lieu sur la base du consentement, ce consentement peut \u00eatre librement r\u00e9voqu\u00e9 \u00e0 tout moment en suivant les instructions contenues dans ce document.<\/span><\/p>\n<p>&nbsp;<\/p>\n<p><strong>Cookies techniques et statistiques agr\u00e9g\u00e9s<\/strong><\/p>\n<p><strong>Activit\u00e9s strictement n\u00e9cessaires \u00e0 l\u2019op\u00e9ration<\/strong><\/p>\n<p><span style=\"font-weight: 400;\">Maitek utilise des cookies pour enregistrer la session de l\u2019utilisateur et effectuer d\u2019autres t\u00e2ches strictement n\u00e9cessaires au fonctionnement de Maitek, par exemple en ce qui concerne la distribution du trafic.<\/span><\/p>\n<p><strong>Activit\u00e9 des pr\u00e9f\u00e9rences d\u2019enregistrement, optimisation et statistiques<\/strong><\/p>\n<p><span style=\"font-weight: 400;\">Maitek utilise des cookies pour enregistrer les pr\u00e9f\u00e9rences de navigation et optimiser l\u2019exp\u00e9rience de navigation de l\u2019utilisateur. Ces cookies incluent, par exemple, ceux qui permettent de d\u00e9finir la langue et la devise ou de g\u00e9rer les statistiques du propri\u00e9taire du site.<\/span><\/p>\n<p><strong>Autres types de cookies ou d\u2019outils tiers pouvant \u00eatre install\u00e9s<\/strong><\/p>\n<p><span style=\"font-weight: 400;\">Certains des services \u00e9num\u00e9r\u00e9s ci-dessous collectent des statistiques sous forme agr\u00e9g\u00e9e et anonyme et peuvent ne pas n\u00e9cessiter le consentement de l\u2019utilisateur ou peuvent \u00eatre g\u00e9r\u00e9s directement par le propri\u00e9taire \u2013 selon ce qui est d\u00e9crit \u2013 sans l\u2019aide de tierces parties. Si, parmi les instruments \u00e9num\u00e9r\u00e9s ci-dessous, il existe des services g\u00e9r\u00e9s par des tiers, ils peuvent \u2013 en plus de ce qui pr\u00e9c\u00e8de et m\u00eame sans la connaissance du propri\u00e9taire \u2013 effectuer des activit\u00e9s de suivi des utilisateurs. Pour des informations d\u00e9taill\u00e9es \u00e0 ce sujet, il est conseill\u00e9 de consulter la politique de confidentialit\u00e9 des services \u00e9num\u00e9r\u00e9s.<\/span><\/p>\n<p>&nbsp;<\/p>\n<p><strong>Comment puis-je exprimer mon consentement \u00e0 l\u2019installation de cookies?<\/strong><\/p>\n<p><span style=\"font-weight: 400;\">En plus de ce qui est indiqu\u00e9 dans ce document, l\u2019utilisateur peut g\u00e9rer les pr\u00e9f\u00e9rences de cookies directement dans son navigateur et emp\u00eacher \u2013 par exemple \u2013 que des tiers puissent les installer. En utilisant les pr\u00e9f\u00e9rences du navigateur, vous pouvez \u00e9galement supprimer les cookies pr\u00e9c\u00e9demment install\u00e9s, y compris le cookie dans lequel vous pourriez \u00eatre en mesure d\u2019enregistrer votre consentement \u00e0 l\u2019installation de cookies par ce site. L\u2019utilisateur peut trouver des informations sur la fa\u00e7on de g\u00e9rer les cookies avec certains des navigateurs les plus populaires, par exemple aux adresses suivantes: Google Chrome, Mozilla Firefox, Apple Safari et Microsoft Internet Explorer. <\/span><\/p>\n<p><span style=\"font-weight: 400;\">En ce qui concerne les cookies install\u00e9s par des tiers, l\u2019utilisateur peut \u00e9galement g\u00e9rer ses propres param\u00e8tres et r\u00e9voquer le consentement en visitant le lien de d\u00e9sactivation connexe (si disponible), en utilisant les outils d\u00e9crits dans la politique de confidentialit\u00e9 de tiers ou Directement en contactant le m\u00eame. Nonobstant ce qui pr\u00e9c\u00e8de, vous pouvez utiliser les informations fournies par EDAA (EU), Network Advertising Initiative (USA) et Digital Advertising Alliance (USA), DAAC (Canada), DDAI (Japon) ou d\u2019autres services similaires. Avec ces services, vous pouvez g\u00e9rer les pr\u00e9f\u00e9rences de suivi de la plupart des outils publicitaires. Le propri\u00e9taire conseille donc aux utilisateurs d\u2019utiliser ces ressources en plus des informations fournies par ce document.<\/span><\/p>\n<p>&nbsp;<\/p>\n<p><b>Analytics<\/b><\/p>\n<p>Les services contenus dans cette section permettent au propri\u00e9taire de surveiller et d\u2019analyser le trafic Web et peut \u00eatre utilis\u00e9 pour suivre le comportement de l\u2019utilisateur.<\/p>\n<p><b>Google Analytics (Google Inc.)<\/b><\/p>\n<p>Google Analytics est un service d\u2019analyse Web fourni par Google Inc. (\u00abGoogle\u00bb). Google utilise les donn\u00e9es collect\u00e9es pour suivre et examiner l\u2019utilisation de Maitek, pour pr\u00e9parer des rapports sur ses activit\u00e9s et les partager avec d\u2019autres services Google. Google peut utiliser les donn\u00e9es collect\u00e9es pour contextualiser et personnaliser les annonces de son propre r\u00e9seau publicitaire. Donn\u00e9es personnelles collect\u00e9es: cookies et donn\u00e9es d\u2019utilisation. Lieu de traitement: Irlande \u2013 <a href=\"https:\/\/www.google.com\/intl\/fr\/policies\/privacy\/\">politique de confidentialit\u00e9<\/a> \u2013 <a href=\"https:\/\/tools.google.com\/dlpage\/gaoptout?hl=fr\">opt out<\/a>. Participant au bouclier de protection des donn\u00e9es.<\/p>\n<p>&nbsp;<\/p>\n<p><b>Informations d\u00e9taill\u00e9es sur le traitement des donn\u00e9es personnelles<\/b><\/p>\n<p>Les donn\u00e9es personnelles sont collect\u00e9es aux fins suivantes et en utilisant les services suivants:<\/p>\n<p><b>Formulaire de contact<\/b><\/p>\n<p>L\u2019utilisateur, en remplissant le formulaire de contact avec ses propres donn\u00e9es, accepte leur utilisation afin de r\u00e9pondre aux demandes d\u2019informations, de devis, ou toute autre nature indiqu\u00e9e par l\u2019en-t\u00eate du formulaire. Donn\u00e9es personnelles collect\u00e9es: nom, pr\u00e9nom, email, num\u00e9ro de t\u00e9l\u00e9phone, entreprise, pays, secteur.<\/p>\n<p><b>Gestion des balises<\/b><\/p>\n<p>Ce type de services est fonctionnel pour la gestion centralis\u00e9e des balises ou des scripts utilis\u00e9s sur attila.it. L\u2019utilisation de ces services implique le flux de donn\u00e9es utilisateur \u00e0 travers eux et, le cas \u00e9ch\u00e9ant, leur r\u00e9tention.<\/p>\n<p><b>Google tag Manager (Google LLC)<\/b><\/p>\n<p>Google tag Manager est un service de gestion de balises fourni par Google LLC. Donn\u00e9es personnelles collect\u00e9es: cookies et donn\u00e9es d\u2019utilisation. Lieu de traitement: Irlande \u2013 <a href=\"https:\/\/www.google.com\/intl\/fr\/policies\/privacy\/\">politique de confidentialit\u00e9<\/a>. Sujet adh\u00e9rant au bouclier de protection des donn\u00e9es.<\/p>\n<p>&nbsp;<\/p>\n<p><b>Affichage du contenu \u00e0 partir de plateformes externes<\/b><\/p>\n<p>Ce type de service vous permet d\u2019afficher le contenu h\u00e9berg\u00e9 sur des plateformes externes directement \u00e0 partir des pages de Maitek et d\u2019interagir avec eux. Ce type de service peut toujours collecter des donn\u00e9es de trafic Web pour les pages o\u00f9 le service est install\u00e9, m\u00eame lorsque les utilisateurs ne l\u2019utilisent pas.<\/p>\n<p><b>Google Maps widget (Google Inc.)<\/b><\/p>\n<p>Google Maps est un service de visualisation cartographique g\u00e9r\u00e9 par Google Inc. Cela permet \u00e0 Maitek d\u2019int\u00e9grer ces contenus dans leurs propres pages. Donn\u00e9es personnelles collect\u00e9es: cookies et donn\u00e9es d\u2019utilisation. Lieu de traitement: Irlande \u2013 <a href=\"https:\/\/www.google.com\/intl\/fr\/policies\/privacy\/\">politique de confidentialit\u00e9<\/a>. Sujet adh\u00e9rant au bouclier de protection des donn\u00e9es.<\/p>\n<p><b>Google Fonts (Google Inc.)<\/b><\/p>\n<p>Google Fonts est un service de visualisation de polices de caract\u00e8res fourni par Google Inc. qui permet \u00e0 Maitek d\u2019incorporer du contenu de ce type sur ses pages.<\/p>\n<p>Donn\u00e9es personnelles collect\u00e9es: donn\u00e9es d\u2019utilisation et divers types de donn\u00e9es comme sp\u00e9cifi\u00e9 dans la politique de confidentialit\u00e9 du service. Lieu de traitement: Irlande \u2013 po<a href=\"https:\/\/www.google.com\/intl\/fr\/policies\/privacy\/\">litique de confidentialit\u00e9<\/a>. Participant au bouclier de protection des donn\u00e9es.<\/p>\n<p>&nbsp;<\/p>\n<p><strong>Contr\u00f4leur de donn\u00e9es<\/strong><\/p>\n<p><span style=\"font-weight: 400;\">Via Vittorio Alfieri, 8 <\/span><\/p>\n<p><span style=\"font-weight: 400;\">61039 Ponte Rio di San Costanzo (PU)<\/span><\/p>\n<p><span style=\"font-weight: 400;\">Adresse e-mail du propri\u00e9taire: <a href=\"mailto:info@maiteksrl.com\">info@maiteksrl.com<\/a><\/span><\/p>\n<p>&nbsp;<\/p>\n<p><span style=\"font-weight: 400;\">\u00c9tant donn\u00e9 que l\u2019installation de cookies et d\u2019autres syst\u00e8mes de suivi exploit\u00e9s par des tiers via les services utilis\u00e9s au sein de Maitek ne peut pas \u00eatre contr\u00f4l\u00e9 techniquement par le propri\u00e9taire, toute r\u00e9f\u00e9rence sp\u00e9cifique aux cookies et syst\u00e8mes de suivi L\u2019installation par des tiers doit \u00eatre consid\u00e9r\u00e9e comme indicative. Pour obtenir des informations compl\u00e8tes, l\u2019utilisateur est invit\u00e9 \u00e0 consulter la politique de confidentialit\u00e9 de tous les services tiers \u00e9num\u00e9r\u00e9s dans ce document.<\/span><\/p>\n<p><span style=\"font-weight: 400;\">Compte tenu de la complexit\u00e9 objective de l\u2019identification des technologies bas\u00e9es sur les cookies, l\u2019utilisateur est invit\u00e9 \u00e0 contacter le propri\u00e9taire s\u2019il souhaite recevoir de plus amples informations concernant l\u2019utilisation des cookies par l\u2019interm\u00e9diaire de Maitek.<\/span><\/p>\n<p>&nbsp;<\/p>\n<p><strong>D\u00e9finitions et r\u00e9f\u00e9rences l\u00e9gales<\/strong><\/p>\n<p><strong>Donn\u00e9es personnelles (ou donn\u00e9es)<\/strong><\/p>\n<p><span style=\"font-weight: 400;\">Il constitue toute information personnelle qui, directement ou indirectement, \u00e9galement en rapport avec toute autre information, y compris un num\u00e9ro d\u2019identification personnel, rend identifi\u00e9e ou identifiable une personne physique.<\/span><\/p>\n<p><strong>Donn\u00e9es d\u2019utilisation<\/strong><\/p>\n<p><span style=\"font-weight: 400;\">Ce sont les informations collect\u00e9es automatiquement par le biais de Maitek (\u00e9galement des applications tierces int\u00e9gr\u00e9es dans Maitek), y compris: les adresses IP ou les noms de domaine des ordinateurs utilis\u00e9s par l\u2019utilisateur qui se connecte avec Maitek, adresses en notation URI ( Uniform Resource Identifier), l\u2019heure de la demande, la m\u00e9thode utilis\u00e9e pour transmettre la demande au serveur, la taille du fichier obtenu en r\u00e9ponse, le code num\u00e9rique indiquant l\u2019\u00e9tat de la r\u00e9ponse du serveur (bonne fin, erreur, etc.) le pays de Provenance, les caract\u00e9ristiques du navigateur et du syst\u00e8me d\u2019exploitation utilis\u00e9s par le visiteur, les diff\u00e9rentes connotations temporelles de la visite (par exemple le temps pass\u00e9 sur chaque page) et les d\u00e9tails de l\u2019itin\u00e9raire suivis dans De l\u2019application, avec une r\u00e9f\u00e9rence particuli\u00e8re \u00e0 la s\u00e9quence des pages consult\u00e9es, les param\u00e8tres relatifs au syst\u00e8me d\u2019exploitation et \u00e0 l\u2019environnement informatique de l\u2019utilisateur.<\/span><\/p>\n<p><strong>Utilisateur<\/strong><\/p>\n<p><span style=\"font-weight: 400;\">L\u2019individu qui utilise Maitek qui, sauf indication contraire, co\u00efncide avec la personne concern\u00e9e.<\/span><\/p>\n<p><strong>Int\u00e9ress\u00e9<\/strong><\/p>\n<p><span style=\"font-weight: 400;\">La personne physique \u00e0 qui les donn\u00e9es personnelles se rapportent.<\/span><\/p>\n<p><strong>Responsable du traitement (ou responsable)<\/strong><\/p>\n<p><span style=\"font-weight: 400;\">La personne physique, morale, l\u2019administration publique et toute autre entit\u00e9 qui traite les donn\u00e9es personnelles pour le compte du titulaire des droits, tel qu\u2019\u00e9nonc\u00e9 dans la pr\u00e9sente politique de confidentialit\u00e9.<\/span><\/p>\n<p><strong>Titulaire du traitement (ou du titulaire)<\/strong><\/p>\n<p><span style=\"font-weight: 400;\">La personne physique ou morale, l\u2019autorit\u00e9 publique, le service ou tout autre organisme qui, individuellement ou conjointement avec d\u2019autres, d\u00e9termine l\u2019objet et les moyens du traitement des donn\u00e9es \u00e0 caract\u00e8re personnel et les instruments adopt\u00e9s, y compris les mesures de s\u00e9curit\u00e9 relatives aux Exploitation et jouissance de Maitek. Le propri\u00e9taire du traitement, sauf indication contraire, est le propri\u00e9taire de Maitek.<\/span><\/p>\n<p><strong>Maitek (ou cette application)<\/strong><\/p>\n<p><span style=\"font-weight: 400;\">L\u2019outil mat\u00e9riel ou logiciel par lequel les donn\u00e9es personnelles des utilisateurs sont collect\u00e9es et trait\u00e9es.<\/span><\/p>\n<p><strong>Service<\/strong><\/p>\n<p><span style=\"font-weight: 400;\">Le service fourni par Maitek tel que d\u00e9fini dans ses termes (le cas \u00e9ch\u00e9ant) sur ce site\/application.<\/span><\/p>\n<p><strong>Union europ\u00e9enne (ou UE)<\/strong><\/p>\n<p><span style=\"font-weight: 400;\">Sauf indication contraire, toute r\u00e9f\u00e9rence \u00e0 l\u2019Union europ\u00e9enne contenue dans le pr\u00e9sent document est destin\u00e9e \u00e0 \u00eatre \u00e9tendue \u00e0 tous les \u00c9tats membres existants de l\u2019Union europ\u00e9enne et de l\u2019espace \u00e9conomique europ\u00e9en.<\/span><\/p>\n<p><strong>Cookie<\/strong><\/p>\n<p><span style=\"font-weight: 400;\">Petite portion de donn\u00e9es stock\u00e9es \u00e0 l\u2019int\u00e9rieur de l\u2019appareil de l\u2019utilisateur.<\/span><\/p>\n<p><strong>R\u00e9f\u00e9rences l\u00e9gales<\/strong><\/p>\n<p><span style=\"font-weight: 400;\">Cette d\u00e9claration de confidentialit\u00e9 est \u00e9tablie sur la base de plusieurs syst\u00e8mes juridiques, y compris ARTT. 13 et 14 du r\u00e8glement (UE) 2016\/679. Sauf indication contraire, cette politique de confidentialit\u00e9 concerne exclusivement Maitek.<\/span><\/p>\n<p>&nbsp;<\/p>\n","protected":false},"excerpt":{"rendered":"<p>Les cookies consistent en des portions de code install\u00e9es dans le navigateur qui assistent le d\u00e9tenteur dans la livraison du service selon les finalit\u00e9s d\u00e9crites. Certains des objectifs de l\u2019installation [&hellip;]<\/p>\n","protected":false},"author":3,"featured_media":0,"parent":0,"menu_order":0,"comment_status":"closed","ping_status":"closed","template":"","meta":{"_acf_changed":false,"footnotes":""},"class_list":["post-5741","page","type-page","status-publish","hentry"],"acf":[],"yoast_head":"<!-- This site is optimized with the Yoast SEO plugin v27.0 - https:\/\/yoast.com\/product\/yoast-seo-wordpress\/ -->\n<title>Maitek srl | Cookie Policy - Secteur minier<\/title>\n<meta name=\"description\" content=\"Maitek srl | Les cookies consistent en des portions de code install\u00e9es dans le navigateur qui assistent le d\u00e9tenteur dans la livraison du service selon...\" \/>\n<meta name=\"robots\" content=\"index, follow, max-snippet:-1, max-image-preview:large, max-video-preview:-1\" \/>\n<link rel=\"canonical\" href=\"https:\/\/www.maiteksrl.com\/fr\/cookie-policy\/\" \/>\n<meta property=\"og:locale\" content=\"fr_FR\" \/>\n<meta property=\"og:type\" content=\"article\" \/>\n<meta property=\"og:title\" content=\"Maitek srl | Cookie Policy - Secteur minier\" \/>\n<meta property=\"og:description\" content=\"Maitek srl | Les cookies consistent en des portions de code install\u00e9es dans le navigateur qui assistent le d\u00e9tenteur dans la livraison du service selon les finalit\u00e9s\" \/>\n<meta property=\"og:url\" content=\"https:\/\/www.maiteksrl.com\/fr\/cookie-policy\/\" \/>\n<meta property=\"og:site_name\" content=\"Maitek srl\" \/>\n<meta name=\"twitter:card\" content=\"summary_large_image\" \/>\n<meta name=\"twitter:label1\" content=\"Dur\u00e9e de lecture estim\u00e9e\" \/>\n\t<meta name=\"twitter:data1\" content=\"9 minutes\" \/>\n<script type=\"application\/ld+json\" class=\"yoast-schema-graph\">{\"@context\":\"https:\/\/schema.org\",\"@graph\":[{\"@type\":\"WebPage\",\"@id\":\"https:\/\/www.maiteksrl.com\/fr\/cookie-policy\/\",\"url\":\"https:\/\/www.maiteksrl.com\/fr\/cookie-policy\/\",\"name\":\"Maitek srl | Cookie Policy - Secteur minier\",\"isPartOf\":{\"@id\":\"https:\/\/www.maiteksrl.com\/fr\/#website\"},\"datePublished\":\"2019-05-15T07:20:04+00:00\",\"description\":\"Maitek srl | Les cookies consistent en des portions de code install\u00e9es dans le navigateur qui assistent le d\u00e9tenteur dans la livraison du service selon les finalit\u00e9s\",\"breadcrumb\":{\"@id\":\"https:\/\/www.maiteksrl.com\/fr\/cookie-policy\/#breadcrumb\"},\"inLanguage\":\"fr-FR\",\"potentialAction\":[{\"@type\":\"ReadAction\",\"target\":[\"https:\/\/www.maiteksrl.com\/fr\/cookie-policy\/\"]}]},{\"@type\":\"BreadcrumbList\",\"@id\":\"https:\/\/www.maiteksrl.com\/fr\/cookie-policy\/#breadcrumb\",\"itemListElement\":[{\"@type\":\"ListItem\",\"position\":1,\"name\":\"Home\",\"item\":\"https:\/\/www.maiteksrl.com\/fr\/\"},{\"@type\":\"ListItem\",\"position\":2,\"name\":\"Cookie Policy\"}]},{\"@type\":\"WebSite\",\"@id\":\"https:\/\/www.maiteksrl.com\/fr\/#website\",\"url\":\"https:\/\/www.maiteksrl.com\/fr\/\",\"name\":\"Maitek srl\",\"description\":\"Impianti per il settore estrattivo: disidratazione fanghi, lavaggio e frantumazione inerti, abbattimento polveri.\",\"potentialAction\":[{\"@type\":\"SearchAction\",\"target\":{\"@type\":\"EntryPoint\",\"urlTemplate\":\"https:\/\/www.maiteksrl.com\/fr\/?s={search_term_string}\"},\"query-input\":{\"@type\":\"PropertyValueSpecification\",\"valueRequired\":true,\"valueName\":\"search_term_string\"}}],\"inLanguage\":\"fr-FR\"}]}<\/script>\n<!-- \/ Yoast SEO plugin. -->","yoast_head_json":{"title":"Maitek srl | Cookie Policy - Secteur minier","description":"Maitek srl | Les cookies consistent en des portions de code install\u00e9es dans le navigateur qui assistent le d\u00e9tenteur dans la livraison du service selon...","robots":{"index":"index","follow":"follow","max-snippet":"max-snippet:-1","max-image-preview":"max-image-preview:large","max-video-preview":"max-video-preview:-1"},"canonical":"https:\/\/www.maiteksrl.com\/fr\/cookie-policy\/","og_locale":"fr_FR","og_type":"article","og_title":"Maitek srl | Cookie Policy - Secteur minier","og_description":"Maitek srl | Les cookies consistent en des portions de code install\u00e9es dans le navigateur qui assistent le d\u00e9tenteur dans la livraison du service selon les finalit\u00e9s","og_url":"https:\/\/www.maiteksrl.com\/fr\/cookie-policy\/","og_site_name":"Maitek srl","twitter_card":"summary_large_image","twitter_misc":{"Dur\u00e9e de lecture estim\u00e9e":"9 minutes"},"schema":{"@context":"https:\/\/schema.org","@graph":[{"@type":"WebPage","@id":"https:\/\/www.maiteksrl.com\/fr\/cookie-policy\/","url":"https:\/\/www.maiteksrl.com\/fr\/cookie-policy\/","name":"Maitek srl | Cookie Policy - Secteur minier","isPartOf":{"@id":"https:\/\/www.maiteksrl.com\/fr\/#website"},"datePublished":"2019-05-15T07:20:04+00:00","description":"Maitek srl | Les cookies consistent en des portions de code install\u00e9es dans le navigateur qui assistent le d\u00e9tenteur dans la livraison du service selon les finalit\u00e9s","breadcrumb":{"@id":"https:\/\/www.maiteksrl.com\/fr\/cookie-policy\/#breadcrumb"},"inLanguage":"fr-FR","potentialAction":[{"@type":"ReadAction","target":["https:\/\/www.maiteksrl.com\/fr\/cookie-policy\/"]}]},{"@type":"BreadcrumbList","@id":"https:\/\/www.maiteksrl.com\/fr\/cookie-policy\/#breadcrumb","itemListElement":[{"@type":"ListItem","position":1,"name":"Home","item":"https:\/\/www.maiteksrl.com\/fr\/"},{"@type":"ListItem","position":2,"name":"Cookie Policy"}]},{"@type":"WebSite","@id":"https:\/\/www.maiteksrl.com\/fr\/#website","url":"https:\/\/www.maiteksrl.com\/fr\/","name":"Maitek srl","description":"Impianti per il settore estrattivo: disidratazione fanghi, lavaggio e frantumazione inerti, abbattimento polveri.","potentialAction":[{"@type":"SearchAction","target":{"@type":"EntryPoint","urlTemplate":"https:\/\/www.maiteksrl.com\/fr\/?s={search_term_string}"},"query-input":{"@type":"PropertyValueSpecification","valueRequired":true,"valueName":"search_term_string"}}],"inLanguage":"fr-FR"}]}},"_links":{"self":[{"href":"https:\/\/www.maiteksrl.com\/fr\/wp-json\/wp\/v2\/pages\/5741","targetHints":{"allow":["GET"]}}],"collection":[{"href":"https:\/\/www.maiteksrl.com\/fr\/wp-json\/wp\/v2\/pages"}],"about":[{"href":"https:\/\/www.maiteksrl.com\/fr\/wp-json\/wp\/v2\/types\/page"}],"author":[{"embeddable":true,"href":"https:\/\/www.maiteksrl.com\/fr\/wp-json\/wp\/v2\/users\/3"}],"replies":[{"embeddable":true,"href":"https:\/\/www.maiteksrl.com\/fr\/wp-json\/wp\/v2\/comments?post=5741"}],"version-history":[{"count":1,"href":"https:\/\/www.maiteksrl.com\/fr\/wp-json\/wp\/v2\/pages\/5741\/revisions"}],"predecessor-version":[{"id":5742,"href":"https:\/\/www.maiteksrl.com\/fr\/wp-json\/wp\/v2\/pages\/5741\/revisions\/5742"}],"wp:attachment":[{"href":"https:\/\/www.maiteksrl.com\/fr\/wp-json\/wp\/v2\/media?parent=5741"}],"curies":[{"name":"wp","href":"https:\/\/api.w.org\/{rel}","templated":true}]}}