{"id":5435,"date":"2018-12-17T17:03:52","date_gmt":"2018-12-17T16:03:52","guid":{"rendered":"https:\/\/www.maiteksrl.com\/cataloghi-maitek\/"},"modified":"2026-03-30T10:51:27","modified_gmt":"2026-03-30T08:51:27","slug":"catalogues-maitek","status":"publish","type":"page","link":"https:\/\/www.maiteksrl.com\/fr\/catalogues-maitek\/","title":{"rendered":"Catalogues Maitek"},"content":{"rendered":"<h2><strong>Produits standard pour revendeurs \/ distributeurs<\/strong><\/h2>\n<p>T\u00e9l\u00e9chargez les catalogues Maitek et d\u00e9couvrez la gamme de produits et de solutions pour le traitement des granulats et des eaux de process.<\/p>\n","protected":false},"excerpt":{"rendered":"<p>Produits standard pour revendeurs \/ distributeurs T\u00e9l\u00e9chargez les catalogues Maitek et d\u00e9couvrez la gamme de produits et de solutions pour le traitement des granulats et des eaux de process.<\/p>\n","protected":false},"author":3,"featured_media":0,"parent":0,"menu_order":0,"comment_status":"closed","ping_status":"closed","template":"","meta":{"_acf_changed":false,"footnotes":""},"class_list":["post-5435","page","type-page","status-publish","hentry"],"acf":[],"yoast_head":"<!-- This site is optimized with the Yoast SEO plugin v27.0 - https:\/\/yoast.com\/product\/yoast-seo-wordpress\/ -->\n<title>Maitek srl | Catalogues Maitek - Secteur minier<\/title>\n<meta name=\"description\" content=\"Maitek srl | Produits standard pour revendeurs \/ distributeurs T\u00e9l\u00e9chargez les catalogues Maitek et d\u00e9couvrez la gamme de produits et de solutions pour...\" \/>\n<meta name=\"robots\" content=\"index, follow, max-snippet:-1, max-image-preview:large, max-video-preview:-1\" \/>\n<link rel=\"canonical\" href=\"https:\/\/www.maiteksrl.com\/fr\/catalogues-maitek\/\" \/>\n<meta property=\"og:locale\" content=\"fr_FR\" \/>\n<meta property=\"og:type\" content=\"article\" \/>\n<meta property=\"og:title\" content=\"Catalogues Maitek\" \/>\n<meta property=\"og:description\" content=\"Produits standard pour revendeurs \/ distributeursT\u00e9l\u00e9chargez les catalogues Maitek et d\u00e9couvrez la gamme de produits et de solutions pour le traitement des granulats et des eaux de process.\" \/>\n<meta property=\"og:url\" content=\"https:\/\/www.maiteksrl.com\/fr\/catalogues-maitek\/\" \/>\n<meta property=\"og:site_name\" content=\"Maitek srl\" \/>\n<meta property=\"article:modified_time\" content=\"2026-03-30T08:51:27+00:00\" \/>\n<meta property=\"og:image\" content=\"https:\/\/www.maiteksrl.com\/wp-content\/uploads\/2018\/12\/CATALOGHI-MAITEK-3.jpg\" \/>\n\t<meta property=\"og:image:width\" content=\"1920\" \/>\n\t<meta property=\"og:image:height\" content=\"588\" \/>\n\t<meta property=\"og:image:type\" content=\"image\/jpeg\" \/>\n<meta name=\"twitter:card\" content=\"summary_large_image\" \/>\n<meta name=\"twitter:title\" content=\"Catalogues Maitek\" \/>\n<meta name=\"twitter:description\" content=\"Produits standard pour revendeurs \/ distributeursT\u00e9l\u00e9chargez les catalogues Maitek et d\u00e9couvrez la gamme de produits et de solutions pour le traitement des granulats et des eaux de process.\" \/>\n<meta name=\"twitter:image\" content=\"https:\/\/www.maiteksrl.com\/wp-content\/uploads\/2018\/12\/CATALOGHI-MAITEK-3.jpg\" \/>\n<meta name=\"twitter:label1\" content=\"Dur\u00e9e de lecture estim\u00e9e\" \/>\n\t<meta name=\"twitter:data1\" content=\"1 minute\" \/>\n<script type=\"application\/ld+json\" class=\"yoast-schema-graph\">{\"@context\":\"https:\/\/schema.org\",\"@graph\":[{\"@type\":\"WebPage\",\"@id\":\"https:\/\/www.maiteksrl.com\/fr\/catalogues-maitek\/\",\"url\":\"https:\/\/www.maiteksrl.com\/fr\/catalogues-maitek\/\",\"name\":\"Maitek srl | Catalogues Maitek - Secteur minier\",\"isPartOf\":{\"@id\":\"https:\/\/www.maiteksrl.com\/fr\/#website\"},\"datePublished\":\"2018-12-17T16:03:52+00:00\",\"dateModified\":\"2026-03-30T08:51:27+00:00\",\"description\":\"Maitek srl | Produits standard pour revendeurs \/ distributeurs T\u00e9l\u00e9chargez les catalogues Maitek et d\u00e9couvrez la gamme de produits et de solutions pour le traitement\",\"breadcrumb\":{\"@id\":\"https:\/\/www.maiteksrl.com\/fr\/catalogues-maitek\/#breadcrumb\"},\"inLanguage\":\"fr-FR\",\"potentialAction\":[{\"@type\":\"ReadAction\",\"target\":[\"https:\/\/www.maiteksrl.com\/fr\/catalogues-maitek\/\"]}]},{\"@type\":\"BreadcrumbList\",\"@id\":\"https:\/\/www.maiteksrl.com\/fr\/catalogues-maitek\/#breadcrumb\",\"itemListElement\":[{\"@type\":\"ListItem\",\"position\":1,\"name\":\"Home\",\"item\":\"https:\/\/www.maiteksrl.com\/fr\/\"},{\"@type\":\"ListItem\",\"position\":2,\"name\":\"Catalogues Maitek\"}]},{\"@type\":\"WebSite\",\"@id\":\"https:\/\/www.maiteksrl.com\/fr\/#website\",\"url\":\"https:\/\/www.maiteksrl.com\/fr\/\",\"name\":\"Maitek srl\",\"description\":\"Impianti per il settore estrattivo: disidratazione fanghi, lavaggio e frantumazione inerti, abbattimento polveri.\",\"potentialAction\":[{\"@type\":\"SearchAction\",\"target\":{\"@type\":\"EntryPoint\",\"urlTemplate\":\"https:\/\/www.maiteksrl.com\/fr\/?s={search_term_string}\"},\"query-input\":{\"@type\":\"PropertyValueSpecification\",\"valueRequired\":true,\"valueName\":\"search_term_string\"}}],\"inLanguage\":\"fr-FR\"}]}<\/script>\n<!-- \/ Yoast SEO plugin. -->","yoast_head_json":{"title":"Maitek srl | Catalogues Maitek - Secteur minier","description":"Maitek srl | Produits standard pour revendeurs \/ distributeurs T\u00e9l\u00e9chargez les catalogues Maitek et d\u00e9couvrez la gamme de produits et de solutions pour...","robots":{"index":"index","follow":"follow","max-snippet":"max-snippet:-1","max-image-preview":"max-image-preview:large","max-video-preview":"max-video-preview:-1"},"canonical":"https:\/\/www.maiteksrl.com\/fr\/catalogues-maitek\/","og_locale":"fr_FR","og_type":"article","og_title":"Catalogues Maitek","og_description":"Produits standard pour revendeurs \/ distributeursT\u00e9l\u00e9chargez les catalogues Maitek et d\u00e9couvrez la gamme de produits et de solutions pour le traitement des granulats et des eaux de process.","og_url":"https:\/\/www.maiteksrl.com\/fr\/catalogues-maitek\/","og_site_name":"Maitek srl","article_modified_time":"2026-03-30T08:51:27+00:00","og_image":[{"width":1920,"height":588,"url":"https:\/\/www.maiteksrl.com\/wp-content\/uploads\/2018\/12\/CATALOGHI-MAITEK-3.jpg","type":"image\/jpeg"}],"twitter_card":"summary_large_image","twitter_title":"Catalogues Maitek","twitter_description":"Produits standard pour revendeurs \/ distributeursT\u00e9l\u00e9chargez les catalogues Maitek et d\u00e9couvrez la gamme de produits et de solutions pour le traitement des granulats et des eaux de process.","twitter_image":"https:\/\/www.maiteksrl.com\/wp-content\/uploads\/2018\/12\/CATALOGHI-MAITEK-3.jpg","twitter_misc":{"Dur\u00e9e de lecture estim\u00e9e":"1 minute"},"schema":{"@context":"https:\/\/schema.org","@graph":[{"@type":"WebPage","@id":"https:\/\/www.maiteksrl.com\/fr\/catalogues-maitek\/","url":"https:\/\/www.maiteksrl.com\/fr\/catalogues-maitek\/","name":"Maitek srl | Catalogues Maitek - Secteur minier","isPartOf":{"@id":"https:\/\/www.maiteksrl.com\/fr\/#website"},"datePublished":"2018-12-17T16:03:52+00:00","dateModified":"2026-03-30T08:51:27+00:00","description":"Maitek srl | Produits standard pour revendeurs \/ distributeurs T\u00e9l\u00e9chargez les catalogues Maitek et d\u00e9couvrez la gamme de produits et de solutions pour le traitement","breadcrumb":{"@id":"https:\/\/www.maiteksrl.com\/fr\/catalogues-maitek\/#breadcrumb"},"inLanguage":"fr-FR","potentialAction":[{"@type":"ReadAction","target":["https:\/\/www.maiteksrl.com\/fr\/catalogues-maitek\/"]}]},{"@type":"BreadcrumbList","@id":"https:\/\/www.maiteksrl.com\/fr\/catalogues-maitek\/#breadcrumb","itemListElement":[{"@type":"ListItem","position":1,"name":"Home","item":"https:\/\/www.maiteksrl.com\/fr\/"},{"@type":"ListItem","position":2,"name":"Catalogues Maitek"}]},{"@type":"WebSite","@id":"https:\/\/www.maiteksrl.com\/fr\/#website","url":"https:\/\/www.maiteksrl.com\/fr\/","name":"Maitek srl","description":"Impianti per il settore estrattivo: disidratazione fanghi, lavaggio e frantumazione inerti, abbattimento polveri.","potentialAction":[{"@type":"SearchAction","target":{"@type":"EntryPoint","urlTemplate":"https:\/\/www.maiteksrl.com\/fr\/?s={search_term_string}"},"query-input":{"@type":"PropertyValueSpecification","valueRequired":true,"valueName":"search_term_string"}}],"inLanguage":"fr-FR"}]}},"_links":{"self":[{"href":"https:\/\/www.maiteksrl.com\/fr\/wp-json\/wp\/v2\/pages\/5435","targetHints":{"allow":["GET"]}}],"collection":[{"href":"https:\/\/www.maiteksrl.com\/fr\/wp-json\/wp\/v2\/pages"}],"about":[{"href":"https:\/\/www.maiteksrl.com\/fr\/wp-json\/wp\/v2\/types\/page"}],"author":[{"embeddable":true,"href":"https:\/\/www.maiteksrl.com\/fr\/wp-json\/wp\/v2\/users\/3"}],"replies":[{"embeddable":true,"href":"https:\/\/www.maiteksrl.com\/fr\/wp-json\/wp\/v2\/comments?post=5435"}],"version-history":[{"count":4,"href":"https:\/\/www.maiteksrl.com\/fr\/wp-json\/wp\/v2\/pages\/5435\/revisions"}],"predecessor-version":[{"id":8286,"href":"https:\/\/www.maiteksrl.com\/fr\/wp-json\/wp\/v2\/pages\/5435\/revisions\/8286"}],"wp:attachment":[{"href":"https:\/\/www.maiteksrl.com\/fr\/wp-json\/wp\/v2\/media?parent=5435"}],"curies":[{"name":"wp","href":"https:\/\/api.w.org\/{rel}","templated":true}]}}