{"id":52,"date":"2017-06-20T17:09:52","date_gmt":"2017-06-20T15:09:52","guid":{"rendered":"https:\/\/www.maiteksrl.com\/?page_id=52"},"modified":"2026-03-30T10:29:12","modified_gmt":"2026-03-30T08:29:12","slug":"home-page","status":"publish","type":"page","link":"https:\/\/www.maiteksrl.com\/fr\/","title":{"rendered":"Home page"},"content":{"rendered":"<p><strong>MAITEK s.r.l.<\/strong> d\u00e9marre ses activit\u00e9s avec l\u2019objectif de d\u00e9velopper des technologies dans le secteur des mines et carri\u00e8res, avec des comp\u00e9tences sp\u00e9ciales dans l\u2019\u00e9cologie. Son \u00e9quipe se compose d\u2019ing\u00e9nieurs et d\u2019experts ayant 30 ans d\u2019exp\u00e9rience dans les processus pour le traitement des agr\u00e9gats. MAITEK s.r.l. est en mesure d\u2019\u00e9tudier et fournir \u00e9quipements et installations compl\u00e8tes pour le concassage, criblage, recyclage et mise en tas des agr\u00e9gats, installations pour le traitement des eaux et des boues, syst\u00e8mes pour l\u2019abattage des poussi\u00e8res. Innovation technologique et simplicit\u00e9 d&rsquo;application au service de la qualit\u00e9 et de la comp\u00e9titivit\u00e9: pour MAITEK comp\u00e9titivit\u00e9 est synonyme d&rsquo;avantages pour les utilisateurs et de respect pour la collectivit\u00e9. C&rsquo;est le d\u00e9fi du pr\u00e9sent indissolublement li\u00e9 \u00e0 un pari sur le futur.<\/p>\n","protected":false},"excerpt":{"rendered":"<p>MAITEK s.r.l. d\u00e9marre ses activit\u00e9s avec l\u2019objectif de d\u00e9velopper des technologies dans le secteur des mines et carri\u00e8res, avec des comp\u00e9tences sp\u00e9ciales dans l\u2019\u00e9cologie. Son \u00e9quipe se compose d\u2019ing\u00e9nieurs et [&hellip;]<\/p>\n","protected":false},"author":3,"featured_media":0,"parent":0,"menu_order":0,"comment_status":"closed","ping_status":"closed","template":"","meta":{"_acf_changed":false,"footnotes":""},"class_list":["post-52","page","type-page","status-publish","hentry"],"acf":[],"yoast_head":"<!-- This site is optimized with the Yoast SEO plugin v27.0 - https:\/\/yoast.com\/product\/yoast-seo-wordpress\/ -->\n<title>Maitek srl | Home page - Secteur minier<\/title>\n<meta name=\"description\" content=\"Maitek srl | MAITEK s.r.l. d\u00e9marre ses activit\u00e9s avec l\u2019objectif de d\u00e9velopper des technologies dans le secteur des mines et carri\u00e8res, avec des...\" \/>\n<meta name=\"robots\" content=\"index, follow, max-snippet:-1, max-image-preview:large, max-video-preview:-1\" \/>\n<link rel=\"canonical\" href=\"https:\/\/www.maiteksrl.com\/fr\/\" \/>\n<meta property=\"og:locale\" content=\"fr_FR\" \/>\n<meta property=\"og:type\" content=\"article\" \/>\n<meta property=\"og:title\" content=\"MAITEK s.r.l.\" \/>\n<meta property=\"og:description\" content=\"MAITEK s.r.l. d\u00e9marre ses activit\u00e9s avec l\u2019objectif de d\u00e9velopper des technologies dans le secteur des mines et carri\u00e8res, avec des comp\u00e9tences sp\u00e9ciales dans l\u2019\u00e9cologie. Son \u00e9quipe se compose d\u2019ing\u00e9nieurs et d\u2019experts ayant 30 ans d\u2019exp\u00e9rience dans les processus pour le traitement des agr\u00e9gats.\" \/>\n<meta property=\"og:url\" content=\"https:\/\/www.maiteksrl.com\/fr\/\" \/>\n<meta property=\"og:site_name\" content=\"Maitek srl\" \/>\n<meta property=\"article:modified_time\" content=\"2026-03-30T08:29:12+00:00\" \/>\n<meta property=\"og:image\" content=\"https:\/\/www.maiteksrl.com\/wp-content\/uploads\/2017\/07\/impianti-per-la-frantumazione-di-inerti-1.jpg\" \/>\n\t<meta property=\"og:image:width\" content=\"1200\" \/>\n\t<meta property=\"og:image:height\" content=\"682\" \/>\n\t<meta property=\"og:image:type\" content=\"image\/jpeg\" \/>\n<meta name=\"twitter:card\" content=\"summary_large_image\" \/>\n<meta name=\"twitter:title\" content=\"MAITEK s.r.l.\" \/>\n<meta name=\"twitter:description\" content=\"MAITEK s.r.l. d\u00e9marre ses activit\u00e9s avec l\u2019objectif de d\u00e9velopper des technologies dans le secteur des mines et carri\u00e8res, avec des comp\u00e9tences sp\u00e9ciales dans l\u2019\u00e9cologie. Son \u00e9quipe se compose d\u2019ing\u00e9nieurs et d\u2019experts ayant 30 ans d\u2019exp\u00e9rience dans les processus pour le traitement des agr\u00e9gats.\" \/>\n<meta name=\"twitter:image\" content=\"https:\/\/www.maiteksrl.com\/wp-content\/uploads\/2017\/07\/impianti-per-la-frantumazione-di-inerti-1.jpg\" \/>\n<meta name=\"twitter:label1\" content=\"Dur\u00e9e de lecture estim\u00e9e\" \/>\n\t<meta name=\"twitter:data1\" content=\"1 minute\" \/>\n<script type=\"application\/ld+json\" class=\"yoast-schema-graph\">{\"@context\":\"https:\/\/schema.org\",\"@graph\":[{\"@type\":\"WebPage\",\"@id\":\"https:\/\/www.maiteksrl.com\/fr\/\",\"url\":\"https:\/\/www.maiteksrl.com\/fr\/\",\"name\":\"Maitek srl | Home page - Secteur minier\",\"isPartOf\":{\"@id\":\"https:\/\/www.maiteksrl.com\/fr\/#website\"},\"datePublished\":\"2017-06-20T15:09:52+00:00\",\"dateModified\":\"2026-03-30T08:29:12+00:00\",\"description\":\"Maitek srl | MAITEK s.r.l. d\u00e9marre ses activit\u00e9s avec l\u2019objectif de d\u00e9velopper des technologies dans le secteur des mines et carri\u00e8res, avec des comp\u00e9tences sp\u00e9ciales\",\"breadcrumb\":{\"@id\":\"https:\/\/www.maiteksrl.com\/fr\/#breadcrumb\"},\"inLanguage\":\"fr-FR\",\"potentialAction\":[{\"@type\":\"ReadAction\",\"target\":[\"https:\/\/www.maiteksrl.com\/fr\/\"]}]},{\"@type\":\"BreadcrumbList\",\"@id\":\"https:\/\/www.maiteksrl.com\/fr\/#breadcrumb\",\"itemListElement\":[{\"@type\":\"ListItem\",\"position\":1,\"name\":\"Home\",\"item\":\"https:\/\/www.maiteksrl.com\/fr\/\"},{\"@type\":\"ListItem\",\"position\":2,\"name\":\"Home page\"}]},{\"@type\":\"WebSite\",\"@id\":\"https:\/\/www.maiteksrl.com\/fr\/#website\",\"url\":\"https:\/\/www.maiteksrl.com\/fr\/\",\"name\":\"Maitek srl\",\"description\":\"Impianti per il settore estrattivo: disidratazione fanghi, lavaggio e frantumazione inerti, abbattimento polveri.\",\"potentialAction\":[{\"@type\":\"SearchAction\",\"target\":{\"@type\":\"EntryPoint\",\"urlTemplate\":\"https:\/\/www.maiteksrl.com\/fr\/?s={search_term_string}\"},\"query-input\":{\"@type\":\"PropertyValueSpecification\",\"valueRequired\":true,\"valueName\":\"search_term_string\"}}],\"inLanguage\":\"fr-FR\"}]}<\/script>\n<!-- \/ Yoast SEO plugin. -->","yoast_head_json":{"title":"Maitek srl | Home page - Secteur minier","description":"Maitek srl | MAITEK s.r.l. d\u00e9marre ses activit\u00e9s avec l\u2019objectif de d\u00e9velopper des technologies dans le secteur des mines et carri\u00e8res, avec des...","robots":{"index":"index","follow":"follow","max-snippet":"max-snippet:-1","max-image-preview":"max-image-preview:large","max-video-preview":"max-video-preview:-1"},"canonical":"https:\/\/www.maiteksrl.com\/fr\/","og_locale":"fr_FR","og_type":"article","og_title":"MAITEK s.r.l.","og_description":"MAITEK s.r.l. d\u00e9marre ses activit\u00e9s avec l\u2019objectif de d\u00e9velopper des technologies dans le secteur des mines et carri\u00e8res, avec des comp\u00e9tences sp\u00e9ciales dans l\u2019\u00e9cologie. Son \u00e9quipe se compose d\u2019ing\u00e9nieurs et d\u2019experts ayant 30 ans d\u2019exp\u00e9rience dans les processus pour le traitement des agr\u00e9gats.","og_url":"https:\/\/www.maiteksrl.com\/fr\/","og_site_name":"Maitek srl","article_modified_time":"2026-03-30T08:29:12+00:00","og_image":[{"width":1200,"height":682,"url":"https:\/\/www.maiteksrl.com\/wp-content\/uploads\/2017\/07\/impianti-per-la-frantumazione-di-inerti-1.jpg","type":"image\/jpeg"}],"twitter_card":"summary_large_image","twitter_title":"MAITEK s.r.l.","twitter_description":"MAITEK s.r.l. d\u00e9marre ses activit\u00e9s avec l\u2019objectif de d\u00e9velopper des technologies dans le secteur des mines et carri\u00e8res, avec des comp\u00e9tences sp\u00e9ciales dans l\u2019\u00e9cologie. Son \u00e9quipe se compose d\u2019ing\u00e9nieurs et d\u2019experts ayant 30 ans d\u2019exp\u00e9rience dans les processus pour le traitement des agr\u00e9gats.","twitter_image":"https:\/\/www.maiteksrl.com\/wp-content\/uploads\/2017\/07\/impianti-per-la-frantumazione-di-inerti-1.jpg","twitter_misc":{"Dur\u00e9e de lecture estim\u00e9e":"1 minute"},"schema":{"@context":"https:\/\/schema.org","@graph":[{"@type":"WebPage","@id":"https:\/\/www.maiteksrl.com\/fr\/","url":"https:\/\/www.maiteksrl.com\/fr\/","name":"Maitek srl | Home page - Secteur minier","isPartOf":{"@id":"https:\/\/www.maiteksrl.com\/fr\/#website"},"datePublished":"2017-06-20T15:09:52+00:00","dateModified":"2026-03-30T08:29:12+00:00","description":"Maitek srl | MAITEK s.r.l. d\u00e9marre ses activit\u00e9s avec l\u2019objectif de d\u00e9velopper des technologies dans le secteur des mines et carri\u00e8res, avec des comp\u00e9tences sp\u00e9ciales","breadcrumb":{"@id":"https:\/\/www.maiteksrl.com\/fr\/#breadcrumb"},"inLanguage":"fr-FR","potentialAction":[{"@type":"ReadAction","target":["https:\/\/www.maiteksrl.com\/fr\/"]}]},{"@type":"BreadcrumbList","@id":"https:\/\/www.maiteksrl.com\/fr\/#breadcrumb","itemListElement":[{"@type":"ListItem","position":1,"name":"Home","item":"https:\/\/www.maiteksrl.com\/fr\/"},{"@type":"ListItem","position":2,"name":"Home page"}]},{"@type":"WebSite","@id":"https:\/\/www.maiteksrl.com\/fr\/#website","url":"https:\/\/www.maiteksrl.com\/fr\/","name":"Maitek srl","description":"Impianti per il settore estrattivo: disidratazione fanghi, lavaggio e frantumazione inerti, abbattimento polveri.","potentialAction":[{"@type":"SearchAction","target":{"@type":"EntryPoint","urlTemplate":"https:\/\/www.maiteksrl.com\/fr\/?s={search_term_string}"},"query-input":{"@type":"PropertyValueSpecification","valueRequired":true,"valueName":"search_term_string"}}],"inLanguage":"fr-FR"}]}},"_links":{"self":[{"href":"https:\/\/www.maiteksrl.com\/fr\/wp-json\/wp\/v2\/pages\/52","targetHints":{"allow":["GET"]}}],"collection":[{"href":"https:\/\/www.maiteksrl.com\/fr\/wp-json\/wp\/v2\/pages"}],"about":[{"href":"https:\/\/www.maiteksrl.com\/fr\/wp-json\/wp\/v2\/types\/page"}],"author":[{"embeddable":true,"href":"https:\/\/www.maiteksrl.com\/fr\/wp-json\/wp\/v2\/users\/3"}],"replies":[{"embeddable":true,"href":"https:\/\/www.maiteksrl.com\/fr\/wp-json\/wp\/v2\/comments?post=52"}],"version-history":[{"count":23,"href":"https:\/\/www.maiteksrl.com\/fr\/wp-json\/wp\/v2\/pages\/52\/revisions"}],"predecessor-version":[{"id":8308,"href":"https:\/\/www.maiteksrl.com\/fr\/wp-json\/wp\/v2\/pages\/52\/revisions\/8308"}],"wp:attachment":[{"href":"https:\/\/www.maiteksrl.com\/fr\/wp-json\/wp\/v2\/media?parent=52"}],"curies":[{"name":"wp","href":"https:\/\/api.w.org\/{rel}","templated":true}]}}