{"id":4323,"date":"2017-09-07T09:33:45","date_gmt":"2017-09-07T07:33:45","guid":{"rendered":"https:\/\/www.maiteksrl.com\/?page_id=4323\/"},"modified":"2026-03-30T10:17:14","modified_gmt":"2026-03-30T08:17:14","slug":"abonnez-vous-nos-lettres-dinformation","status":"publish","type":"page","link":"https:\/\/www.maiteksrl.com\/fr\/abonnez-vous-nos-lettres-dinformation\/","title":{"rendered":"Abonnez-vous \u00e0 nos lettres d\u2019information"},"content":{"rendered":"<p>Remplissez le formulaire et abonnez-vous \u00e0 nos newsletter.<br \/>\nRestez \u00e0 jour avec les nouveaux produits et les derni\u00e8res nouvelles.<\/p>\n<p>&nbsp;<\/p>\n<script>(function() {\n\twindow.mc4wp = window.mc4wp || {\n\t\tlisteners: [],\n\t\tforms: {\n\t\t\ton: function(evt, cb) {\n\t\t\t\twindow.mc4wp.listeners.push(\n\t\t\t\t\t{\n\t\t\t\t\t\tevent   : evt,\n\t\t\t\t\t\tcallback: cb\n\t\t\t\t\t}\n\t\t\t\t);\n\t\t\t}\n\t\t}\n\t}\n})();\n<\/script><!-- Mailchimp for WordPress v4.10.3 - https:\/\/wordpress.org\/plugins\/mailchimp-for-wp\/ --><form id=\"mc4wp-form-1\" class=\"mc4wp-form mc4wp-form-4316\" method=\"post\" data-id=\"4316\" data-name=\"Newsletter\" ><div class=\"mc4wp-form-fields\"><p class=\"small-12 medium-5 columns\">\r\n  \t<label>Name<\/label>\r\n    <input name=\"FNAME\" placeholder=\"nome\" required=\"\" type=\"text\">\r\n<\/p>\r\n\r\n<p class=\"small-12 medium-5 columns\">\r\n  \t<label>Email<\/label>\r\n    <input name=\"EMAIL\" placeholder=\"email\" required=\"\" type=\"email\">\r\n<\/p>\r\n\r\n<p class=\"small-12 medium-2 columns\">\r\n    <label>Language<\/label>\r\n    <select name=\"INTERESTS[6a69285bee]\" required=\"\">\r\n        <option value=\"b9a166d488\" selected=\"true\">Italiano<\/option>\r\n        <option value=\"59feff4f27\">English<\/option>\r\n        <option value=\"b5b4298f05\">Fran\u00e7ais<\/option>\r\n    <\/select>\r\n<\/p>\r\n\r\n<p class=\"small-12 columns\">\r\n  <input type=\"checkbox\" required>I have read and agree to the processing of personal data according to the <a href=\"\/en\/privacy-policy\">Privacy Policy<\/a>\r\n<\/p>\r\n\r\n\r\n<p class=\"small-12 columns\">\r\n\t<input class=\"button\" type=\"submit\" value=\"SEND\" \/>\r\n<\/p><\/div><label style=\"display: none !important;\">Laissez ce champ vide si vous \u00eates humain\u00a0: <input type=\"text\" name=\"_mc4wp_honeypot\" value=\"\" tabindex=\"-1\" autocomplete=\"off\" \/><\/label><input type=\"hidden\" name=\"_mc4wp_timestamp\" value=\"1776947371\" \/><input type=\"hidden\" name=\"_mc4wp_form_id\" value=\"4316\" \/><input type=\"hidden\" name=\"_mc4wp_form_element_id\" value=\"mc4wp-form-1\" \/><div class=\"mc4wp-response\"><\/div><\/form><!-- \/ Mailchimp for WordPress Plugin -->\n","protected":false},"excerpt":{"rendered":"<p>Remplissez le formulaire et abonnez-vous \u00e0 nos newsletter. Restez \u00e0 jour avec les nouveaux produits et les derni\u00e8res nouvelles. &nbsp;<\/p>\n","protected":false},"author":3,"featured_media":0,"parent":0,"menu_order":0,"comment_status":"closed","ping_status":"closed","template":"","meta":{"_acf_changed":false,"footnotes":""},"class_list":["post-4323","page","type-page","status-publish","hentry"],"acf":[],"yoast_head":"<!-- This site is optimized with the Yoast SEO plugin v27.0 - https:\/\/yoast.com\/product\/yoast-seo-wordpress\/ -->\n<title>Maitek srl | Abonnez-vous \u00e0 nos lettres d\u2019information -...<\/title>\n<meta name=\"description\" content=\"Maitek srl | Remplissez le formulaire et abonnez-vous \u00e0 nos newsletter. Restez \u00e0 jour avec les nouveaux produits et les derni\u00e8res nouvelles.  &nbsp;\" \/>\n<meta name=\"robots\" content=\"index, follow, max-snippet:-1, max-image-preview:large, max-video-preview:-1\" \/>\n<link rel=\"canonical\" href=\"https:\/\/www.maiteksrl.com\/fr\/abonnez-vous-nos-lettres-dinformation\/\" \/>\n<meta property=\"og:locale\" content=\"fr_FR\" \/>\n<meta property=\"og:type\" content=\"article\" \/>\n<meta property=\"og:title\" content=\"Maitek srl | Abonnez-vous \u00e0 nos lettres d\u2019information - Secteur minier\" \/>\n<meta property=\"og:description\" content=\"Maitek srl | Remplissez le formulaire et abonnez-vous \u00e0 nos newsletter. Restez \u00e0 jour avec les nouveaux produits et les derni\u00e8res nouvelles.  &nbsp;\" \/>\n<meta property=\"og:url\" content=\"https:\/\/www.maiteksrl.com\/fr\/abonnez-vous-nos-lettres-dinformation\/\" \/>\n<meta property=\"og:site_name\" content=\"Maitek srl\" \/>\n<meta property=\"article:modified_time\" content=\"2026-03-30T08:17:14+00:00\" \/>\n<meta property=\"og:image\" content=\"https:\/\/www.maiteksrl.com\/wp-content\/uploads\/2017\/07\/impianti-per-la-frantumazione-di-inerti-1.jpg\" \/>\n\t<meta property=\"og:image:width\" content=\"1200\" \/>\n\t<meta property=\"og:image:height\" content=\"682\" \/>\n\t<meta property=\"og:image:type\" content=\"image\/jpeg\" \/>\n<meta name=\"twitter:card\" content=\"summary_large_image\" \/>\n<meta name=\"twitter:image\" content=\"https:\/\/www.maiteksrl.com\/wp-content\/uploads\/2017\/07\/impianti-per-la-frantumazione-di-inerti-1.jpg\" \/>\n<meta name=\"twitter:label1\" content=\"Dur\u00e9e de lecture estim\u00e9e\" \/>\n\t<meta name=\"twitter:data1\" content=\"1 minute\" \/>\n<script type=\"application\/ld+json\" class=\"yoast-schema-graph\">{\"@context\":\"https:\/\/schema.org\",\"@graph\":[{\"@type\":\"WebPage\",\"@id\":\"https:\/\/www.maiteksrl.com\/fr\/abonnez-vous-nos-lettres-dinformation\/\",\"url\":\"https:\/\/www.maiteksrl.com\/fr\/abonnez-vous-nos-lettres-dinformation\/\",\"name\":\"Maitek srl | Abonnez-vous \u00e0 nos lettres d\u2019information - Secteur minier\",\"isPartOf\":{\"@id\":\"https:\/\/www.maiteksrl.com\/fr\/#website\"},\"datePublished\":\"2017-09-07T07:33:45+00:00\",\"dateModified\":\"2026-03-30T08:17:14+00:00\",\"description\":\"Maitek srl | Remplissez le formulaire et abonnez-vous \u00e0 nos newsletter. Restez \u00e0 jour avec les nouveaux produits et les derni\u00e8res nouvelles. &nbsp;\",\"breadcrumb\":{\"@id\":\"https:\/\/www.maiteksrl.com\/fr\/abonnez-vous-nos-lettres-dinformation\/#breadcrumb\"},\"inLanguage\":\"fr-FR\",\"potentialAction\":[{\"@type\":\"ReadAction\",\"target\":[\"https:\/\/www.maiteksrl.com\/fr\/abonnez-vous-nos-lettres-dinformation\/\"]}]},{\"@type\":\"BreadcrumbList\",\"@id\":\"https:\/\/www.maiteksrl.com\/fr\/abonnez-vous-nos-lettres-dinformation\/#breadcrumb\",\"itemListElement\":[{\"@type\":\"ListItem\",\"position\":1,\"name\":\"Home\",\"item\":\"https:\/\/www.maiteksrl.com\/fr\/\"},{\"@type\":\"ListItem\",\"position\":2,\"name\":\"Abonnez-vous \u00e0 nos lettres d\u2019information\"}]},{\"@type\":\"WebSite\",\"@id\":\"https:\/\/www.maiteksrl.com\/fr\/#website\",\"url\":\"https:\/\/www.maiteksrl.com\/fr\/\",\"name\":\"Maitek srl\",\"description\":\"Impianti per il settore estrattivo: disidratazione fanghi, lavaggio e frantumazione inerti, abbattimento polveri.\",\"potentialAction\":[{\"@type\":\"SearchAction\",\"target\":{\"@type\":\"EntryPoint\",\"urlTemplate\":\"https:\/\/www.maiteksrl.com\/fr\/?s={search_term_string}\"},\"query-input\":{\"@type\":\"PropertyValueSpecification\",\"valueRequired\":true,\"valueName\":\"search_term_string\"}}],\"inLanguage\":\"fr-FR\"}]}<\/script>\n<!-- \/ Yoast SEO plugin. -->","yoast_head_json":{"title":"Maitek srl | Abonnez-vous \u00e0 nos lettres d\u2019information -...","description":"Maitek srl | Remplissez le formulaire et abonnez-vous \u00e0 nos newsletter. Restez \u00e0 jour avec les nouveaux produits et les derni\u00e8res nouvelles.  &nbsp;","robots":{"index":"index","follow":"follow","max-snippet":"max-snippet:-1","max-image-preview":"max-image-preview:large","max-video-preview":"max-video-preview:-1"},"canonical":"https:\/\/www.maiteksrl.com\/fr\/abonnez-vous-nos-lettres-dinformation\/","og_locale":"fr_FR","og_type":"article","og_title":"Maitek srl | Abonnez-vous \u00e0 nos lettres d\u2019information - Secteur minier","og_description":"Maitek srl | Remplissez le formulaire et abonnez-vous \u00e0 nos newsletter. Restez \u00e0 jour avec les nouveaux produits et les derni\u00e8res nouvelles.  &nbsp;","og_url":"https:\/\/www.maiteksrl.com\/fr\/abonnez-vous-nos-lettres-dinformation\/","og_site_name":"Maitek srl","article_modified_time":"2026-03-30T08:17:14+00:00","og_image":[{"width":1200,"height":682,"url":"https:\/\/www.maiteksrl.com\/wp-content\/uploads\/2017\/07\/impianti-per-la-frantumazione-di-inerti-1.jpg","type":"image\/jpeg"}],"twitter_card":"summary_large_image","twitter_image":"https:\/\/www.maiteksrl.com\/wp-content\/uploads\/2017\/07\/impianti-per-la-frantumazione-di-inerti-1.jpg","twitter_misc":{"Dur\u00e9e de lecture estim\u00e9e":"1 minute"},"schema":{"@context":"https:\/\/schema.org","@graph":[{"@type":"WebPage","@id":"https:\/\/www.maiteksrl.com\/fr\/abonnez-vous-nos-lettres-dinformation\/","url":"https:\/\/www.maiteksrl.com\/fr\/abonnez-vous-nos-lettres-dinformation\/","name":"Maitek srl | Abonnez-vous \u00e0 nos lettres d\u2019information - Secteur minier","isPartOf":{"@id":"https:\/\/www.maiteksrl.com\/fr\/#website"},"datePublished":"2017-09-07T07:33:45+00:00","dateModified":"2026-03-30T08:17:14+00:00","description":"Maitek srl | Remplissez le formulaire et abonnez-vous \u00e0 nos newsletter. Restez \u00e0 jour avec les nouveaux produits et les derni\u00e8res nouvelles. &nbsp;","breadcrumb":{"@id":"https:\/\/www.maiteksrl.com\/fr\/abonnez-vous-nos-lettres-dinformation\/#breadcrumb"},"inLanguage":"fr-FR","potentialAction":[{"@type":"ReadAction","target":["https:\/\/www.maiteksrl.com\/fr\/abonnez-vous-nos-lettres-dinformation\/"]}]},{"@type":"BreadcrumbList","@id":"https:\/\/www.maiteksrl.com\/fr\/abonnez-vous-nos-lettres-dinformation\/#breadcrumb","itemListElement":[{"@type":"ListItem","position":1,"name":"Home","item":"https:\/\/www.maiteksrl.com\/fr\/"},{"@type":"ListItem","position":2,"name":"Abonnez-vous \u00e0 nos lettres d\u2019information"}]},{"@type":"WebSite","@id":"https:\/\/www.maiteksrl.com\/fr\/#website","url":"https:\/\/www.maiteksrl.com\/fr\/","name":"Maitek srl","description":"Impianti per il settore estrattivo: disidratazione fanghi, lavaggio e frantumazione inerti, abbattimento polveri.","potentialAction":[{"@type":"SearchAction","target":{"@type":"EntryPoint","urlTemplate":"https:\/\/www.maiteksrl.com\/fr\/?s={search_term_string}"},"query-input":{"@type":"PropertyValueSpecification","valueRequired":true,"valueName":"search_term_string"}}],"inLanguage":"fr-FR"}]}},"_links":{"self":[{"href":"https:\/\/www.maiteksrl.com\/fr\/wp-json\/wp\/v2\/pages\/4323","targetHints":{"allow":["GET"]}}],"collection":[{"href":"https:\/\/www.maiteksrl.com\/fr\/wp-json\/wp\/v2\/pages"}],"about":[{"href":"https:\/\/www.maiteksrl.com\/fr\/wp-json\/wp\/v2\/types\/page"}],"author":[{"embeddable":true,"href":"https:\/\/www.maiteksrl.com\/fr\/wp-json\/wp\/v2\/users\/3"}],"replies":[{"embeddable":true,"href":"https:\/\/www.maiteksrl.com\/fr\/wp-json\/wp\/v2\/comments?post=4323"}],"version-history":[{"count":3,"href":"https:\/\/www.maiteksrl.com\/fr\/wp-json\/wp\/v2\/pages\/4323\/revisions"}],"predecessor-version":[{"id":4382,"href":"https:\/\/www.maiteksrl.com\/fr\/wp-json\/wp\/v2\/pages\/4323\/revisions\/4382"}],"wp:attachment":[{"href":"https:\/\/www.maiteksrl.com\/fr\/wp-json\/wp\/v2\/media?parent=4323"}],"curies":[{"name":"wp","href":"https:\/\/api.w.org\/{rel}","templated":true}]}}