{"id":4267,"date":"2017-08-31T16:32:00","date_gmt":"2017-08-31T14:32:00","guid":{"rendered":"https:\/\/www.maiteksrl.com\/mformok\/"},"modified":"2017-09-01T12:04:40","modified_gmt":"2017-09-01T10:04:40","slug":"mformok","status":"publish","type":"page","link":"https:\/\/www.maiteksrl.com\/fr\/mformok\/","title":{"rendered":"Merci de nous avoir contact\u00e9!"},"content":{"rendered":"<p>Merci de nous avoir contact\u00e9! Nous serons en contact avec vous sous peu!<\/p>\n<p>Pour les demandes urgentes, contactez-nous au num\u00e9ro +39 0721 959340<\/p>\n","protected":false},"excerpt":{"rendered":"<p>Merci de nous avoir contact\u00e9! Nous serons en contact avec vous sous peu! Pour les demandes urgentes, contactez-nous au num\u00e9ro +39 0721 959340<\/p>\n","protected":false},"author":3,"featured_media":0,"parent":0,"menu_order":0,"comment_status":"closed","ping_status":"closed","template":"","meta":{"_acf_changed":false,"footnotes":""},"class_list":["post-4267","page","type-page","status-publish","hentry"],"acf":[],"yoast_head":"<!-- This site is optimized with the Yoast SEO plugin v27.0 - https:\/\/yoast.com\/product\/yoast-seo-wordpress\/ -->\n<title>Maitek srl | Merci de nous avoir contact\u00e9! - Secteur minier<\/title>\n<meta name=\"description\" content=\"Maitek srl | Merci de nous avoir contact\u00e9! Nous serons en contact avec vous sous peu!  Pour les demandes urgentes, contactez-nous au num\u00e9ro +39 0721 959340\" \/>\n<meta name=\"robots\" content=\"index, follow, max-snippet:-1, max-image-preview:large, max-video-preview:-1\" \/>\n<link rel=\"canonical\" href=\"https:\/\/www.maiteksrl.com\/fr\/mformok\/\" \/>\n<meta property=\"og:locale\" content=\"fr_FR\" \/>\n<meta property=\"og:type\" content=\"article\" \/>\n<meta property=\"og:title\" content=\"Maitek srl | Merci de nous avoir contact\u00e9! - Secteur minier\" \/>\n<meta property=\"og:description\" content=\"Maitek srl | Merci de nous avoir contact\u00e9! Nous serons en contact avec vous sous peu!  Pour les demandes urgentes, contactez-nous au num\u00e9ro +39 0721 959340\" \/>\n<meta property=\"og:url\" content=\"https:\/\/www.maiteksrl.com\/fr\/mformok\/\" \/>\n<meta property=\"og:site_name\" content=\"Maitek srl\" \/>\n<meta property=\"article:modified_time\" content=\"2017-09-01T10:04:40+00:00\" \/>\n<meta name=\"twitter:card\" content=\"summary_large_image\" \/>\n<script type=\"application\/ld+json\" class=\"yoast-schema-graph\">{\"@context\":\"https:\/\/schema.org\",\"@graph\":[{\"@type\":\"WebPage\",\"@id\":\"https:\/\/www.maiteksrl.com\/fr\/mformok\/\",\"url\":\"https:\/\/www.maiteksrl.com\/fr\/mformok\/\",\"name\":\"Maitek srl | Merci de nous avoir contact\u00e9! - Secteur minier\",\"isPartOf\":{\"@id\":\"https:\/\/www.maiteksrl.com\/fr\/#website\"},\"datePublished\":\"2017-08-31T14:32:00+00:00\",\"dateModified\":\"2017-09-01T10:04:40+00:00\",\"description\":\"Maitek srl | Merci de nous avoir contact\u00e9! Nous serons en contact avec vous sous peu! Pour les demandes urgentes, contactez-nous au num\u00e9ro +39 0721 959340\",\"breadcrumb\":{\"@id\":\"https:\/\/www.maiteksrl.com\/fr\/mformok\/#breadcrumb\"},\"inLanguage\":\"fr-FR\",\"potentialAction\":[{\"@type\":\"ReadAction\",\"target\":[\"https:\/\/www.maiteksrl.com\/fr\/mformok\/\"]}]},{\"@type\":\"BreadcrumbList\",\"@id\":\"https:\/\/www.maiteksrl.com\/fr\/mformok\/#breadcrumb\",\"itemListElement\":[{\"@type\":\"ListItem\",\"position\":1,\"name\":\"Home\",\"item\":\"https:\/\/www.maiteksrl.com\/fr\/\"},{\"@type\":\"ListItem\",\"position\":2,\"name\":\"Merci de nous avoir contact\u00e9!\"}]},{\"@type\":\"WebSite\",\"@id\":\"https:\/\/www.maiteksrl.com\/fr\/#website\",\"url\":\"https:\/\/www.maiteksrl.com\/fr\/\",\"name\":\"Maitek srl\",\"description\":\"Impianti per il settore estrattivo: disidratazione fanghi, lavaggio e frantumazione inerti, abbattimento polveri.\",\"potentialAction\":[{\"@type\":\"SearchAction\",\"target\":{\"@type\":\"EntryPoint\",\"urlTemplate\":\"https:\/\/www.maiteksrl.com\/fr\/?s={search_term_string}\"},\"query-input\":{\"@type\":\"PropertyValueSpecification\",\"valueRequired\":true,\"valueName\":\"search_term_string\"}}],\"inLanguage\":\"fr-FR\"}]}<\/script>\n<!-- \/ Yoast SEO plugin. -->","yoast_head_json":{"title":"Maitek srl | Merci de nous avoir contact\u00e9! - Secteur minier","description":"Maitek srl | Merci de nous avoir contact\u00e9! Nous serons en contact avec vous sous peu!  Pour les demandes urgentes, contactez-nous au num\u00e9ro +39 0721 959340","robots":{"index":"index","follow":"follow","max-snippet":"max-snippet:-1","max-image-preview":"max-image-preview:large","max-video-preview":"max-video-preview:-1"},"canonical":"https:\/\/www.maiteksrl.com\/fr\/mformok\/","og_locale":"fr_FR","og_type":"article","og_title":"Maitek srl | Merci de nous avoir contact\u00e9! - Secteur minier","og_description":"Maitek srl | Merci de nous avoir contact\u00e9! Nous serons en contact avec vous sous peu!  Pour les demandes urgentes, contactez-nous au num\u00e9ro +39 0721 959340","og_url":"https:\/\/www.maiteksrl.com\/fr\/mformok\/","og_site_name":"Maitek srl","article_modified_time":"2017-09-01T10:04:40+00:00","twitter_card":"summary_large_image","schema":{"@context":"https:\/\/schema.org","@graph":[{"@type":"WebPage","@id":"https:\/\/www.maiteksrl.com\/fr\/mformok\/","url":"https:\/\/www.maiteksrl.com\/fr\/mformok\/","name":"Maitek srl | Merci de nous avoir contact\u00e9! - Secteur minier","isPartOf":{"@id":"https:\/\/www.maiteksrl.com\/fr\/#website"},"datePublished":"2017-08-31T14:32:00+00:00","dateModified":"2017-09-01T10:04:40+00:00","description":"Maitek srl | Merci de nous avoir contact\u00e9! Nous serons en contact avec vous sous peu! Pour les demandes urgentes, contactez-nous au num\u00e9ro +39 0721 959340","breadcrumb":{"@id":"https:\/\/www.maiteksrl.com\/fr\/mformok\/#breadcrumb"},"inLanguage":"fr-FR","potentialAction":[{"@type":"ReadAction","target":["https:\/\/www.maiteksrl.com\/fr\/mformok\/"]}]},{"@type":"BreadcrumbList","@id":"https:\/\/www.maiteksrl.com\/fr\/mformok\/#breadcrumb","itemListElement":[{"@type":"ListItem","position":1,"name":"Home","item":"https:\/\/www.maiteksrl.com\/fr\/"},{"@type":"ListItem","position":2,"name":"Merci de nous avoir contact\u00e9!"}]},{"@type":"WebSite","@id":"https:\/\/www.maiteksrl.com\/fr\/#website","url":"https:\/\/www.maiteksrl.com\/fr\/","name":"Maitek srl","description":"Impianti per il settore estrattivo: disidratazione fanghi, lavaggio e frantumazione inerti, abbattimento polveri.","potentialAction":[{"@type":"SearchAction","target":{"@type":"EntryPoint","urlTemplate":"https:\/\/www.maiteksrl.com\/fr\/?s={search_term_string}"},"query-input":{"@type":"PropertyValueSpecification","valueRequired":true,"valueName":"search_term_string"}}],"inLanguage":"fr-FR"}]}},"_links":{"self":[{"href":"https:\/\/www.maiteksrl.com\/fr\/wp-json\/wp\/v2\/pages\/4267","targetHints":{"allow":["GET"]}}],"collection":[{"href":"https:\/\/www.maiteksrl.com\/fr\/wp-json\/wp\/v2\/pages"}],"about":[{"href":"https:\/\/www.maiteksrl.com\/fr\/wp-json\/wp\/v2\/types\/page"}],"author":[{"embeddable":true,"href":"https:\/\/www.maiteksrl.com\/fr\/wp-json\/wp\/v2\/users\/3"}],"replies":[{"embeddable":true,"href":"https:\/\/www.maiteksrl.com\/fr\/wp-json\/wp\/v2\/comments?post=4267"}],"version-history":[{"count":2,"href":"https:\/\/www.maiteksrl.com\/fr\/wp-json\/wp\/v2\/pages\/4267\/revisions"}],"predecessor-version":[{"id":4269,"href":"https:\/\/www.maiteksrl.com\/fr\/wp-json\/wp\/v2\/pages\/4267\/revisions\/4269"}],"wp:attachment":[{"href":"https:\/\/www.maiteksrl.com\/fr\/wp-json\/wp\/v2\/media?parent=4267"}],"curies":[{"name":"wp","href":"https:\/\/api.w.org\/{rel}","templated":true}]}}