{"id":1091,"date":"2017-06-21T11:24:20","date_gmt":"2017-06-21T09:24:20","guid":{"rendered":"https:\/\/www.maiteksrl.com\/archivio-news\/"},"modified":"2026-03-30T12:00:21","modified_gmt":"2026-03-30T10:00:21","slug":"actualites","status":"publish","type":"page","link":"https:\/\/www.maiteksrl.com\/fr\/actualites\/","title":{"rendered":"Actualit\u00e9s"},"content":{"rendered":"<p>Actualit\u00e9s, \u00e9v\u00e9nements, salons professionnels et mises \u00e0 jour sur nos syst\u00e8mes et produits. Innovations et activit\u00e9s illustrant notre expertise dans le secteur.<\/p>\n","protected":false},"excerpt":{"rendered":"<p>Actualit\u00e9s, \u00e9v\u00e9nements, salons professionnels et mises \u00e0 jour sur nos syst\u00e8mes et produits. Innovations et activit\u00e9s illustrant notre expertise dans le secteur.<\/p>\n","protected":false},"author":3,"featured_media":0,"parent":0,"menu_order":0,"comment_status":"closed","ping_status":"closed","template":"page-archivio-news.php","meta":{"_acf_changed":false,"footnotes":""},"class_list":["post-1091","page","type-page","status-publish","hentry"],"acf":[],"yoast_head":"<!-- This site is optimized with the Yoast SEO plugin v27.0 - https:\/\/yoast.com\/product\/yoast-seo-wordpress\/ -->\n<title>Maitek srl | Actualit\u00e9s - Secteur minier<\/title>\n<meta name=\"description\" content=\"Maitek srl | Actualit\u00e9s, \u00e9v\u00e9nements, salons professionnels et mises \u00e0 jour sur nos syst\u00e8mes et produits. Innovations et activit\u00e9s illustrant notre...\" \/>\n<meta name=\"robots\" content=\"index, follow, max-snippet:-1, max-image-preview:large, max-video-preview:-1\" \/>\n<link rel=\"canonical\" href=\"https:\/\/www.maiteksrl.com\/fr\/actualites\/\" \/>\n<meta property=\"og:locale\" content=\"fr_FR\" \/>\n<meta property=\"og:type\" content=\"article\" \/>\n<meta property=\"og:title\" content=\"Actualit\u00e9s Maitek\" \/>\n<meta property=\"og:description\" content=\"Actualit\u00e9s, \u00e9v\u00e9nements, salons professionnels et mises \u00e0 jour sur nos syst\u00e8mes et produits. Innovations et activit\u00e9s illustrant notre expertise dans le secteur.\" \/>\n<meta property=\"og:url\" content=\"https:\/\/www.maiteksrl.com\/fr\/actualites\/\" \/>\n<meta property=\"og:site_name\" content=\"Maitek srl\" \/>\n<meta property=\"article:modified_time\" content=\"2026-03-30T10:00:21+00:00\" \/>\n<meta property=\"og:image\" content=\"https:\/\/www.maiteksrl.com\/wp-content\/uploads\/2017\/07\/impianti-per-la-frantumazione-di-inerti-1.jpg\" \/>\n\t<meta property=\"og:image:width\" content=\"1200\" \/>\n\t<meta property=\"og:image:height\" content=\"682\" \/>\n\t<meta property=\"og:image:type\" content=\"image\/jpeg\" \/>\n<meta name=\"twitter:card\" content=\"summary_large_image\" \/>\n<meta name=\"twitter:title\" content=\"Actualit\u00e9s Maitek\" \/>\n<meta name=\"twitter:description\" content=\"Actualit\u00e9s, \u00e9v\u00e9nements, salons professionnels et mises \u00e0 jour sur nos syst\u00e8mes et produits. Innovations et activit\u00e9s illustrant notre expertise dans le secteur.\" \/>\n<meta name=\"twitter:image\" content=\"https:\/\/www.maiteksrl.com\/wp-content\/uploads\/2017\/07\/impianti-per-la-frantumazione-di-inerti-1.jpg\" \/>\n<meta name=\"twitter:label1\" content=\"Dur\u00e9e de lecture estim\u00e9e\" \/>\n\t<meta name=\"twitter:data1\" content=\"1 minute\" \/>\n<script type=\"application\/ld+json\" class=\"yoast-schema-graph\">{\"@context\":\"https:\/\/schema.org\",\"@graph\":[{\"@type\":\"WebPage\",\"@id\":\"https:\/\/www.maiteksrl.com\/fr\/actualites\/\",\"url\":\"https:\/\/www.maiteksrl.com\/fr\/actualites\/\",\"name\":\"Maitek srl | Actualit\u00e9s - Secteur minier\",\"isPartOf\":{\"@id\":\"https:\/\/www.maiteksrl.com\/fr\/#website\"},\"datePublished\":\"2017-06-21T09:24:20+00:00\",\"dateModified\":\"2026-03-30T10:00:21+00:00\",\"description\":\"Maitek srl | Actualit\u00e9s, \u00e9v\u00e9nements, salons professionnels et mises \u00e0 jour sur nos syst\u00e8mes et produits. Innovations et activit\u00e9s illustrant notre expertise dans le\",\"breadcrumb\":{\"@id\":\"https:\/\/www.maiteksrl.com\/fr\/actualites\/#breadcrumb\"},\"inLanguage\":\"fr-FR\",\"potentialAction\":[{\"@type\":\"ReadAction\",\"target\":[\"https:\/\/www.maiteksrl.com\/fr\/actualites\/\"]}]},{\"@type\":\"BreadcrumbList\",\"@id\":\"https:\/\/www.maiteksrl.com\/fr\/actualites\/#breadcrumb\",\"itemListElement\":[{\"@type\":\"ListItem\",\"position\":1,\"name\":\"Home\",\"item\":\"https:\/\/www.maiteksrl.com\/fr\/\"},{\"@type\":\"ListItem\",\"position\":2,\"name\":\"Actualit\u00e9s\"}]},{\"@type\":\"WebSite\",\"@id\":\"https:\/\/www.maiteksrl.com\/fr\/#website\",\"url\":\"https:\/\/www.maiteksrl.com\/fr\/\",\"name\":\"Maitek srl\",\"description\":\"Impianti per il settore estrattivo: disidratazione fanghi, lavaggio e frantumazione inerti, abbattimento polveri.\",\"potentialAction\":[{\"@type\":\"SearchAction\",\"target\":{\"@type\":\"EntryPoint\",\"urlTemplate\":\"https:\/\/www.maiteksrl.com\/fr\/?s={search_term_string}\"},\"query-input\":{\"@type\":\"PropertyValueSpecification\",\"valueRequired\":true,\"valueName\":\"search_term_string\"}}],\"inLanguage\":\"fr-FR\"}]}<\/script>\n<!-- \/ Yoast SEO plugin. -->","yoast_head_json":{"title":"Maitek srl | Actualit\u00e9s - Secteur minier","description":"Maitek srl | Actualit\u00e9s, \u00e9v\u00e9nements, salons professionnels et mises \u00e0 jour sur nos syst\u00e8mes et produits. Innovations et activit\u00e9s illustrant notre...","robots":{"index":"index","follow":"follow","max-snippet":"max-snippet:-1","max-image-preview":"max-image-preview:large","max-video-preview":"max-video-preview:-1"},"canonical":"https:\/\/www.maiteksrl.com\/fr\/actualites\/","og_locale":"fr_FR","og_type":"article","og_title":"Actualit\u00e9s Maitek","og_description":"Actualit\u00e9s, \u00e9v\u00e9nements, salons professionnels et mises \u00e0 jour sur nos syst\u00e8mes et produits. Innovations et activit\u00e9s illustrant notre expertise dans le secteur.","og_url":"https:\/\/www.maiteksrl.com\/fr\/actualites\/","og_site_name":"Maitek srl","article_modified_time":"2026-03-30T10:00:21+00:00","og_image":[{"width":1200,"height":682,"url":"https:\/\/www.maiteksrl.com\/wp-content\/uploads\/2017\/07\/impianti-per-la-frantumazione-di-inerti-1.jpg","type":"image\/jpeg"}],"twitter_card":"summary_large_image","twitter_title":"Actualit\u00e9s Maitek","twitter_description":"Actualit\u00e9s, \u00e9v\u00e9nements, salons professionnels et mises \u00e0 jour sur nos syst\u00e8mes et produits. Innovations et activit\u00e9s illustrant notre expertise dans le secteur.","twitter_image":"https:\/\/www.maiteksrl.com\/wp-content\/uploads\/2017\/07\/impianti-per-la-frantumazione-di-inerti-1.jpg","twitter_misc":{"Dur\u00e9e de lecture estim\u00e9e":"1 minute"},"schema":{"@context":"https:\/\/schema.org","@graph":[{"@type":"WebPage","@id":"https:\/\/www.maiteksrl.com\/fr\/actualites\/","url":"https:\/\/www.maiteksrl.com\/fr\/actualites\/","name":"Maitek srl | Actualit\u00e9s - Secteur minier","isPartOf":{"@id":"https:\/\/www.maiteksrl.com\/fr\/#website"},"datePublished":"2017-06-21T09:24:20+00:00","dateModified":"2026-03-30T10:00:21+00:00","description":"Maitek srl | Actualit\u00e9s, \u00e9v\u00e9nements, salons professionnels et mises \u00e0 jour sur nos syst\u00e8mes et produits. Innovations et activit\u00e9s illustrant notre expertise dans le","breadcrumb":{"@id":"https:\/\/www.maiteksrl.com\/fr\/actualites\/#breadcrumb"},"inLanguage":"fr-FR","potentialAction":[{"@type":"ReadAction","target":["https:\/\/www.maiteksrl.com\/fr\/actualites\/"]}]},{"@type":"BreadcrumbList","@id":"https:\/\/www.maiteksrl.com\/fr\/actualites\/#breadcrumb","itemListElement":[{"@type":"ListItem","position":1,"name":"Home","item":"https:\/\/www.maiteksrl.com\/fr\/"},{"@type":"ListItem","position":2,"name":"Actualit\u00e9s"}]},{"@type":"WebSite","@id":"https:\/\/www.maiteksrl.com\/fr\/#website","url":"https:\/\/www.maiteksrl.com\/fr\/","name":"Maitek srl","description":"Impianti per il settore estrattivo: disidratazione fanghi, lavaggio e frantumazione inerti, abbattimento polveri.","potentialAction":[{"@type":"SearchAction","target":{"@type":"EntryPoint","urlTemplate":"https:\/\/www.maiteksrl.com\/fr\/?s={search_term_string}"},"query-input":{"@type":"PropertyValueSpecification","valueRequired":true,"valueName":"search_term_string"}}],"inLanguage":"fr-FR"}]}},"_links":{"self":[{"href":"https:\/\/www.maiteksrl.com\/fr\/wp-json\/wp\/v2\/pages\/1091","targetHints":{"allow":["GET"]}}],"collection":[{"href":"https:\/\/www.maiteksrl.com\/fr\/wp-json\/wp\/v2\/pages"}],"about":[{"href":"https:\/\/www.maiteksrl.com\/fr\/wp-json\/wp\/v2\/types\/page"}],"author":[{"embeddable":true,"href":"https:\/\/www.maiteksrl.com\/fr\/wp-json\/wp\/v2\/users\/3"}],"replies":[{"embeddable":true,"href":"https:\/\/www.maiteksrl.com\/fr\/wp-json\/wp\/v2\/comments?post=1091"}],"version-history":[{"count":2,"href":"https:\/\/www.maiteksrl.com\/fr\/wp-json\/wp\/v2\/pages\/1091\/revisions"}],"predecessor-version":[{"id":8268,"href":"https:\/\/www.maiteksrl.com\/fr\/wp-json\/wp\/v2\/pages\/1091\/revisions\/8268"}],"wp:attachment":[{"href":"https:\/\/www.maiteksrl.com\/fr\/wp-json\/wp\/v2\/media?parent=1091"}],"curies":[{"name":"wp","href":"https:\/\/api.w.org\/{rel}","templated":true}]}}